{"id":57467,"date":"2025-10-28T10:55:30","date_gmt":"2025-10-28T09:55:30","guid":{"rendered":"https:\/\/www.sos-light.ch\/produit\/wall-light-2x6-w-anthracite-ip65\/"},"modified":"2025-10-28T10:55:30","modified_gmt":"2025-10-28T09:55:30","slug":"wall-light-2x6-w-anthracite-ip65","status":"publish","type":"product","link":"https:\/\/www.sos-light.ch\/en\/produit\/wall-light-2x6-w-anthracite-ip65\/","title":{"rendered":"Wall light 2\u00d76 W anthracite IP65"},"content":{"rendered":"<p>Wall-mounted luminaire in cast aluminum, 2\u00d76 W, 3000 K, 960 lm, CRI 80, dimensions 122 \u00d7 107 \u00d7 76 mm, IP65, IK06, integrated COB Cree LEDs, constant current 500 mA, 22 V, integrated driver (Eaglerise), non-dimmable,<\/p>\n","protected":false},"excerpt":{"rendered":"<p>Wall-mounted luminaire in cast aluminum, 2\u00d76 W, 3000 K, 960 lm, CRI 80, dimensions 122 \u00d7 107 \u00d7 76 mm, IP65, IK06, integrated COB Cree LEDs, constant current 500 mA, 22 V, integrated driver (Eaglerise), non-dimmable,<\/p>\n","protected":false},"featured_media":51494,"template":"","meta":{"_acf_changed":false,"_eb_attr":""},"product_brand":[],"product_cat":[4651,4579,1981],"product_tag":[],"class_list":{"0":"post-57467","1":"product","2":"type-product","3":"status-publish","4":"has-post-thumbnail","6":"product_cat-exterior","7":"product_cat-interior","8":"product_cat-non-classe","10":"first","11":"onbackorder","12":"taxable","13":"shipping-taxable","14":"purchasable","15":"product-type-simple"},"acf":[],"yoast_head":"<!-- This site is optimized with the Yoast SEO plugin v27.4 - https:\/\/yoast.com\/product\/yoast-seo-wordpress\/ -->\n<title>Wall light 2\u00d76 W anthracite IP65 - SOS-Light<\/title>\n<meta name=\"robots\" content=\"index, follow, max-snippet:-1, max-image-preview:large, max-video-preview:-1\" \/>\n<link rel=\"canonical\" href=\"https:\/\/www.sos-light.ch\/en\/produit\/wall-light-2x6-w-anthracite-ip65\/\" \/>\n<meta property=\"og:locale\" content=\"en_US\" \/>\n<meta property=\"og:type\" content=\"article\" \/>\n<meta property=\"og:title\" content=\"Wall light 2\u00d76 W anthracite IP65 - SOS-Light\" \/>\n<meta property=\"og:description\" content=\"Wall-mounted luminaire in cast aluminum, 2\u00d76 W, 3000 K, 960 lm, CRI 80, dimensions 122 \u00d7 107 \u00d7 76 mm, IP65, IK06, integrated COB Cree LEDs, constant current 500 mA, 22 V, integrated driver (Eaglerise), non-dimmable,\" \/>\n<meta property=\"og:url\" content=\"https:\/\/www.sos-light.ch\/en\/produit\/wall-light-2x6-w-anthracite-ip65\/\" \/>\n<meta property=\"og:site_name\" content=\"SOS-Light\" \/>\n<meta property=\"og:image\" content=\"https:\/\/www.sos-light.ch\/wp-content\/uploads\/2025\/10\/SOS-67480BANW.png\" \/>\n\t<meta property=\"og:image:width\" content=\"1000\" \/>\n\t<meta property=\"og:image:height\" content=\"1000\" \/>\n\t<meta property=\"og:image:type\" content=\"image\/png\" \/>\n<meta name=\"twitter:card\" content=\"summary_large_image\" \/>\n<script type=\"application\/ld+json\" class=\"yoast-schema-graph\">{\"@context\":\"https:\\\/\\\/schema.org\",\"@graph\":[{\"@type\":\"WebPage\",\"@id\":\"https:\\\/\\\/www.sos-light.ch\\\/en\\\/produit\\\/wall-light-2x6-w-anthracite-ip65\\\/\",\"url\":\"https:\\\/\\\/www.sos-light.ch\\\/en\\\/produit\\\/wall-light-2x6-w-anthracite-ip65\\\/\",\"name\":\"Wall light 2\u00d76 W anthracite IP65 - SOS-Light\",\"isPartOf\":{\"@id\":\"https:\\\/\\\/www.sos-light.ch\\\/en\\\/#website\"},\"primaryImageOfPage\":{\"@id\":\"https:\\\/\\\/www.sos-light.ch\\\/en\\\/produit\\\/wall-light-2x6-w-anthracite-ip65\\\/#primaryimage\"},\"image\":{\"@id\":\"https:\\\/\\\/www.sos-light.ch\\\/en\\\/produit\\\/wall-light-2x6-w-anthracite-ip65\\\/#primaryimage\"},\"thumbnailUrl\":\"https:\\\/\\\/www.sos-light.ch\\\/wp-content\\\/uploads\\\/2025\\\/10\\\/SOS-67480BANW.png\",\"datePublished\":\"2025-10-28T09:55:30+00:00\",\"breadcrumb\":{\"@id\":\"https:\\\/\\\/www.sos-light.ch\\\/en\\\/produit\\\/wall-light-2x6-w-anthracite-ip65\\\/#breadcrumb\"},\"inLanguage\":\"en-US\",\"potentialAction\":[{\"@type\":\"ReadAction\",\"target\":[\"https:\\\/\\\/www.sos-light.ch\\\/en\\\/produit\\\/wall-light-2x6-w-anthracite-ip65\\\/\"]}]},{\"@type\":\"ImageObject\",\"inLanguage\":\"en-US\",\"@id\":\"https:\\\/\\\/www.sos-light.ch\\\/en\\\/produit\\\/wall-light-2x6-w-anthracite-ip65\\\/#primaryimage\",\"url\":\"https:\\\/\\\/www.sos-light.ch\\\/wp-content\\\/uploads\\\/2025\\\/10\\\/SOS-67480BANW.png\",\"contentUrl\":\"https:\\\/\\\/www.sos-light.ch\\\/wp-content\\\/uploads\\\/2025\\\/10\\\/SOS-67480BANW.png\",\"width\":1000,\"height\":1000},{\"@type\":\"BreadcrumbList\",\"@id\":\"https:\\\/\\\/www.sos-light.ch\\\/en\\\/produit\\\/wall-light-2x6-w-anthracite-ip65\\\/#breadcrumb\",\"itemListElement\":[{\"@type\":\"ListItem\",\"position\":1,\"name\":\"Accueil\",\"item\":\"https:\\\/\\\/www.sos-light.ch\\\/en\\\/\"},{\"@type\":\"ListItem\",\"position\":2,\"name\":\"Lighting solutions\",\"item\":\"https:\\\/\\\/www.sos-light.ch\\\/en\\\/lighting-solutions\\\/\"},{\"@type\":\"ListItem\",\"position\":3,\"name\":\"Wall light 2\u00d76 W anthracite IP65\"}]},{\"@type\":\"WebSite\",\"@id\":\"https:\\\/\\\/www.sos-light.ch\\\/en\\\/#website\",\"url\":\"https:\\\/\\\/www.sos-light.ch\\\/en\\\/\",\"name\":\"SOS-Light\",\"description\":\"Solutions d\u2019\u00e9clairages standard et de secours\",\"publisher\":{\"@id\":\"https:\\\/\\\/www.sos-light.ch\\\/en\\\/#organization\"},\"potentialAction\":[{\"@type\":\"SearchAction\",\"target\":{\"@type\":\"EntryPoint\",\"urlTemplate\":\"https:\\\/\\\/www.sos-light.ch\\\/en\\\/?s={search_term_string}\"},\"query-input\":{\"@type\":\"PropertyValueSpecification\",\"valueRequired\":true,\"valueName\":\"search_term_string\"}}],\"inLanguage\":\"en-US\"},{\"@type\":\"Organization\",\"@id\":\"https:\\\/\\\/www.sos-light.ch\\\/en\\\/#organization\",\"name\":\"SOS-Light\",\"url\":\"https:\\\/\\\/www.sos-light.ch\\\/en\\\/\",\"logo\":{\"@type\":\"ImageObject\",\"inLanguage\":\"en-US\",\"@id\":\"https:\\\/\\\/www.sos-light.ch\\\/en\\\/#\\\/schema\\\/logo\\\/image\\\/\",\"url\":\"https:\\\/\\\/www.sos-light.ch\\\/wp-content\\\/uploads\\\/2023\\\/04\\\/cropped-logo-woocommerce.png\",\"contentUrl\":\"https:\\\/\\\/www.sos-light.ch\\\/wp-content\\\/uploads\\\/2023\\\/04\\\/cropped-logo-woocommerce.png\",\"width\":150,\"height\":98,\"caption\":\"SOS-Light\"},\"image\":{\"@id\":\"https:\\\/\\\/www.sos-light.ch\\\/en\\\/#\\\/schema\\\/logo\\\/image\\\/\"}}]}<\/script>\n<!-- \/ Yoast SEO plugin. -->","yoast_head_json":{"title":"Wall light 2\u00d76 W anthracite IP65 - SOS-Light","robots":{"index":"index","follow":"follow","max-snippet":"max-snippet:-1","max-image-preview":"max-image-preview:large","max-video-preview":"max-video-preview:-1"},"canonical":"https:\/\/www.sos-light.ch\/en\/produit\/wall-light-2x6-w-anthracite-ip65\/","og_locale":"en_US","og_type":"article","og_title":"Wall light 2\u00d76 W anthracite IP65 - SOS-Light","og_description":"Wall-mounted luminaire in cast aluminum, 2\u00d76 W, 3000 K, 960 lm, CRI 80, dimensions 122 \u00d7 107 \u00d7 76 mm, IP65, IK06, integrated COB Cree LEDs, constant current 500 mA, 22 V, integrated driver (Eaglerise), non-dimmable,","og_url":"https:\/\/www.sos-light.ch\/en\/produit\/wall-light-2x6-w-anthracite-ip65\/","og_site_name":"SOS-Light","og_image":[{"width":1000,"height":1000,"url":"https:\/\/www.sos-light.ch\/wp-content\/uploads\/2025\/10\/SOS-67480BANW.png","type":"image\/png"}],"twitter_card":"summary_large_image","schema":{"@context":"https:\/\/schema.org","@graph":[{"@type":"WebPage","@id":"https:\/\/www.sos-light.ch\/en\/produit\/wall-light-2x6-w-anthracite-ip65\/","url":"https:\/\/www.sos-light.ch\/en\/produit\/wall-light-2x6-w-anthracite-ip65\/","name":"Wall light 2\u00d76 W anthracite IP65 - SOS-Light","isPartOf":{"@id":"https:\/\/www.sos-light.ch\/en\/#website"},"primaryImageOfPage":{"@id":"https:\/\/www.sos-light.ch\/en\/produit\/wall-light-2x6-w-anthracite-ip65\/#primaryimage"},"image":{"@id":"https:\/\/www.sos-light.ch\/en\/produit\/wall-light-2x6-w-anthracite-ip65\/#primaryimage"},"thumbnailUrl":"https:\/\/www.sos-light.ch\/wp-content\/uploads\/2025\/10\/SOS-67480BANW.png","datePublished":"2025-10-28T09:55:30+00:00","breadcrumb":{"@id":"https:\/\/www.sos-light.ch\/en\/produit\/wall-light-2x6-w-anthracite-ip65\/#breadcrumb"},"inLanguage":"en-US","potentialAction":[{"@type":"ReadAction","target":["https:\/\/www.sos-light.ch\/en\/produit\/wall-light-2x6-w-anthracite-ip65\/"]}]},{"@type":"ImageObject","inLanguage":"en-US","@id":"https:\/\/www.sos-light.ch\/en\/produit\/wall-light-2x6-w-anthracite-ip65\/#primaryimage","url":"https:\/\/www.sos-light.ch\/wp-content\/uploads\/2025\/10\/SOS-67480BANW.png","contentUrl":"https:\/\/www.sos-light.ch\/wp-content\/uploads\/2025\/10\/SOS-67480BANW.png","width":1000,"height":1000},{"@type":"BreadcrumbList","@id":"https:\/\/www.sos-light.ch\/en\/produit\/wall-light-2x6-w-anthracite-ip65\/#breadcrumb","itemListElement":[{"@type":"ListItem","position":1,"name":"Accueil","item":"https:\/\/www.sos-light.ch\/en\/"},{"@type":"ListItem","position":2,"name":"Lighting solutions","item":"https:\/\/www.sos-light.ch\/en\/lighting-solutions\/"},{"@type":"ListItem","position":3,"name":"Wall light 2\u00d76 W anthracite IP65"}]},{"@type":"WebSite","@id":"https:\/\/www.sos-light.ch\/en\/#website","url":"https:\/\/www.sos-light.ch\/en\/","name":"SOS-Light","description":"Solutions d\u2019\u00e9clairages standard et de secours","publisher":{"@id":"https:\/\/www.sos-light.ch\/en\/#organization"},"potentialAction":[{"@type":"SearchAction","target":{"@type":"EntryPoint","urlTemplate":"https:\/\/www.sos-light.ch\/en\/?s={search_term_string}"},"query-input":{"@type":"PropertyValueSpecification","valueRequired":true,"valueName":"search_term_string"}}],"inLanguage":"en-US"},{"@type":"Organization","@id":"https:\/\/www.sos-light.ch\/en\/#organization","name":"SOS-Light","url":"https:\/\/www.sos-light.ch\/en\/","logo":{"@type":"ImageObject","inLanguage":"en-US","@id":"https:\/\/www.sos-light.ch\/en\/#\/schema\/logo\/image\/","url":"https:\/\/www.sos-light.ch\/wp-content\/uploads\/2023\/04\/cropped-logo-woocommerce.png","contentUrl":"https:\/\/www.sos-light.ch\/wp-content\/uploads\/2023\/04\/cropped-logo-woocommerce.png","width":150,"height":98,"caption":"SOS-Light"},"image":{"@id":"https:\/\/www.sos-light.ch\/en\/#\/schema\/logo\/image\/"}}]}},"_links":{"self":[{"href":"https:\/\/www.sos-light.ch\/en\/wp-json\/wp\/v2\/product\/57467","targetHints":{"allow":["GET"]}}],"collection":[{"href":"https:\/\/www.sos-light.ch\/en\/wp-json\/wp\/v2\/product"}],"about":[{"href":"https:\/\/www.sos-light.ch\/en\/wp-json\/wp\/v2\/types\/product"}],"wp:featuredmedia":[{"embeddable":true,"href":"https:\/\/www.sos-light.ch\/en\/wp-json\/wp\/v2\/media\/51494"}],"wp:attachment":[{"href":"https:\/\/www.sos-light.ch\/en\/wp-json\/wp\/v2\/media?parent=57467"}],"wp:term":[{"taxonomy":"product_brand","embeddable":true,"href":"https:\/\/www.sos-light.ch\/en\/wp-json\/wp\/v2\/product_brand?post=57467"},{"taxonomy":"product_cat","embeddable":true,"href":"https:\/\/www.sos-light.ch\/en\/wp-json\/wp\/v2\/product_cat?post=57467"},{"taxonomy":"product_tag","embeddable":true,"href":"https:\/\/www.sos-light.ch\/en\/wp-json\/wp\/v2\/product_tag?post=57467"}],"curies":[{"name":"wp","href":"https:\/\/api.w.org\/{rel}","templated":true}]}}