{"id":51692,"date":"2023-04-13T14:24:06","date_gmt":"2023-04-13T12:24:06","guid":{"rendered":"https:\/\/www.sos-light.ch\/cart\/"},"modified":"2026-04-16T08:38:54","modified_gmt":"2026-04-16T06:38:54","slug":"cart","status":"publish","type":"page","link":"https:\/\/www.sos-light.ch\/en\/cart\/","title":{"rendered":"Cart"},"content":{"rendered":"\t\t<div data-elementor-type=\"wp-page\" data-elementor-id=\"51692\" class=\"elementor elementor-51692 elementor-29144\" data-elementor-post-type=\"page\">\n\t\t\t\t\t\t<section class=\"elementor-section elementor-top-section elementor-element elementor-element-323473f6 elementor-section-boxed elementor-section-height-default elementor-section-height-default\" data-id=\"323473f6\" data-element_type=\"section\" data-e-type=\"section\">\n\t\t\t\t\t\t<div class=\"elementor-container elementor-column-gap-default\">\n\t\t\t\t\t<div class=\"elementor-column elementor-col-100 elementor-top-column elementor-element elementor-element-5858a111\" data-id=\"5858a111\" data-element_type=\"column\" data-e-type=\"column\">\n\t\t\t<div class=\"elementor-widget-wrap elementor-element-populated\">\n\t\t\t\t\t\t<div class=\"elementor-element elementor-element-fa08cdf elementor-widget elementor-widget-heading\" data-id=\"fa08cdf\" data-element_type=\"widget\" data-e-type=\"widget\" data-widget_type=\"heading.default\">\n\t\t\t\t<div class=\"elementor-widget-container\">\n\t\t\t\t\t<h2 class=\"elementor-heading-title elementor-size-default\">Panier<\/h2>\t\t\t\t<\/div>\n\t\t\t\t<\/div>\n\t\t\t\t<div class=\"elementor-element elementor-element-c911465 elementor-widget elementor-widget-text-editor\" data-id=\"c911465\" data-element_type=\"widget\" data-e-type=\"widget\" data-widget_type=\"text-editor.default\">\n\t\t\t\t<div class=\"elementor-widget-container\">\n\t\t\t\t\t\t\t\t\t<p>Les prix vous seront communiqu\u00e9s par nos services suite \u00e0 la r\u00e9ception de votre demande de devis.<\/p>\t\t\t\t\t\t\t\t<\/div>\n\t\t\t\t<\/div>\n\t\t\t\t<div class=\"elementor-element elementor-element-70e11d47 elementor-widget elementor-widget-text-editor\" data-id=\"70e11d47\" data-element_type=\"widget\" data-e-type=\"widget\" data-widget_type=\"text-editor.default\">\n\t\t\t\t<div class=\"elementor-widget-container\">\n\t\t\t\t\t\t\t\t\t\n\n\t\t\t\t\t\t\t\t<\/div>\n\t\t\t\t<\/div>\n\t\t\t\t\t<\/div>\n\t\t<\/div>\n\t\t\t\t\t<\/div>\n\t\t<\/section>\n\t\t\t\t<\/div>\n\t\t","protected":false},"excerpt":{"rendered":"","protected":false},"author":3,"featured_media":0,"parent":0,"menu_order":0,"comment_status":"closed","ping_status":"closed","template":"","meta":{"_acf_changed":false,"_eb_attr":"","footnotes":""},"class_list":["post-51692","page","type-page","status-publish","hentry"],"acf":[],"yoast_head":"<!-- This site is optimized with the Yoast SEO plugin v27.4 - https:\/\/yoast.com\/product\/yoast-seo-wordpress\/ -->\n<title>Cart - SOS-Light<\/title>\n<meta name=\"robots\" content=\"index, follow, max-snippet:-1, max-image-preview:large, max-video-preview:-1\" \/>\n<link rel=\"canonical\" href=\"https:\/\/www.sos-light.ch\/en\/cart\/\" \/>\n<meta property=\"og:locale\" content=\"en_US\" \/>\n<meta property=\"og:type\" content=\"article\" \/>\n<meta property=\"og:title\" content=\"Cart - SOS-Light\" \/>\n<meta property=\"og:url\" content=\"https:\/\/www.sos-light.ch\/en\/cart\/\" \/>\n<meta property=\"og:site_name\" content=\"SOS-Light\" \/>\n<meta property=\"article:modified_time\" content=\"2026-04-16T06:38:54+00:00\" \/>\n<meta name=\"twitter:card\" content=\"summary_large_image\" \/>\n<script type=\"application\/ld+json\" class=\"yoast-schema-graph\">{\"@context\":\"https:\\\/\\\/schema.org\",\"@graph\":[{\"@type\":\"WebPage\",\"@id\":\"https:\\\/\\\/www.sos-light.ch\\\/en\\\/cart\\\/\",\"url\":\"https:\\\/\\\/www.sos-light.ch\\\/en\\\/cart\\\/\",\"name\":\"Cart - SOS-Light\",\"isPartOf\":{\"@id\":\"https:\\\/\\\/www.sos-light.ch\\\/en\\\/#website\"},\"datePublished\":\"2023-04-13T12:24:06+00:00\",\"dateModified\":\"2026-04-16T06:38:54+00:00\",\"breadcrumb\":{\"@id\":\"https:\\\/\\\/www.sos-light.ch\\\/en\\\/cart\\\/#breadcrumb\"},\"inLanguage\":\"en-US\",\"potentialAction\":[{\"@type\":\"ReadAction\",\"target\":[\"https:\\\/\\\/www.sos-light.ch\\\/en\\\/cart\\\/\"]}]},{\"@type\":\"BreadcrumbList\",\"@id\":\"https:\\\/\\\/www.sos-light.ch\\\/en\\\/cart\\\/#breadcrumb\",\"itemListElement\":[{\"@type\":\"ListItem\",\"position\":1,\"name\":\"Accueil\",\"item\":\"https:\\\/\\\/www.sos-light.ch\\\/en\\\/\"},{\"@type\":\"ListItem\",\"position\":2,\"name\":\"Cart\"}]},{\"@type\":\"WebSite\",\"@id\":\"https:\\\/\\\/www.sos-light.ch\\\/en\\\/#website\",\"url\":\"https:\\\/\\\/www.sos-light.ch\\\/en\\\/\",\"name\":\"SOS-Light\",\"description\":\"Solutions d\u2019\u00e9clairages standard et de secours\",\"publisher\":{\"@id\":\"https:\\\/\\\/www.sos-light.ch\\\/en\\\/#organization\"},\"potentialAction\":[{\"@type\":\"SearchAction\",\"target\":{\"@type\":\"EntryPoint\",\"urlTemplate\":\"https:\\\/\\\/www.sos-light.ch\\\/en\\\/?s={search_term_string}\"},\"query-input\":{\"@type\":\"PropertyValueSpecification\",\"valueRequired\":true,\"valueName\":\"search_term_string\"}}],\"inLanguage\":\"en-US\"},{\"@type\":\"Organization\",\"@id\":\"https:\\\/\\\/www.sos-light.ch\\\/en\\\/#organization\",\"name\":\"SOS-Light\",\"url\":\"https:\\\/\\\/www.sos-light.ch\\\/en\\\/\",\"logo\":{\"@type\":\"ImageObject\",\"inLanguage\":\"en-US\",\"@id\":\"https:\\\/\\\/www.sos-light.ch\\\/en\\\/#\\\/schema\\\/logo\\\/image\\\/\",\"url\":\"https:\\\/\\\/www.sos-light.ch\\\/wp-content\\\/uploads\\\/2023\\\/04\\\/cropped-logo-woocommerce.png\",\"contentUrl\":\"https:\\\/\\\/www.sos-light.ch\\\/wp-content\\\/uploads\\\/2023\\\/04\\\/cropped-logo-woocommerce.png\",\"width\":150,\"height\":98,\"caption\":\"SOS-Light\"},\"image\":{\"@id\":\"https:\\\/\\\/www.sos-light.ch\\\/en\\\/#\\\/schema\\\/logo\\\/image\\\/\"}}]}<\/script>\n<!-- \/ Yoast SEO plugin. -->","yoast_head_json":{"title":"Cart - SOS-Light","robots":{"index":"index","follow":"follow","max-snippet":"max-snippet:-1","max-image-preview":"max-image-preview:large","max-video-preview":"max-video-preview:-1"},"canonical":"https:\/\/www.sos-light.ch\/en\/cart\/","og_locale":"en_US","og_type":"article","og_title":"Cart - SOS-Light","og_url":"https:\/\/www.sos-light.ch\/en\/cart\/","og_site_name":"SOS-Light","article_modified_time":"2026-04-16T06:38:54+00:00","twitter_card":"summary_large_image","schema":{"@context":"https:\/\/schema.org","@graph":[{"@type":"WebPage","@id":"https:\/\/www.sos-light.ch\/en\/cart\/","url":"https:\/\/www.sos-light.ch\/en\/cart\/","name":"Cart - SOS-Light","isPartOf":{"@id":"https:\/\/www.sos-light.ch\/en\/#website"},"datePublished":"2023-04-13T12:24:06+00:00","dateModified":"2026-04-16T06:38:54+00:00","breadcrumb":{"@id":"https:\/\/www.sos-light.ch\/en\/cart\/#breadcrumb"},"inLanguage":"en-US","potentialAction":[{"@type":"ReadAction","target":["https:\/\/www.sos-light.ch\/en\/cart\/"]}]},{"@type":"BreadcrumbList","@id":"https:\/\/www.sos-light.ch\/en\/cart\/#breadcrumb","itemListElement":[{"@type":"ListItem","position":1,"name":"Accueil","item":"https:\/\/www.sos-light.ch\/en\/"},{"@type":"ListItem","position":2,"name":"Cart"}]},{"@type":"WebSite","@id":"https:\/\/www.sos-light.ch\/en\/#website","url":"https:\/\/www.sos-light.ch\/en\/","name":"SOS-Light","description":"Solutions d\u2019\u00e9clairages standard et de secours","publisher":{"@id":"https:\/\/www.sos-light.ch\/en\/#organization"},"potentialAction":[{"@type":"SearchAction","target":{"@type":"EntryPoint","urlTemplate":"https:\/\/www.sos-light.ch\/en\/?s={search_term_string}"},"query-input":{"@type":"PropertyValueSpecification","valueRequired":true,"valueName":"search_term_string"}}],"inLanguage":"en-US"},{"@type":"Organization","@id":"https:\/\/www.sos-light.ch\/en\/#organization","name":"SOS-Light","url":"https:\/\/www.sos-light.ch\/en\/","logo":{"@type":"ImageObject","inLanguage":"en-US","@id":"https:\/\/www.sos-light.ch\/en\/#\/schema\/logo\/image\/","url":"https:\/\/www.sos-light.ch\/wp-content\/uploads\/2023\/04\/cropped-logo-woocommerce.png","contentUrl":"https:\/\/www.sos-light.ch\/wp-content\/uploads\/2023\/04\/cropped-logo-woocommerce.png","width":150,"height":98,"caption":"SOS-Light"},"image":{"@id":"https:\/\/www.sos-light.ch\/en\/#\/schema\/logo\/image\/"}}]}},"_links":{"self":[{"href":"https:\/\/www.sos-light.ch\/en\/wp-json\/wp\/v2\/pages\/51692","targetHints":{"allow":["GET"]}}],"collection":[{"href":"https:\/\/www.sos-light.ch\/en\/wp-json\/wp\/v2\/pages"}],"about":[{"href":"https:\/\/www.sos-light.ch\/en\/wp-json\/wp\/v2\/types\/page"}],"author":[{"embeddable":true,"href":"https:\/\/www.sos-light.ch\/en\/wp-json\/wp\/v2\/users\/3"}],"replies":[{"embeddable":true,"href":"https:\/\/www.sos-light.ch\/en\/wp-json\/wp\/v2\/comments?post=51692"}],"version-history":[{"count":1,"href":"https:\/\/www.sos-light.ch\/en\/wp-json\/wp\/v2\/pages\/51692\/revisions"}],"predecessor-version":[{"id":51699,"href":"https:\/\/www.sos-light.ch\/en\/wp-json\/wp\/v2\/pages\/51692\/revisions\/51699"}],"wp:attachment":[{"href":"https:\/\/www.sos-light.ch\/en\/wp-json\/wp\/v2\/media?parent=51692"}],"curies":[{"name":"wp","href":"https:\/\/api.w.org\/{rel}","templated":true}]}}