{"id":60685,"date":"2025-04-14T13:10:35","date_gmt":"2025-04-14T11:10:35","guid":{"rendered":"https:\/\/www.sos-light.ch\/produit\/altura-drive\/"},"modified":"2025-04-14T13:10:35","modified_gmt":"2025-04-14T11:10:35","slug":"altura-drive","status":"publish","type":"product","link":"https:\/\/www.sos-light.ch\/de\/produit\/altura-drive\/","title":{"rendered":"Altura Drive"},"content":{"rendered":"<p>Die Abmessungen betragen 235 mm in der L\u00e4nge, 145 mm in der Breite und 117,4 mm in der H\u00f6he. Die empfohlene Ausschnittgr\u00f6\u00dfe betr\u00e4gt 220 mm mal 130 mm. Die verf\u00fcgbare Leistung liegt zwischen 32 W und 42 W, bei einer Nenn-Eingangsspannung von 230 V Wechselstrom (AC230V) und einer Eingangsspannung von 220\u2013240 V Wechselstrom (AC220\u2013240V). Das LED-Modul arbeitet mit einer Gleichspannung von 33\u201338 V (DC33\u201338 V). Die Lichtquelle ist vom Typ SMD mit einer Farbabweichung (SDCM) von weniger als 6.    <\/p>\n<p>Die Farbtemperatur (CCT) ist in mehreren Optionen verf\u00fcgbar: Eine 1-CCT-Option bietet Temperaturen von 3000 K, 4000 K, 5000 K und 5700 K, w\u00e4hrend eine 3-CCT-Option die Auswahl zwischen 3000 K, 4000 K und 5700 K \u00fcber einen DIP-Schalter erm\u00f6glicht. Der Lichtstrom variiert je nach Modell leicht: Bei den Nicht-DIM-Versionen mit 1-CCT liegt er zwischen 2750 und 5100 Lumen, w\u00e4hrend er bei den DIM-Versionen zwischen 2700 und 5100 Lumen schwankt. Bei den 3-CCT-Modellen liegt der Lichtstrom bei den Nicht-DIM-Versionen zwischen 2620 und 5000 Lumen und bei den DIM-Versionen zwischen 2600 und 5000 Lumen.  <\/p>\n<p>Der Farbwiedergabeindex (CRI) betr\u00e4gt mindestens 80, bei einem Abstrahlwinkel von 70\u00b0 f\u00fcr das Modell RD07A und 100\u00b0 f\u00fcr das Modell RD07B. Der Blendindex (UGR) ist nicht angegeben. Der LED-Treiber ist integriert, mit Dimmoptionen wie Triac, DALI und 0-10 V. Das Produkt enth\u00e4lt weder einen Sensor noch Notlicht-Kits. Es geh\u00f6rt zur elektrischen Schutzklasse II und verf\u00fcgt \u00fcber die Schutzart IP20 (mit Treiber) oder IP65 (ohne Treiber). Die Schlagfestigkeit (IK) ist nicht angegeben.     <\/p>\n<p>Die Oberfl\u00e4che des Produkts ist in Wei\u00df (RAL 9016) gehalten, wobei die optischen Komponenten beim Modell RD07A aus PC und beim Modell RD07B aus Aluminium bestehen. Das Geh\u00e4use besteht aus Polycarbonat und Aluminium. Die gesch\u00e4tzte Lebensdauer betr\u00e4gt 50.000 Stunden, und das Produkt besteht den Gl\u00fchdrahttest bei 750 \u00b0C. Die Betriebstemperatur liegt zwischen -20 \u00b0C und 45 \u00b0C, die Lagertemperatur zwischen -20 \u00b0C und 65 \u00b0C. Die Installation erfolgt als Einbauleuchte.    <\/p>\n","protected":false},"excerpt":{"rendered":"<p>Die Abmessungen betragen 235 mm in der L\u00e4nge, 145 mm in der Breite und 117,4 mm in der H\u00f6he. Die empfohlene Ausschnittgr\u00f6\u00dfe betr\u00e4gt 220 mm mal 130 mm. Die verf\u00fcgbare Leistung liegt zwischen 32 W und 42 W, bei einer Nenn-Eingangsspannung von 230 V Wechselstrom (AC230V) und einer Eingangsspannung von 220\u2013240 V Wechselstrom (AC220\u2013240V). Das [&hellip;]<\/p>\n","protected":false},"featured_media":49638,"template":"","meta":{"_acf_changed":false,"_eb_attr":""},"product_brand":[],"product_cat":[4641,4567,1982],"product_tag":[],"class_list":{"0":"post-60685","1":"product","2":"type-product","3":"status-publish","4":"has-post-thumbnail","6":"product_cat-ausenseite","7":"product_cat-innenseite","8":"product_cat-unkategorisiert","10":"first","11":"onbackorder","12":"taxable","13":"shipping-taxable","14":"purchasable","15":"product-type-simple"},"acf":[],"yoast_head":"<!-- This site is optimized with the Yoast SEO plugin v27.4 - https:\/\/yoast.com\/product\/yoast-seo-wordpress\/ -->\n<title>Altura Drive - SOS-Light<\/title>\n<meta name=\"robots\" content=\"index, follow, max-snippet:-1, max-image-preview:large, max-video-preview:-1\" \/>\n<link rel=\"canonical\" href=\"https:\/\/www.sos-light.ch\/de\/produit\/altura-drive\/\" \/>\n<meta property=\"og:locale\" content=\"de_DE\" \/>\n<meta property=\"og:type\" content=\"article\" \/>\n<meta property=\"og:title\" content=\"Altura Drive - SOS-Light\" \/>\n<meta property=\"og:description\" content=\"Die Abmessungen betragen 235 mm in der L\u00e4nge, 145 mm in der Breite und 117,4 mm in der H\u00f6he. Die empfohlene Ausschnittgr\u00f6\u00dfe betr\u00e4gt 220 mm mal 130 mm. Die verf\u00fcgbare Leistung liegt zwischen 32 W und 42 W, bei einer Nenn-Eingangsspannung von 230 V Wechselstrom (AC230V) und einer Eingangsspannung von 220\u2013240 V Wechselstrom (AC220\u2013240V). Das [&hellip;]\" \/>\n<meta property=\"og:url\" content=\"https:\/\/www.sos-light.ch\/de\/produit\/altura-drive\/\" \/>\n<meta property=\"og:site_name\" content=\"SOS-Light\" \/>\n<meta property=\"og:image\" content=\"https:\/\/www.sos-light.ch\/wp-content\/uploads\/2025\/04\/Altura-Drive.png\" \/>\n\t<meta property=\"og:image:width\" content=\"1000\" \/>\n\t<meta property=\"og:image:height\" content=\"1000\" \/>\n\t<meta property=\"og:image:type\" content=\"image\/png\" \/>\n<meta name=\"twitter:card\" content=\"summary_large_image\" \/>\n<meta name=\"twitter:label1\" content=\"Gesch\u00e4tzte Lesezeit\" \/>\n\t<meta name=\"twitter:data1\" content=\"2\u00a0Minuten\" \/>\n<script type=\"application\/ld+json\" class=\"yoast-schema-graph\">{\"@context\":\"https:\\\/\\\/schema.org\",\"@graph\":[{\"@type\":\"WebPage\",\"@id\":\"https:\\\/\\\/www.sos-light.ch\\\/de\\\/produit\\\/altura-drive\\\/\",\"url\":\"https:\\\/\\\/www.sos-light.ch\\\/de\\\/produit\\\/altura-drive\\\/\",\"name\":\"Altura Drive - SOS-Light\",\"isPartOf\":{\"@id\":\"https:\\\/\\\/www.sos-light.ch\\\/de\\\/#website\"},\"primaryImageOfPage\":{\"@id\":\"https:\\\/\\\/www.sos-light.ch\\\/de\\\/produit\\\/altura-drive\\\/#primaryimage\"},\"image\":{\"@id\":\"https:\\\/\\\/www.sos-light.ch\\\/de\\\/produit\\\/altura-drive\\\/#primaryimage\"},\"thumbnailUrl\":\"https:\\\/\\\/www.sos-light.ch\\\/wp-content\\\/uploads\\\/2025\\\/04\\\/Altura-Drive.png\",\"datePublished\":\"2025-04-14T11:10:35+00:00\",\"breadcrumb\":{\"@id\":\"https:\\\/\\\/www.sos-light.ch\\\/de\\\/produit\\\/altura-drive\\\/#breadcrumb\"},\"inLanguage\":\"de\",\"potentialAction\":[{\"@type\":\"ReadAction\",\"target\":[\"https:\\\/\\\/www.sos-light.ch\\\/de\\\/produit\\\/altura-drive\\\/\"]}]},{\"@type\":\"ImageObject\",\"inLanguage\":\"de\",\"@id\":\"https:\\\/\\\/www.sos-light.ch\\\/de\\\/produit\\\/altura-drive\\\/#primaryimage\",\"url\":\"https:\\\/\\\/www.sos-light.ch\\\/wp-content\\\/uploads\\\/2025\\\/04\\\/Altura-Drive.png\",\"contentUrl\":\"https:\\\/\\\/www.sos-light.ch\\\/wp-content\\\/uploads\\\/2025\\\/04\\\/Altura-Drive.png\",\"width\":1000,\"height\":1000},{\"@type\":\"BreadcrumbList\",\"@id\":\"https:\\\/\\\/www.sos-light.ch\\\/de\\\/produit\\\/altura-drive\\\/#breadcrumb\",\"itemListElement\":[{\"@type\":\"ListItem\",\"position\":1,\"name\":\"Accueil\",\"item\":\"https:\\\/\\\/www.sos-light.ch\\\/de\\\/\"},{\"@type\":\"ListItem\",\"position\":2,\"name\":\"Beleuchtungsl\u00f6sungen\",\"item\":\"https:\\\/\\\/www.sos-light.ch\\\/de\\\/beleuchtungsloesungen\\\/\"},{\"@type\":\"ListItem\",\"position\":3,\"name\":\"Altura Drive\"}]},{\"@type\":\"WebSite\",\"@id\":\"https:\\\/\\\/www.sos-light.ch\\\/de\\\/#website\",\"url\":\"https:\\\/\\\/www.sos-light.ch\\\/de\\\/\",\"name\":\"SOS-Light\",\"description\":\"Solutions d\u2019\u00e9clairages standard et de secours\",\"publisher\":{\"@id\":\"https:\\\/\\\/www.sos-light.ch\\\/de\\\/#organization\"},\"potentialAction\":[{\"@type\":\"SearchAction\",\"target\":{\"@type\":\"EntryPoint\",\"urlTemplate\":\"https:\\\/\\\/www.sos-light.ch\\\/de\\\/?s={search_term_string}\"},\"query-input\":{\"@type\":\"PropertyValueSpecification\",\"valueRequired\":true,\"valueName\":\"search_term_string\"}}],\"inLanguage\":\"de\"},{\"@type\":\"Organization\",\"@id\":\"https:\\\/\\\/www.sos-light.ch\\\/de\\\/#organization\",\"name\":\"SOS-Light\",\"url\":\"https:\\\/\\\/www.sos-light.ch\\\/de\\\/\",\"logo\":{\"@type\":\"ImageObject\",\"inLanguage\":\"de\",\"@id\":\"https:\\\/\\\/www.sos-light.ch\\\/de\\\/#\\\/schema\\\/logo\\\/image\\\/\",\"url\":\"https:\\\/\\\/www.sos-light.ch\\\/wp-content\\\/uploads\\\/2023\\\/04\\\/cropped-logo-woocommerce.png\",\"contentUrl\":\"https:\\\/\\\/www.sos-light.ch\\\/wp-content\\\/uploads\\\/2023\\\/04\\\/cropped-logo-woocommerce.png\",\"width\":150,\"height\":98,\"caption\":\"SOS-Light\"},\"image\":{\"@id\":\"https:\\\/\\\/www.sos-light.ch\\\/de\\\/#\\\/schema\\\/logo\\\/image\\\/\"}}]}<\/script>\n<!-- \/ Yoast SEO plugin. -->","yoast_head_json":{"title":"Altura Drive - SOS-Light","robots":{"index":"index","follow":"follow","max-snippet":"max-snippet:-1","max-image-preview":"max-image-preview:large","max-video-preview":"max-video-preview:-1"},"canonical":"https:\/\/www.sos-light.ch\/de\/produit\/altura-drive\/","og_locale":"de_DE","og_type":"article","og_title":"Altura Drive - SOS-Light","og_description":"Die Abmessungen betragen 235 mm in der L\u00e4nge, 145 mm in der Breite und 117,4 mm in der H\u00f6he. Die empfohlene Ausschnittgr\u00f6\u00dfe betr\u00e4gt 220 mm mal 130 mm. Die verf\u00fcgbare Leistung liegt zwischen 32 W und 42 W, bei einer Nenn-Eingangsspannung von 230 V Wechselstrom (AC230V) und einer Eingangsspannung von 220\u2013240 V Wechselstrom (AC220\u2013240V). Das [&hellip;]","og_url":"https:\/\/www.sos-light.ch\/de\/produit\/altura-drive\/","og_site_name":"SOS-Light","og_image":[{"width":1000,"height":1000,"url":"https:\/\/www.sos-light.ch\/wp-content\/uploads\/2025\/04\/Altura-Drive.png","type":"image\/png"}],"twitter_card":"summary_large_image","twitter_misc":{"Gesch\u00e4tzte Lesezeit":"2\u00a0Minuten"},"schema":{"@context":"https:\/\/schema.org","@graph":[{"@type":"WebPage","@id":"https:\/\/www.sos-light.ch\/de\/produit\/altura-drive\/","url":"https:\/\/www.sos-light.ch\/de\/produit\/altura-drive\/","name":"Altura Drive - SOS-Light","isPartOf":{"@id":"https:\/\/www.sos-light.ch\/de\/#website"},"primaryImageOfPage":{"@id":"https:\/\/www.sos-light.ch\/de\/produit\/altura-drive\/#primaryimage"},"image":{"@id":"https:\/\/www.sos-light.ch\/de\/produit\/altura-drive\/#primaryimage"},"thumbnailUrl":"https:\/\/www.sos-light.ch\/wp-content\/uploads\/2025\/04\/Altura-Drive.png","datePublished":"2025-04-14T11:10:35+00:00","breadcrumb":{"@id":"https:\/\/www.sos-light.ch\/de\/produit\/altura-drive\/#breadcrumb"},"inLanguage":"de","potentialAction":[{"@type":"ReadAction","target":["https:\/\/www.sos-light.ch\/de\/produit\/altura-drive\/"]}]},{"@type":"ImageObject","inLanguage":"de","@id":"https:\/\/www.sos-light.ch\/de\/produit\/altura-drive\/#primaryimage","url":"https:\/\/www.sos-light.ch\/wp-content\/uploads\/2025\/04\/Altura-Drive.png","contentUrl":"https:\/\/www.sos-light.ch\/wp-content\/uploads\/2025\/04\/Altura-Drive.png","width":1000,"height":1000},{"@type":"BreadcrumbList","@id":"https:\/\/www.sos-light.ch\/de\/produit\/altura-drive\/#breadcrumb","itemListElement":[{"@type":"ListItem","position":1,"name":"Accueil","item":"https:\/\/www.sos-light.ch\/de\/"},{"@type":"ListItem","position":2,"name":"Beleuchtungsl\u00f6sungen","item":"https:\/\/www.sos-light.ch\/de\/beleuchtungsloesungen\/"},{"@type":"ListItem","position":3,"name":"Altura Drive"}]},{"@type":"WebSite","@id":"https:\/\/www.sos-light.ch\/de\/#website","url":"https:\/\/www.sos-light.ch\/de\/","name":"SOS-Light","description":"Solutions d\u2019\u00e9clairages standard et de secours","publisher":{"@id":"https:\/\/www.sos-light.ch\/de\/#organization"},"potentialAction":[{"@type":"SearchAction","target":{"@type":"EntryPoint","urlTemplate":"https:\/\/www.sos-light.ch\/de\/?s={search_term_string}"},"query-input":{"@type":"PropertyValueSpecification","valueRequired":true,"valueName":"search_term_string"}}],"inLanguage":"de"},{"@type":"Organization","@id":"https:\/\/www.sos-light.ch\/de\/#organization","name":"SOS-Light","url":"https:\/\/www.sos-light.ch\/de\/","logo":{"@type":"ImageObject","inLanguage":"de","@id":"https:\/\/www.sos-light.ch\/de\/#\/schema\/logo\/image\/","url":"https:\/\/www.sos-light.ch\/wp-content\/uploads\/2023\/04\/cropped-logo-woocommerce.png","contentUrl":"https:\/\/www.sos-light.ch\/wp-content\/uploads\/2023\/04\/cropped-logo-woocommerce.png","width":150,"height":98,"caption":"SOS-Light"},"image":{"@id":"https:\/\/www.sos-light.ch\/de\/#\/schema\/logo\/image\/"}}]}},"_links":{"self":[{"href":"https:\/\/www.sos-light.ch\/de\/wp-json\/wp\/v2\/product\/60685","targetHints":{"allow":["GET"]}}],"collection":[{"href":"https:\/\/www.sos-light.ch\/de\/wp-json\/wp\/v2\/product"}],"about":[{"href":"https:\/\/www.sos-light.ch\/de\/wp-json\/wp\/v2\/types\/product"}],"wp:featuredmedia":[{"embeddable":true,"href":"https:\/\/www.sos-light.ch\/de\/wp-json\/wp\/v2\/media\/49638"}],"wp:attachment":[{"href":"https:\/\/www.sos-light.ch\/de\/wp-json\/wp\/v2\/media?parent=60685"}],"wp:term":[{"taxonomy":"product_brand","embeddable":true,"href":"https:\/\/www.sos-light.ch\/de\/wp-json\/wp\/v2\/product_brand?post=60685"},{"taxonomy":"product_cat","embeddable":true,"href":"https:\/\/www.sos-light.ch\/de\/wp-json\/wp\/v2\/product_cat?post=60685"},{"taxonomy":"product_tag","embeddable":true,"href":"https:\/\/www.sos-light.ch\/de\/wp-json\/wp\/v2\/product_tag?post=60685"}],"curies":[{"name":"wp","href":"https:\/\/api.w.org\/{rel}","templated":true}]}}