{"id":59831,"date":"2025-09-09T11:32:11","date_gmt":"2025-09-09T09:32:11","guid":{"rendered":"https:\/\/www.sos-light.ch\/produit\/brighton-lineare-led-leuchte\/"},"modified":"2025-09-09T11:32:11","modified_gmt":"2025-09-09T09:32:11","slug":"brighton-lineare-led-leuchte","status":"publish","type":"product","link":"https:\/\/www.sos-light.ch\/de\/produit\/brighton-lineare-led-leuchte\/","title":{"rendered":"Brighton \u2013 Lineare LED-Leuchte"},"content":{"rendered":"<p>LED-Lichtband, 1500 \u00d7 120 \u00d7 59 mm, w\u00e4hlbare Leistung: 35 W \/ 40 W \/ 45 W \/ 50 W. Lichtstrom: 4600\u20134900 lm (35 W), 5000\u20135400 lm (40 W), 5700\u20136100 lm (45 W), 6200\u20136600 lm (50 W). Abstrahlwinkel 80\u00b0, UGR&lt; 1 &gt;19, 2CCT 3000K\/4000K, CRI&lt; 2 &gt;80, 2835 SMD. AC200\u2013240 V, IP20, flimmerfreier Treiber. Wei\u00dfe Ausf\u00fchrung mit wei\u00dfem Reflektor. Lieferung inklusive Zubeh\u00f6r.&lt;&gt;    <\/p>\n","protected":false},"excerpt":{"rendered":"<p>LED-Lichtband, 1500 \u00d7 120 \u00d7 59 mm, w\u00e4hlbare Leistung: 35 W \/ 40 W \/ 45 W \/ 50 W. Lichtstrom: 4600\u20134900 lm (35 W), 5000\u20135400 lm (40 W), 5700\u20136100 lm (45 W), 6200\u20136600 lm (50 W). Abstrahlwinkel 80\u00b0, UGR&lt; 1 &gt;19, 2CCT 3000K\/4000K, CRI&lt; 2 &gt;80, 2835 SMD. AC200\u2013240 V, IP20, flimmerfreier Treiber. Wei\u00dfe [&hellip;]<\/p>\n","protected":false},"featured_media":50509,"template":"","meta":{"_acf_changed":false,"_eb_attr":""},"product_brand":[],"product_cat":[4567,1982],"product_tag":[],"class_list":{"0":"post-59831","1":"product","2":"type-product","3":"status-publish","4":"has-post-thumbnail","6":"product_cat-innenseite","7":"product_cat-unkategorisiert","9":"first","10":"instock","11":"taxable","12":"shipping-taxable","13":"purchasable","14":"product-type-simple"},"acf":[],"yoast_head":"<!-- This site is optimized with the Yoast SEO plugin v27.4 - https:\/\/yoast.com\/product\/yoast-seo-wordpress\/ -->\n<title>Brighton \u2013 Lineare LED-Leuchte - SOS-Light<\/title>\n<meta name=\"robots\" content=\"index, follow, max-snippet:-1, max-image-preview:large, max-video-preview:-1\" \/>\n<link rel=\"canonical\" href=\"https:\/\/www.sos-light.ch\/de\/produit\/brighton-lineare-led-leuchte\/\" \/>\n<meta property=\"og:locale\" content=\"de_DE\" \/>\n<meta property=\"og:type\" content=\"article\" \/>\n<meta property=\"og:title\" content=\"Brighton \u2013 Lineare LED-Leuchte - SOS-Light\" \/>\n<meta property=\"og:description\" content=\"LED-Lichtband, 1500 \u00d7 120 \u00d7 59 mm, w\u00e4hlbare Leistung: 35 W \/ 40 W \/ 45 W \/ 50 W. Lichtstrom: 4600\u20134900 lm (35 W), 5000\u20135400 lm (40 W), 5700\u20136100 lm (45 W), 6200\u20136600 lm (50 W). Abstrahlwinkel 80\u00b0, UGR&lt; 1 &gt;19, 2CCT 3000K\/4000K, CRI&lt; 2 &gt;80, 2835 SMD. AC200\u2013240 V, IP20, flimmerfreier Treiber. Wei\u00dfe [&hellip;]\" \/>\n<meta property=\"og:url\" content=\"https:\/\/www.sos-light.ch\/de\/produit\/brighton-lineare-led-leuchte\/\" \/>\n<meta property=\"og:site_name\" content=\"SOS-Light\" \/>\n<meta property=\"og:image\" content=\"https:\/\/www.sos-light.ch\/wp-content\/uploads\/2025\/09\/Brighton-Lineaire-LED.png\" \/>\n\t<meta property=\"og:image:width\" content=\"1000\" \/>\n\t<meta property=\"og:image:height\" content=\"1000\" \/>\n\t<meta property=\"og:image:type\" content=\"image\/png\" \/>\n<meta name=\"twitter:card\" content=\"summary_large_image\" \/>\n<script type=\"application\/ld+json\" class=\"yoast-schema-graph\">{\"@context\":\"https:\\\/\\\/schema.org\",\"@graph\":[{\"@type\":\"WebPage\",\"@id\":\"https:\\\/\\\/www.sos-light.ch\\\/de\\\/produit\\\/brighton-lineare-led-leuchte\\\/\",\"url\":\"https:\\\/\\\/www.sos-light.ch\\\/de\\\/produit\\\/brighton-lineare-led-leuchte\\\/\",\"name\":\"Brighton \u2013 Lineare LED-Leuchte - SOS-Light\",\"isPartOf\":{\"@id\":\"https:\\\/\\\/www.sos-light.ch\\\/de\\\/#website\"},\"primaryImageOfPage\":{\"@id\":\"https:\\\/\\\/www.sos-light.ch\\\/de\\\/produit\\\/brighton-lineare-led-leuchte\\\/#primaryimage\"},\"image\":{\"@id\":\"https:\\\/\\\/www.sos-light.ch\\\/de\\\/produit\\\/brighton-lineare-led-leuchte\\\/#primaryimage\"},\"thumbnailUrl\":\"https:\\\/\\\/www.sos-light.ch\\\/wp-content\\\/uploads\\\/2025\\\/09\\\/Brighton-Lineaire-LED.png\",\"datePublished\":\"2025-09-09T09:32:11+00:00\",\"breadcrumb\":{\"@id\":\"https:\\\/\\\/www.sos-light.ch\\\/de\\\/produit\\\/brighton-lineare-led-leuchte\\\/#breadcrumb\"},\"inLanguage\":\"de\",\"potentialAction\":[{\"@type\":\"ReadAction\",\"target\":[\"https:\\\/\\\/www.sos-light.ch\\\/de\\\/produit\\\/brighton-lineare-led-leuchte\\\/\"]}]},{\"@type\":\"ImageObject\",\"inLanguage\":\"de\",\"@id\":\"https:\\\/\\\/www.sos-light.ch\\\/de\\\/produit\\\/brighton-lineare-led-leuchte\\\/#primaryimage\",\"url\":\"https:\\\/\\\/www.sos-light.ch\\\/wp-content\\\/uploads\\\/2025\\\/09\\\/Brighton-Lineaire-LED.png\",\"contentUrl\":\"https:\\\/\\\/www.sos-light.ch\\\/wp-content\\\/uploads\\\/2025\\\/09\\\/Brighton-Lineaire-LED.png\",\"width\":1000,\"height\":1000},{\"@type\":\"BreadcrumbList\",\"@id\":\"https:\\\/\\\/www.sos-light.ch\\\/de\\\/produit\\\/brighton-lineare-led-leuchte\\\/#breadcrumb\",\"itemListElement\":[{\"@type\":\"ListItem\",\"position\":1,\"name\":\"Accueil\",\"item\":\"https:\\\/\\\/www.sos-light.ch\\\/de\\\/\"},{\"@type\":\"ListItem\",\"position\":2,\"name\":\"Beleuchtungsl\u00f6sungen\",\"item\":\"https:\\\/\\\/www.sos-light.ch\\\/de\\\/beleuchtungsloesungen\\\/\"},{\"@type\":\"ListItem\",\"position\":3,\"name\":\"Brighton \u2013 Lineare LED-Leuchte\"}]},{\"@type\":\"WebSite\",\"@id\":\"https:\\\/\\\/www.sos-light.ch\\\/de\\\/#website\",\"url\":\"https:\\\/\\\/www.sos-light.ch\\\/de\\\/\",\"name\":\"SOS-Light\",\"description\":\"Solutions d\u2019\u00e9clairages standard et de secours\",\"publisher\":{\"@id\":\"https:\\\/\\\/www.sos-light.ch\\\/de\\\/#organization\"},\"potentialAction\":[{\"@type\":\"SearchAction\",\"target\":{\"@type\":\"EntryPoint\",\"urlTemplate\":\"https:\\\/\\\/www.sos-light.ch\\\/de\\\/?s={search_term_string}\"},\"query-input\":{\"@type\":\"PropertyValueSpecification\",\"valueRequired\":true,\"valueName\":\"search_term_string\"}}],\"inLanguage\":\"de\"},{\"@type\":\"Organization\",\"@id\":\"https:\\\/\\\/www.sos-light.ch\\\/de\\\/#organization\",\"name\":\"SOS-Light\",\"url\":\"https:\\\/\\\/www.sos-light.ch\\\/de\\\/\",\"logo\":{\"@type\":\"ImageObject\",\"inLanguage\":\"de\",\"@id\":\"https:\\\/\\\/www.sos-light.ch\\\/de\\\/#\\\/schema\\\/logo\\\/image\\\/\",\"url\":\"https:\\\/\\\/www.sos-light.ch\\\/wp-content\\\/uploads\\\/2023\\\/04\\\/cropped-logo-woocommerce.png\",\"contentUrl\":\"https:\\\/\\\/www.sos-light.ch\\\/wp-content\\\/uploads\\\/2023\\\/04\\\/cropped-logo-woocommerce.png\",\"width\":150,\"height\":98,\"caption\":\"SOS-Light\"},\"image\":{\"@id\":\"https:\\\/\\\/www.sos-light.ch\\\/de\\\/#\\\/schema\\\/logo\\\/image\\\/\"}}]}<\/script>\n<!-- \/ Yoast SEO plugin. -->","yoast_head_json":{"title":"Brighton \u2013 Lineare LED-Leuchte - SOS-Light","robots":{"index":"index","follow":"follow","max-snippet":"max-snippet:-1","max-image-preview":"max-image-preview:large","max-video-preview":"max-video-preview:-1"},"canonical":"https:\/\/www.sos-light.ch\/de\/produit\/brighton-lineare-led-leuchte\/","og_locale":"de_DE","og_type":"article","og_title":"Brighton \u2013 Lineare LED-Leuchte - SOS-Light","og_description":"LED-Lichtband, 1500 \u00d7 120 \u00d7 59 mm, w\u00e4hlbare Leistung: 35 W \/ 40 W \/ 45 W \/ 50 W. Lichtstrom: 4600\u20134900 lm (35 W), 5000\u20135400 lm (40 W), 5700\u20136100 lm (45 W), 6200\u20136600 lm (50 W). Abstrahlwinkel 80\u00b0, UGR&lt; 1 &gt;19, 2CCT 3000K\/4000K, CRI&lt; 2 &gt;80, 2835 SMD. AC200\u2013240 V, IP20, flimmerfreier Treiber. Wei\u00dfe [&hellip;]","og_url":"https:\/\/www.sos-light.ch\/de\/produit\/brighton-lineare-led-leuchte\/","og_site_name":"SOS-Light","og_image":[{"width":1000,"height":1000,"url":"https:\/\/www.sos-light.ch\/wp-content\/uploads\/2025\/09\/Brighton-Lineaire-LED.png","type":"image\/png"}],"twitter_card":"summary_large_image","schema":{"@context":"https:\/\/schema.org","@graph":[{"@type":"WebPage","@id":"https:\/\/www.sos-light.ch\/de\/produit\/brighton-lineare-led-leuchte\/","url":"https:\/\/www.sos-light.ch\/de\/produit\/brighton-lineare-led-leuchte\/","name":"Brighton \u2013 Lineare LED-Leuchte - SOS-Light","isPartOf":{"@id":"https:\/\/www.sos-light.ch\/de\/#website"},"primaryImageOfPage":{"@id":"https:\/\/www.sos-light.ch\/de\/produit\/brighton-lineare-led-leuchte\/#primaryimage"},"image":{"@id":"https:\/\/www.sos-light.ch\/de\/produit\/brighton-lineare-led-leuchte\/#primaryimage"},"thumbnailUrl":"https:\/\/www.sos-light.ch\/wp-content\/uploads\/2025\/09\/Brighton-Lineaire-LED.png","datePublished":"2025-09-09T09:32:11+00:00","breadcrumb":{"@id":"https:\/\/www.sos-light.ch\/de\/produit\/brighton-lineare-led-leuchte\/#breadcrumb"},"inLanguage":"de","potentialAction":[{"@type":"ReadAction","target":["https:\/\/www.sos-light.ch\/de\/produit\/brighton-lineare-led-leuchte\/"]}]},{"@type":"ImageObject","inLanguage":"de","@id":"https:\/\/www.sos-light.ch\/de\/produit\/brighton-lineare-led-leuchte\/#primaryimage","url":"https:\/\/www.sos-light.ch\/wp-content\/uploads\/2025\/09\/Brighton-Lineaire-LED.png","contentUrl":"https:\/\/www.sos-light.ch\/wp-content\/uploads\/2025\/09\/Brighton-Lineaire-LED.png","width":1000,"height":1000},{"@type":"BreadcrumbList","@id":"https:\/\/www.sos-light.ch\/de\/produit\/brighton-lineare-led-leuchte\/#breadcrumb","itemListElement":[{"@type":"ListItem","position":1,"name":"Accueil","item":"https:\/\/www.sos-light.ch\/de\/"},{"@type":"ListItem","position":2,"name":"Beleuchtungsl\u00f6sungen","item":"https:\/\/www.sos-light.ch\/de\/beleuchtungsloesungen\/"},{"@type":"ListItem","position":3,"name":"Brighton \u2013 Lineare LED-Leuchte"}]},{"@type":"WebSite","@id":"https:\/\/www.sos-light.ch\/de\/#website","url":"https:\/\/www.sos-light.ch\/de\/","name":"SOS-Light","description":"Solutions d\u2019\u00e9clairages standard et de secours","publisher":{"@id":"https:\/\/www.sos-light.ch\/de\/#organization"},"potentialAction":[{"@type":"SearchAction","target":{"@type":"EntryPoint","urlTemplate":"https:\/\/www.sos-light.ch\/de\/?s={search_term_string}"},"query-input":{"@type":"PropertyValueSpecification","valueRequired":true,"valueName":"search_term_string"}}],"inLanguage":"de"},{"@type":"Organization","@id":"https:\/\/www.sos-light.ch\/de\/#organization","name":"SOS-Light","url":"https:\/\/www.sos-light.ch\/de\/","logo":{"@type":"ImageObject","inLanguage":"de","@id":"https:\/\/www.sos-light.ch\/de\/#\/schema\/logo\/image\/","url":"https:\/\/www.sos-light.ch\/wp-content\/uploads\/2023\/04\/cropped-logo-woocommerce.png","contentUrl":"https:\/\/www.sos-light.ch\/wp-content\/uploads\/2023\/04\/cropped-logo-woocommerce.png","width":150,"height":98,"caption":"SOS-Light"},"image":{"@id":"https:\/\/www.sos-light.ch\/de\/#\/schema\/logo\/image\/"}}]}},"_links":{"self":[{"href":"https:\/\/www.sos-light.ch\/de\/wp-json\/wp\/v2\/product\/59831","targetHints":{"allow":["GET"]}}],"collection":[{"href":"https:\/\/www.sos-light.ch\/de\/wp-json\/wp\/v2\/product"}],"about":[{"href":"https:\/\/www.sos-light.ch\/de\/wp-json\/wp\/v2\/types\/product"}],"wp:featuredmedia":[{"embeddable":true,"href":"https:\/\/www.sos-light.ch\/de\/wp-json\/wp\/v2\/media\/50509"}],"wp:attachment":[{"href":"https:\/\/www.sos-light.ch\/de\/wp-json\/wp\/v2\/media?parent=59831"}],"wp:term":[{"taxonomy":"product_brand","embeddable":true,"href":"https:\/\/www.sos-light.ch\/de\/wp-json\/wp\/v2\/product_brand?post=59831"},{"taxonomy":"product_cat","embeddable":true,"href":"https:\/\/www.sos-light.ch\/de\/wp-json\/wp\/v2\/product_cat?post=59831"},{"taxonomy":"product_tag","embeddable":true,"href":"https:\/\/www.sos-light.ch\/de\/wp-json\/wp\/v2\/product_tag?post=59831"}],"curies":[{"name":"wp","href":"https:\/\/api.w.org\/{rel}","templated":true}]}}