{"id":59705,"date":"2025-09-05T10:17:53","date_gmt":"2025-09-05T08:17:53","guid":{"rendered":"https:\/\/www.sos-light.ch\/produit\/prismacube\/"},"modified":"2025-09-05T10:17:53","modified_gmt":"2025-09-05T08:17:53","slug":"prismacube","status":"publish","type":"product","link":"https:\/\/www.sos-light.ch\/de\/produit\/prismacube\/","title":{"rendered":"PrismaCube"},"content":{"rendered":"<p>Quadratisches LED-Einbau-Downlight, 220 \u00d7 220 \u00d7 90 mm, Ausschnitt 200 \u00d7 200 mm, 15 W, Lichtausbeute 125 lm\/W, Lichtstrom \u22481875 lm, 4000 K, CRI 80, Abstrahlwinkel 60\u00b0, UGR &lt; 1 &gt;19. AC 200\u2013240 V, 50\/60 Hz, Leistungsfaktor 0,9, DALI 2.0-Treiber, flimmerfrei. Silberfarben, IP54.&lt;&gt; <\/p>\n","protected":false},"excerpt":{"rendered":"<p>Quadratisches LED-Einbau-Downlight, 220 \u00d7 220 \u00d7 90 mm, Ausschnitt 200 \u00d7 200 mm, 15 W, Lichtausbeute 125 lm\/W, Lichtstrom \u22481875 lm, 4000 K, CRI 80, Abstrahlwinkel 60\u00b0, UGR &lt; 1 &gt;19. AC 200\u2013240 V, 50\/60 Hz, Leistungsfaktor 0,9, DALI 2.0-Treiber, flimmerfrei. Silberfarben, IP54.&lt;&gt;<\/p>\n","protected":false},"featured_media":50547,"template":"","meta":{"_acf_changed":false,"_eb_attr":""},"product_brand":[],"product_cat":[4567,1982],"product_tag":[],"class_list":{"0":"post-59705","1":"product","2":"type-product","3":"status-publish","4":"has-post-thumbnail","6":"product_cat-innenseite","7":"product_cat-unkategorisiert","9":"first","10":"onbackorder","11":"taxable","12":"shipping-taxable","13":"purchasable","14":"product-type-simple"},"acf":[],"yoast_head":"<!-- This site is optimized with the Yoast SEO plugin v27.4 - https:\/\/yoast.com\/product\/yoast-seo-wordpress\/ -->\n<title>PrismaCube - SOS-Light<\/title>\n<meta name=\"robots\" content=\"index, follow, max-snippet:-1, max-image-preview:large, max-video-preview:-1\" \/>\n<link rel=\"canonical\" href=\"https:\/\/www.sos-light.ch\/de\/produit\/prismacube\/\" \/>\n<meta property=\"og:locale\" content=\"de_DE\" \/>\n<meta property=\"og:type\" content=\"article\" \/>\n<meta property=\"og:title\" content=\"PrismaCube - SOS-Light\" \/>\n<meta property=\"og:description\" content=\"Quadratisches LED-Einbau-Downlight, 220 \u00d7 220 \u00d7 90 mm, Ausschnitt 200 \u00d7 200 mm, 15 W, Lichtausbeute 125 lm\/W, Lichtstrom \u22481875 lm, 4000 K, CRI 80, Abstrahlwinkel 60\u00b0, UGR &lt; 1 &gt;19. AC 200\u2013240 V, 50\/60 Hz, Leistungsfaktor 0,9, DALI 2.0-Treiber, flimmerfrei. Silberfarben, IP54.&lt;&gt;\" \/>\n<meta property=\"og:url\" content=\"https:\/\/www.sos-light.ch\/de\/produit\/prismacube\/\" \/>\n<meta property=\"og:site_name\" content=\"SOS-Light\" \/>\n<meta property=\"og:image\" content=\"https:\/\/www.sos-light.ch\/wp-content\/uploads\/2025\/09\/PrismaCube.png\" \/>\n\t<meta property=\"og:image:width\" content=\"1000\" \/>\n\t<meta property=\"og:image:height\" content=\"1000\" \/>\n\t<meta property=\"og:image:type\" content=\"image\/png\" \/>\n<meta name=\"twitter:card\" content=\"summary_large_image\" \/>\n<script type=\"application\/ld+json\" class=\"yoast-schema-graph\">{\"@context\":\"https:\\\/\\\/schema.org\",\"@graph\":[{\"@type\":\"WebPage\",\"@id\":\"https:\\\/\\\/www.sos-light.ch\\\/de\\\/produit\\\/prismacube\\\/\",\"url\":\"https:\\\/\\\/www.sos-light.ch\\\/de\\\/produit\\\/prismacube\\\/\",\"name\":\"PrismaCube - SOS-Light\",\"isPartOf\":{\"@id\":\"https:\\\/\\\/www.sos-light.ch\\\/de\\\/#website\"},\"primaryImageOfPage\":{\"@id\":\"https:\\\/\\\/www.sos-light.ch\\\/de\\\/produit\\\/prismacube\\\/#primaryimage\"},\"image\":{\"@id\":\"https:\\\/\\\/www.sos-light.ch\\\/de\\\/produit\\\/prismacube\\\/#primaryimage\"},\"thumbnailUrl\":\"https:\\\/\\\/www.sos-light.ch\\\/wp-content\\\/uploads\\\/2025\\\/09\\\/PrismaCube.png\",\"datePublished\":\"2025-09-05T08:17:53+00:00\",\"breadcrumb\":{\"@id\":\"https:\\\/\\\/www.sos-light.ch\\\/de\\\/produit\\\/prismacube\\\/#breadcrumb\"},\"inLanguage\":\"de\",\"potentialAction\":[{\"@type\":\"ReadAction\",\"target\":[\"https:\\\/\\\/www.sos-light.ch\\\/de\\\/produit\\\/prismacube\\\/\"]}]},{\"@type\":\"ImageObject\",\"inLanguage\":\"de\",\"@id\":\"https:\\\/\\\/www.sos-light.ch\\\/de\\\/produit\\\/prismacube\\\/#primaryimage\",\"url\":\"https:\\\/\\\/www.sos-light.ch\\\/wp-content\\\/uploads\\\/2025\\\/09\\\/PrismaCube.png\",\"contentUrl\":\"https:\\\/\\\/www.sos-light.ch\\\/wp-content\\\/uploads\\\/2025\\\/09\\\/PrismaCube.png\",\"width\":1000,\"height\":1000},{\"@type\":\"BreadcrumbList\",\"@id\":\"https:\\\/\\\/www.sos-light.ch\\\/de\\\/produit\\\/prismacube\\\/#breadcrumb\",\"itemListElement\":[{\"@type\":\"ListItem\",\"position\":1,\"name\":\"Accueil\",\"item\":\"https:\\\/\\\/www.sos-light.ch\\\/de\\\/\"},{\"@type\":\"ListItem\",\"position\":2,\"name\":\"Beleuchtungsl\u00f6sungen\",\"item\":\"https:\\\/\\\/www.sos-light.ch\\\/de\\\/beleuchtungsloesungen\\\/\"},{\"@type\":\"ListItem\",\"position\":3,\"name\":\"PrismaCube\"}]},{\"@type\":\"WebSite\",\"@id\":\"https:\\\/\\\/www.sos-light.ch\\\/de\\\/#website\",\"url\":\"https:\\\/\\\/www.sos-light.ch\\\/de\\\/\",\"name\":\"SOS-Light\",\"description\":\"Solutions d\u2019\u00e9clairages standard et de secours\",\"publisher\":{\"@id\":\"https:\\\/\\\/www.sos-light.ch\\\/de\\\/#organization\"},\"potentialAction\":[{\"@type\":\"SearchAction\",\"target\":{\"@type\":\"EntryPoint\",\"urlTemplate\":\"https:\\\/\\\/www.sos-light.ch\\\/de\\\/?s={search_term_string}\"},\"query-input\":{\"@type\":\"PropertyValueSpecification\",\"valueRequired\":true,\"valueName\":\"search_term_string\"}}],\"inLanguage\":\"de\"},{\"@type\":\"Organization\",\"@id\":\"https:\\\/\\\/www.sos-light.ch\\\/de\\\/#organization\",\"name\":\"SOS-Light\",\"url\":\"https:\\\/\\\/www.sos-light.ch\\\/de\\\/\",\"logo\":{\"@type\":\"ImageObject\",\"inLanguage\":\"de\",\"@id\":\"https:\\\/\\\/www.sos-light.ch\\\/de\\\/#\\\/schema\\\/logo\\\/image\\\/\",\"url\":\"https:\\\/\\\/www.sos-light.ch\\\/wp-content\\\/uploads\\\/2023\\\/04\\\/cropped-logo-woocommerce.png\",\"contentUrl\":\"https:\\\/\\\/www.sos-light.ch\\\/wp-content\\\/uploads\\\/2023\\\/04\\\/cropped-logo-woocommerce.png\",\"width\":150,\"height\":98,\"caption\":\"SOS-Light\"},\"image\":{\"@id\":\"https:\\\/\\\/www.sos-light.ch\\\/de\\\/#\\\/schema\\\/logo\\\/image\\\/\"}}]}<\/script>\n<!-- \/ Yoast SEO plugin. -->","yoast_head_json":{"title":"PrismaCube - SOS-Light","robots":{"index":"index","follow":"follow","max-snippet":"max-snippet:-1","max-image-preview":"max-image-preview:large","max-video-preview":"max-video-preview:-1"},"canonical":"https:\/\/www.sos-light.ch\/de\/produit\/prismacube\/","og_locale":"de_DE","og_type":"article","og_title":"PrismaCube - SOS-Light","og_description":"Quadratisches LED-Einbau-Downlight, 220 \u00d7 220 \u00d7 90 mm, Ausschnitt 200 \u00d7 200 mm, 15 W, Lichtausbeute 125 lm\/W, Lichtstrom \u22481875 lm, 4000 K, CRI 80, Abstrahlwinkel 60\u00b0, UGR &lt; 1 &gt;19. AC 200\u2013240 V, 50\/60 Hz, Leistungsfaktor 0,9, DALI 2.0-Treiber, flimmerfrei. Silberfarben, IP54.&lt;&gt;","og_url":"https:\/\/www.sos-light.ch\/de\/produit\/prismacube\/","og_site_name":"SOS-Light","og_image":[{"width":1000,"height":1000,"url":"https:\/\/www.sos-light.ch\/wp-content\/uploads\/2025\/09\/PrismaCube.png","type":"image\/png"}],"twitter_card":"summary_large_image","schema":{"@context":"https:\/\/schema.org","@graph":[{"@type":"WebPage","@id":"https:\/\/www.sos-light.ch\/de\/produit\/prismacube\/","url":"https:\/\/www.sos-light.ch\/de\/produit\/prismacube\/","name":"PrismaCube - SOS-Light","isPartOf":{"@id":"https:\/\/www.sos-light.ch\/de\/#website"},"primaryImageOfPage":{"@id":"https:\/\/www.sos-light.ch\/de\/produit\/prismacube\/#primaryimage"},"image":{"@id":"https:\/\/www.sos-light.ch\/de\/produit\/prismacube\/#primaryimage"},"thumbnailUrl":"https:\/\/www.sos-light.ch\/wp-content\/uploads\/2025\/09\/PrismaCube.png","datePublished":"2025-09-05T08:17:53+00:00","breadcrumb":{"@id":"https:\/\/www.sos-light.ch\/de\/produit\/prismacube\/#breadcrumb"},"inLanguage":"de","potentialAction":[{"@type":"ReadAction","target":["https:\/\/www.sos-light.ch\/de\/produit\/prismacube\/"]}]},{"@type":"ImageObject","inLanguage":"de","@id":"https:\/\/www.sos-light.ch\/de\/produit\/prismacube\/#primaryimage","url":"https:\/\/www.sos-light.ch\/wp-content\/uploads\/2025\/09\/PrismaCube.png","contentUrl":"https:\/\/www.sos-light.ch\/wp-content\/uploads\/2025\/09\/PrismaCube.png","width":1000,"height":1000},{"@type":"BreadcrumbList","@id":"https:\/\/www.sos-light.ch\/de\/produit\/prismacube\/#breadcrumb","itemListElement":[{"@type":"ListItem","position":1,"name":"Accueil","item":"https:\/\/www.sos-light.ch\/de\/"},{"@type":"ListItem","position":2,"name":"Beleuchtungsl\u00f6sungen","item":"https:\/\/www.sos-light.ch\/de\/beleuchtungsloesungen\/"},{"@type":"ListItem","position":3,"name":"PrismaCube"}]},{"@type":"WebSite","@id":"https:\/\/www.sos-light.ch\/de\/#website","url":"https:\/\/www.sos-light.ch\/de\/","name":"SOS-Light","description":"Solutions d\u2019\u00e9clairages standard et de secours","publisher":{"@id":"https:\/\/www.sos-light.ch\/de\/#organization"},"potentialAction":[{"@type":"SearchAction","target":{"@type":"EntryPoint","urlTemplate":"https:\/\/www.sos-light.ch\/de\/?s={search_term_string}"},"query-input":{"@type":"PropertyValueSpecification","valueRequired":true,"valueName":"search_term_string"}}],"inLanguage":"de"},{"@type":"Organization","@id":"https:\/\/www.sos-light.ch\/de\/#organization","name":"SOS-Light","url":"https:\/\/www.sos-light.ch\/de\/","logo":{"@type":"ImageObject","inLanguage":"de","@id":"https:\/\/www.sos-light.ch\/de\/#\/schema\/logo\/image\/","url":"https:\/\/www.sos-light.ch\/wp-content\/uploads\/2023\/04\/cropped-logo-woocommerce.png","contentUrl":"https:\/\/www.sos-light.ch\/wp-content\/uploads\/2023\/04\/cropped-logo-woocommerce.png","width":150,"height":98,"caption":"SOS-Light"},"image":{"@id":"https:\/\/www.sos-light.ch\/de\/#\/schema\/logo\/image\/"}}]}},"_links":{"self":[{"href":"https:\/\/www.sos-light.ch\/de\/wp-json\/wp\/v2\/product\/59705","targetHints":{"allow":["GET"]}}],"collection":[{"href":"https:\/\/www.sos-light.ch\/de\/wp-json\/wp\/v2\/product"}],"about":[{"href":"https:\/\/www.sos-light.ch\/de\/wp-json\/wp\/v2\/types\/product"}],"wp:featuredmedia":[{"embeddable":true,"href":"https:\/\/www.sos-light.ch\/de\/wp-json\/wp\/v2\/media\/50547"}],"wp:attachment":[{"href":"https:\/\/www.sos-light.ch\/de\/wp-json\/wp\/v2\/media?parent=59705"}],"wp:term":[{"taxonomy":"product_brand","embeddable":true,"href":"https:\/\/www.sos-light.ch\/de\/wp-json\/wp\/v2\/product_brand?post=59705"},{"taxonomy":"product_cat","embeddable":true,"href":"https:\/\/www.sos-light.ch\/de\/wp-json\/wp\/v2\/product_cat?post=59705"},{"taxonomy":"product_tag","embeddable":true,"href":"https:\/\/www.sos-light.ch\/de\/wp-json\/wp\/v2\/product_tag?post=59705"}],"curies":[{"name":"wp","href":"https:\/\/api.w.org\/{rel}","templated":true}]}}