{"id":57605,"date":"2025-10-07T15:44:52","date_gmt":"2025-10-07T13:44:52","guid":{"rendered":"https:\/\/www.sos-light.ch\/produit\/reflectra-led-downlight\/"},"modified":"2025-10-07T15:44:52","modified_gmt":"2025-10-07T13:44:52","slug":"reflectra-led-downlight","status":"publish","type":"product","link":"https:\/\/www.sos-light.ch\/de\/produit\/reflectra-led-downlight\/","title":{"rendered":"Reflectra &#8211; LED downlight"},"content":{"rendered":"<p>LED-Einbau-Downlight \u00d8 160 \u00d7 78 mm, Ausschnitt \u00d8 140\u2013150 mm, 25 W, wahlweise 2700\u20135000 K, 1400\u20132430 lm, CRI 80. COB-Lichtquelle von Bridgelux, flimmerfreies Netzteil 220\u2013240 V AC. Abstrahlwinkel: 24\u00b0 \/ 36\u00b0 (UGR&lt; 1 &gt;19) und 60\u00b0 (UGR&lt; 2 &gt;22). Geh\u00e4use aus Aluminium, IP20.&lt;&lt;   <\/p>\n","protected":false},"excerpt":{"rendered":"<p>LED-Einbau-Downlight \u00d8 160 \u00d7 78 mm, Ausschnitt \u00d8 140\u2013150 mm, 25 W, wahlweise 2700\u20135000 K, 1400\u20132430 lm, CRI 80. COB-Lichtquelle von Bridgelux, flimmerfreies Netzteil 220\u2013240 V AC. Abstrahlwinkel: 24\u00b0 \/ 36\u00b0 (UGR&lt; 1 &gt;19) und 60\u00b0 (UGR&lt; 2 &gt;22). Geh\u00e4use aus Aluminium, IP20.&lt;&lt;<\/p>\n","protected":false},"featured_media":44330,"template":"","meta":{"_acf_changed":false,"_eb_attr":""},"product_brand":[],"product_cat":[4567,1982],"product_tag":[],"class_list":{"0":"post-57605","1":"product","2":"type-product","3":"status-publish","4":"has-post-thumbnail","6":"product_cat-innenseite","7":"product_cat-unkategorisiert","9":"first","10":"onbackorder","11":"taxable","12":"shipping-taxable","13":"purchasable","14":"product-type-simple"},"acf":[],"yoast_head":"<!-- This site is optimized with the Yoast SEO plugin v27.4 - https:\/\/yoast.com\/product\/yoast-seo-wordpress\/ -->\n<title>Reflectra - LED downlight - SOS-Light<\/title>\n<meta name=\"robots\" content=\"index, follow, max-snippet:-1, max-image-preview:large, max-video-preview:-1\" \/>\n<link rel=\"canonical\" href=\"https:\/\/www.sos-light.ch\/de\/produit\/reflectra-led-downlight\/\" \/>\n<meta property=\"og:locale\" content=\"de_DE\" \/>\n<meta property=\"og:type\" content=\"article\" \/>\n<meta property=\"og:title\" content=\"Reflectra - LED downlight - SOS-Light\" \/>\n<meta property=\"og:description\" content=\"LED-Einbau-Downlight \u00d8 160 \u00d7 78 mm, Ausschnitt \u00d8 140\u2013150 mm, 25 W, wahlweise 2700\u20135000 K, 1400\u20132430 lm, CRI 80. COB-Lichtquelle von Bridgelux, flimmerfreies Netzteil 220\u2013240 V AC. Abstrahlwinkel: 24\u00b0 \/ 36\u00b0 (UGR&lt; 1 &gt;19) und 60\u00b0 (UGR&lt; 2 &gt;22). Geh\u00e4use aus Aluminium, IP20.&lt;&lt;\" \/>\n<meta property=\"og:url\" content=\"https:\/\/www.sos-light.ch\/de\/produit\/reflectra-led-downlight\/\" \/>\n<meta property=\"og:site_name\" content=\"SOS-Light\" \/>\n<meta property=\"og:image\" content=\"https:\/\/www.sos-light.ch\/wp-content\/uploads\/2025\/10\/CL178-1.webp\" \/>\n\t<meta property=\"og:image:width\" content=\"1600\" \/>\n\t<meta property=\"og:image:height\" content=\"1200\" \/>\n\t<meta property=\"og:image:type\" content=\"image\/webp\" \/>\n<meta name=\"twitter:card\" content=\"summary_large_image\" \/>\n<script type=\"application\/ld+json\" class=\"yoast-schema-graph\">{\"@context\":\"https:\\\/\\\/schema.org\",\"@graph\":[{\"@type\":\"WebPage\",\"@id\":\"https:\\\/\\\/www.sos-light.ch\\\/de\\\/produit\\\/reflectra-led-downlight\\\/\",\"url\":\"https:\\\/\\\/www.sos-light.ch\\\/de\\\/produit\\\/reflectra-led-downlight\\\/\",\"name\":\"Reflectra - LED downlight - SOS-Light\",\"isPartOf\":{\"@id\":\"https:\\\/\\\/www.sos-light.ch\\\/de\\\/#website\"},\"primaryImageOfPage\":{\"@id\":\"https:\\\/\\\/www.sos-light.ch\\\/de\\\/produit\\\/reflectra-led-downlight\\\/#primaryimage\"},\"image\":{\"@id\":\"https:\\\/\\\/www.sos-light.ch\\\/de\\\/produit\\\/reflectra-led-downlight\\\/#primaryimage\"},\"thumbnailUrl\":\"https:\\\/\\\/www.sos-light.ch\\\/wp-content\\\/uploads\\\/2025\\\/10\\\/CL178-1.webp\",\"datePublished\":\"2025-10-07T13:44:52+00:00\",\"breadcrumb\":{\"@id\":\"https:\\\/\\\/www.sos-light.ch\\\/de\\\/produit\\\/reflectra-led-downlight\\\/#breadcrumb\"},\"inLanguage\":\"de\",\"potentialAction\":[{\"@type\":\"ReadAction\",\"target\":[\"https:\\\/\\\/www.sos-light.ch\\\/de\\\/produit\\\/reflectra-led-downlight\\\/\"]}]},{\"@type\":\"ImageObject\",\"inLanguage\":\"de\",\"@id\":\"https:\\\/\\\/www.sos-light.ch\\\/de\\\/produit\\\/reflectra-led-downlight\\\/#primaryimage\",\"url\":\"https:\\\/\\\/www.sos-light.ch\\\/wp-content\\\/uploads\\\/2025\\\/10\\\/CL178-1.webp\",\"contentUrl\":\"https:\\\/\\\/www.sos-light.ch\\\/wp-content\\\/uploads\\\/2025\\\/10\\\/CL178-1.webp\",\"width\":1600,\"height\":1200},{\"@type\":\"BreadcrumbList\",\"@id\":\"https:\\\/\\\/www.sos-light.ch\\\/de\\\/produit\\\/reflectra-led-downlight\\\/#breadcrumb\",\"itemListElement\":[{\"@type\":\"ListItem\",\"position\":1,\"name\":\"Accueil\",\"item\":\"https:\\\/\\\/www.sos-light.ch\\\/de\\\/\"},{\"@type\":\"ListItem\",\"position\":2,\"name\":\"Beleuchtungsl\u00f6sungen\",\"item\":\"https:\\\/\\\/www.sos-light.ch\\\/de\\\/beleuchtungsloesungen\\\/\"},{\"@type\":\"ListItem\",\"position\":3,\"name\":\"Reflectra &#8211; LED downlight\"}]},{\"@type\":\"WebSite\",\"@id\":\"https:\\\/\\\/www.sos-light.ch\\\/de\\\/#website\",\"url\":\"https:\\\/\\\/www.sos-light.ch\\\/de\\\/\",\"name\":\"SOS-Light\",\"description\":\"Solutions d\u2019\u00e9clairages standard et de secours\",\"publisher\":{\"@id\":\"https:\\\/\\\/www.sos-light.ch\\\/de\\\/#organization\"},\"potentialAction\":[{\"@type\":\"SearchAction\",\"target\":{\"@type\":\"EntryPoint\",\"urlTemplate\":\"https:\\\/\\\/www.sos-light.ch\\\/de\\\/?s={search_term_string}\"},\"query-input\":{\"@type\":\"PropertyValueSpecification\",\"valueRequired\":true,\"valueName\":\"search_term_string\"}}],\"inLanguage\":\"de\"},{\"@type\":\"Organization\",\"@id\":\"https:\\\/\\\/www.sos-light.ch\\\/de\\\/#organization\",\"name\":\"SOS-Light\",\"url\":\"https:\\\/\\\/www.sos-light.ch\\\/de\\\/\",\"logo\":{\"@type\":\"ImageObject\",\"inLanguage\":\"de\",\"@id\":\"https:\\\/\\\/www.sos-light.ch\\\/de\\\/#\\\/schema\\\/logo\\\/image\\\/\",\"url\":\"https:\\\/\\\/www.sos-light.ch\\\/wp-content\\\/uploads\\\/2023\\\/04\\\/cropped-logo-woocommerce.png\",\"contentUrl\":\"https:\\\/\\\/www.sos-light.ch\\\/wp-content\\\/uploads\\\/2023\\\/04\\\/cropped-logo-woocommerce.png\",\"width\":150,\"height\":98,\"caption\":\"SOS-Light\"},\"image\":{\"@id\":\"https:\\\/\\\/www.sos-light.ch\\\/de\\\/#\\\/schema\\\/logo\\\/image\\\/\"}}]}<\/script>\n<!-- \/ Yoast SEO plugin. -->","yoast_head_json":{"title":"Reflectra - LED downlight - SOS-Light","robots":{"index":"index","follow":"follow","max-snippet":"max-snippet:-1","max-image-preview":"max-image-preview:large","max-video-preview":"max-video-preview:-1"},"canonical":"https:\/\/www.sos-light.ch\/de\/produit\/reflectra-led-downlight\/","og_locale":"de_DE","og_type":"article","og_title":"Reflectra - LED downlight - SOS-Light","og_description":"LED-Einbau-Downlight \u00d8 160 \u00d7 78 mm, Ausschnitt \u00d8 140\u2013150 mm, 25 W, wahlweise 2700\u20135000 K, 1400\u20132430 lm, CRI 80. COB-Lichtquelle von Bridgelux, flimmerfreies Netzteil 220\u2013240 V AC. Abstrahlwinkel: 24\u00b0 \/ 36\u00b0 (UGR&lt; 1 &gt;19) und 60\u00b0 (UGR&lt; 2 &gt;22). Geh\u00e4use aus Aluminium, IP20.&lt;&lt;","og_url":"https:\/\/www.sos-light.ch\/de\/produit\/reflectra-led-downlight\/","og_site_name":"SOS-Light","og_image":[{"width":1600,"height":1200,"url":"https:\/\/www.sos-light.ch\/wp-content\/uploads\/2025\/10\/CL178-1.webp","type":"image\/webp"}],"twitter_card":"summary_large_image","schema":{"@context":"https:\/\/schema.org","@graph":[{"@type":"WebPage","@id":"https:\/\/www.sos-light.ch\/de\/produit\/reflectra-led-downlight\/","url":"https:\/\/www.sos-light.ch\/de\/produit\/reflectra-led-downlight\/","name":"Reflectra - LED downlight - SOS-Light","isPartOf":{"@id":"https:\/\/www.sos-light.ch\/de\/#website"},"primaryImageOfPage":{"@id":"https:\/\/www.sos-light.ch\/de\/produit\/reflectra-led-downlight\/#primaryimage"},"image":{"@id":"https:\/\/www.sos-light.ch\/de\/produit\/reflectra-led-downlight\/#primaryimage"},"thumbnailUrl":"https:\/\/www.sos-light.ch\/wp-content\/uploads\/2025\/10\/CL178-1.webp","datePublished":"2025-10-07T13:44:52+00:00","breadcrumb":{"@id":"https:\/\/www.sos-light.ch\/de\/produit\/reflectra-led-downlight\/#breadcrumb"},"inLanguage":"de","potentialAction":[{"@type":"ReadAction","target":["https:\/\/www.sos-light.ch\/de\/produit\/reflectra-led-downlight\/"]}]},{"@type":"ImageObject","inLanguage":"de","@id":"https:\/\/www.sos-light.ch\/de\/produit\/reflectra-led-downlight\/#primaryimage","url":"https:\/\/www.sos-light.ch\/wp-content\/uploads\/2025\/10\/CL178-1.webp","contentUrl":"https:\/\/www.sos-light.ch\/wp-content\/uploads\/2025\/10\/CL178-1.webp","width":1600,"height":1200},{"@type":"BreadcrumbList","@id":"https:\/\/www.sos-light.ch\/de\/produit\/reflectra-led-downlight\/#breadcrumb","itemListElement":[{"@type":"ListItem","position":1,"name":"Accueil","item":"https:\/\/www.sos-light.ch\/de\/"},{"@type":"ListItem","position":2,"name":"Beleuchtungsl\u00f6sungen","item":"https:\/\/www.sos-light.ch\/de\/beleuchtungsloesungen\/"},{"@type":"ListItem","position":3,"name":"Reflectra &#8211; LED downlight"}]},{"@type":"WebSite","@id":"https:\/\/www.sos-light.ch\/de\/#website","url":"https:\/\/www.sos-light.ch\/de\/","name":"SOS-Light","description":"Solutions d\u2019\u00e9clairages standard et de secours","publisher":{"@id":"https:\/\/www.sos-light.ch\/de\/#organization"},"potentialAction":[{"@type":"SearchAction","target":{"@type":"EntryPoint","urlTemplate":"https:\/\/www.sos-light.ch\/de\/?s={search_term_string}"},"query-input":{"@type":"PropertyValueSpecification","valueRequired":true,"valueName":"search_term_string"}}],"inLanguage":"de"},{"@type":"Organization","@id":"https:\/\/www.sos-light.ch\/de\/#organization","name":"SOS-Light","url":"https:\/\/www.sos-light.ch\/de\/","logo":{"@type":"ImageObject","inLanguage":"de","@id":"https:\/\/www.sos-light.ch\/de\/#\/schema\/logo\/image\/","url":"https:\/\/www.sos-light.ch\/wp-content\/uploads\/2023\/04\/cropped-logo-woocommerce.png","contentUrl":"https:\/\/www.sos-light.ch\/wp-content\/uploads\/2023\/04\/cropped-logo-woocommerce.png","width":150,"height":98,"caption":"SOS-Light"},"image":{"@id":"https:\/\/www.sos-light.ch\/de\/#\/schema\/logo\/image\/"}}]}},"_links":{"self":[{"href":"https:\/\/www.sos-light.ch\/de\/wp-json\/wp\/v2\/product\/57605","targetHints":{"allow":["GET"]}}],"collection":[{"href":"https:\/\/www.sos-light.ch\/de\/wp-json\/wp\/v2\/product"}],"about":[{"href":"https:\/\/www.sos-light.ch\/de\/wp-json\/wp\/v2\/types\/product"}],"wp:featuredmedia":[{"embeddable":true,"href":"https:\/\/www.sos-light.ch\/de\/wp-json\/wp\/v2\/media\/44330"}],"wp:attachment":[{"href":"https:\/\/www.sos-light.ch\/de\/wp-json\/wp\/v2\/media?parent=57605"}],"wp:term":[{"taxonomy":"product_brand","embeddable":true,"href":"https:\/\/www.sos-light.ch\/de\/wp-json\/wp\/v2\/product_brand?post=57605"},{"taxonomy":"product_cat","embeddable":true,"href":"https:\/\/www.sos-light.ch\/de\/wp-json\/wp\/v2\/product_cat?post=57605"},{"taxonomy":"product_tag","embeddable":true,"href":"https:\/\/www.sos-light.ch\/de\/wp-json\/wp\/v2\/product_tag?post=57605"}],"curies":[{"name":"wp","href":"https:\/\/api.w.org\/{rel}","templated":true}]}}