{"id":57234,"date":"2025-09-08T13:47:39","date_gmt":"2025-09-08T11:47:39","guid":{"rendered":"https:\/\/www.sos-light.ch\/produit\/led-klemme-fuer-den-aussenbereich\/"},"modified":"2025-09-08T13:47:39","modified_gmt":"2025-09-08T11:47:39","slug":"led-klemme-fuer-den-aussenbereich","status":"publish","type":"product","link":"https:\/\/www.sos-light.ch\/de\/produit\/led-klemme-fuer-den-aussenbereich\/","title":{"rendered":"LED-Klemme f\u00fcr den Au\u00dfenbereich"},"content":{"rendered":"<p>LED Poller, H\u00f6he 1000 mm, Leistung 20 W, warmwei\u00df 3000K, CRI80, Lichtstrom \u22482000 lm. Ausf\u00fchrung in Anthrazit. IP65, AC230 V. Eingebauter Treiber On\/Off. Au\u00dfenbeleuchtung f\u00fcr G\u00e4rten und Wege.   <\/p>\n","protected":false},"excerpt":{"rendered":"<p>LED Poller, H\u00f6he 1000 mm, Leistung 20 W, warmwei\u00df 3000K, CRI80, Lichtstrom \u22482000 lm. Ausf\u00fchrung in Anthrazit. IP65, AC230 V. Eingebauter Treiber On\/Off. Au\u00dfenbeleuchtung f\u00fcr G\u00e4rten und Wege.<\/p>\n","protected":false},"featured_media":44128,"template":"","meta":{"_acf_changed":false,"_eb_attr":""},"product_brand":[],"product_cat":[4641,1982],"product_tag":[],"class_list":{"0":"post-57234","1":"product","2":"type-product","3":"status-publish","4":"has-post-thumbnail","6":"product_cat-ausenseite","7":"product_cat-unkategorisiert","9":"first","10":"instock","11":"taxable","12":"shipping-taxable","13":"purchasable","14":"product-type-simple"},"acf":[],"yoast_head":"<!-- This site is optimized with the Yoast SEO plugin v27.4 - https:\/\/yoast.com\/product\/yoast-seo-wordpress\/ -->\n<title>LED-Klemme f\u00fcr den Au\u00dfenbereich - SOS-Light<\/title>\n<meta name=\"robots\" content=\"index, follow, max-snippet:-1, max-image-preview:large, max-video-preview:-1\" \/>\n<link rel=\"canonical\" href=\"https:\/\/www.sos-light.ch\/de\/produit\/led-klemme-fuer-den-aussenbereich\/\" \/>\n<meta property=\"og:locale\" content=\"de_DE\" \/>\n<meta property=\"og:type\" content=\"article\" \/>\n<meta property=\"og:title\" content=\"LED-Klemme f\u00fcr den Au\u00dfenbereich - SOS-Light\" \/>\n<meta property=\"og:description\" content=\"LED Poller, H\u00f6he 1000 mm, Leistung 20 W, warmwei\u00df 3000K, CRI80, Lichtstrom \u22482000 lm. Ausf\u00fchrung in Anthrazit. IP65, AC230 V. Eingebauter Treiber On\/Off. Au\u00dfenbeleuchtung f\u00fcr G\u00e4rten und Wege.\" \/>\n<meta property=\"og:url\" content=\"https:\/\/www.sos-light.ch\/de\/produit\/led-klemme-fuer-den-aussenbereich\/\" \/>\n<meta property=\"og:site_name\" content=\"SOS-Light\" \/>\n<meta property=\"og:image\" content=\"https:\/\/www.sos-light.ch\/wp-content\/uploads\/2025\/09\/67410A.jpg\" \/>\n\t<meta property=\"og:image:width\" content=\"700\" \/>\n\t<meta property=\"og:image:height\" content=\"700\" \/>\n\t<meta property=\"og:image:type\" content=\"image\/jpeg\" \/>\n<meta name=\"twitter:card\" content=\"summary_large_image\" \/>\n<script type=\"application\/ld+json\" class=\"yoast-schema-graph\">{\"@context\":\"https:\\\/\\\/schema.org\",\"@graph\":[{\"@type\":\"WebPage\",\"@id\":\"https:\\\/\\\/www.sos-light.ch\\\/de\\\/produit\\\/led-klemme-fuer-den-aussenbereich\\\/\",\"url\":\"https:\\\/\\\/www.sos-light.ch\\\/de\\\/produit\\\/led-klemme-fuer-den-aussenbereich\\\/\",\"name\":\"LED-Klemme f\u00fcr den Au\u00dfenbereich - SOS-Light\",\"isPartOf\":{\"@id\":\"https:\\\/\\\/www.sos-light.ch\\\/de\\\/#website\"},\"primaryImageOfPage\":{\"@id\":\"https:\\\/\\\/www.sos-light.ch\\\/de\\\/produit\\\/led-klemme-fuer-den-aussenbereich\\\/#primaryimage\"},\"image\":{\"@id\":\"https:\\\/\\\/www.sos-light.ch\\\/de\\\/produit\\\/led-klemme-fuer-den-aussenbereich\\\/#primaryimage\"},\"thumbnailUrl\":\"https:\\\/\\\/www.sos-light.ch\\\/wp-content\\\/uploads\\\/2025\\\/09\\\/67410A.jpg\",\"datePublished\":\"2025-09-08T11:47:39+00:00\",\"breadcrumb\":{\"@id\":\"https:\\\/\\\/www.sos-light.ch\\\/de\\\/produit\\\/led-klemme-fuer-den-aussenbereich\\\/#breadcrumb\"},\"inLanguage\":\"de\",\"potentialAction\":[{\"@type\":\"ReadAction\",\"target\":[\"https:\\\/\\\/www.sos-light.ch\\\/de\\\/produit\\\/led-klemme-fuer-den-aussenbereich\\\/\"]}]},{\"@type\":\"ImageObject\",\"inLanguage\":\"de\",\"@id\":\"https:\\\/\\\/www.sos-light.ch\\\/de\\\/produit\\\/led-klemme-fuer-den-aussenbereich\\\/#primaryimage\",\"url\":\"https:\\\/\\\/www.sos-light.ch\\\/wp-content\\\/uploads\\\/2025\\\/09\\\/67410A.jpg\",\"contentUrl\":\"https:\\\/\\\/www.sos-light.ch\\\/wp-content\\\/uploads\\\/2025\\\/09\\\/67410A.jpg\",\"width\":700,\"height\":700},{\"@type\":\"BreadcrumbList\",\"@id\":\"https:\\\/\\\/www.sos-light.ch\\\/de\\\/produit\\\/led-klemme-fuer-den-aussenbereich\\\/#breadcrumb\",\"itemListElement\":[{\"@type\":\"ListItem\",\"position\":1,\"name\":\"Accueil\",\"item\":\"https:\\\/\\\/www.sos-light.ch\\\/de\\\/\"},{\"@type\":\"ListItem\",\"position\":2,\"name\":\"Beleuchtungsl\u00f6sungen\",\"item\":\"https:\\\/\\\/www.sos-light.ch\\\/de\\\/beleuchtungsloesungen\\\/\"},{\"@type\":\"ListItem\",\"position\":3,\"name\":\"LED-Klemme f\u00fcr den Au\u00dfenbereich\"}]},{\"@type\":\"WebSite\",\"@id\":\"https:\\\/\\\/www.sos-light.ch\\\/de\\\/#website\",\"url\":\"https:\\\/\\\/www.sos-light.ch\\\/de\\\/\",\"name\":\"SOS-Light\",\"description\":\"Solutions d\u2019\u00e9clairages standard et de secours\",\"publisher\":{\"@id\":\"https:\\\/\\\/www.sos-light.ch\\\/de\\\/#organization\"},\"potentialAction\":[{\"@type\":\"SearchAction\",\"target\":{\"@type\":\"EntryPoint\",\"urlTemplate\":\"https:\\\/\\\/www.sos-light.ch\\\/de\\\/?s={search_term_string}\"},\"query-input\":{\"@type\":\"PropertyValueSpecification\",\"valueRequired\":true,\"valueName\":\"search_term_string\"}}],\"inLanguage\":\"de\"},{\"@type\":\"Organization\",\"@id\":\"https:\\\/\\\/www.sos-light.ch\\\/de\\\/#organization\",\"name\":\"SOS-Light\",\"url\":\"https:\\\/\\\/www.sos-light.ch\\\/de\\\/\",\"logo\":{\"@type\":\"ImageObject\",\"inLanguage\":\"de\",\"@id\":\"https:\\\/\\\/www.sos-light.ch\\\/de\\\/#\\\/schema\\\/logo\\\/image\\\/\",\"url\":\"https:\\\/\\\/www.sos-light.ch\\\/wp-content\\\/uploads\\\/2023\\\/04\\\/cropped-logo-woocommerce.png\",\"contentUrl\":\"https:\\\/\\\/www.sos-light.ch\\\/wp-content\\\/uploads\\\/2023\\\/04\\\/cropped-logo-woocommerce.png\",\"width\":150,\"height\":98,\"caption\":\"SOS-Light\"},\"image\":{\"@id\":\"https:\\\/\\\/www.sos-light.ch\\\/de\\\/#\\\/schema\\\/logo\\\/image\\\/\"}}]}<\/script>\n<!-- \/ Yoast SEO plugin. -->","yoast_head_json":{"title":"LED-Klemme f\u00fcr den Au\u00dfenbereich - SOS-Light","robots":{"index":"index","follow":"follow","max-snippet":"max-snippet:-1","max-image-preview":"max-image-preview:large","max-video-preview":"max-video-preview:-1"},"canonical":"https:\/\/www.sos-light.ch\/de\/produit\/led-klemme-fuer-den-aussenbereich\/","og_locale":"de_DE","og_type":"article","og_title":"LED-Klemme f\u00fcr den Au\u00dfenbereich - SOS-Light","og_description":"LED Poller, H\u00f6he 1000 mm, Leistung 20 W, warmwei\u00df 3000K, CRI80, Lichtstrom \u22482000 lm. Ausf\u00fchrung in Anthrazit. IP65, AC230 V. Eingebauter Treiber On\/Off. Au\u00dfenbeleuchtung f\u00fcr G\u00e4rten und Wege.","og_url":"https:\/\/www.sos-light.ch\/de\/produit\/led-klemme-fuer-den-aussenbereich\/","og_site_name":"SOS-Light","og_image":[{"width":700,"height":700,"url":"https:\/\/www.sos-light.ch\/wp-content\/uploads\/2025\/09\/67410A.jpg","type":"image\/jpeg"}],"twitter_card":"summary_large_image","schema":{"@context":"https:\/\/schema.org","@graph":[{"@type":"WebPage","@id":"https:\/\/www.sos-light.ch\/de\/produit\/led-klemme-fuer-den-aussenbereich\/","url":"https:\/\/www.sos-light.ch\/de\/produit\/led-klemme-fuer-den-aussenbereich\/","name":"LED-Klemme f\u00fcr den Au\u00dfenbereich - SOS-Light","isPartOf":{"@id":"https:\/\/www.sos-light.ch\/de\/#website"},"primaryImageOfPage":{"@id":"https:\/\/www.sos-light.ch\/de\/produit\/led-klemme-fuer-den-aussenbereich\/#primaryimage"},"image":{"@id":"https:\/\/www.sos-light.ch\/de\/produit\/led-klemme-fuer-den-aussenbereich\/#primaryimage"},"thumbnailUrl":"https:\/\/www.sos-light.ch\/wp-content\/uploads\/2025\/09\/67410A.jpg","datePublished":"2025-09-08T11:47:39+00:00","breadcrumb":{"@id":"https:\/\/www.sos-light.ch\/de\/produit\/led-klemme-fuer-den-aussenbereich\/#breadcrumb"},"inLanguage":"de","potentialAction":[{"@type":"ReadAction","target":["https:\/\/www.sos-light.ch\/de\/produit\/led-klemme-fuer-den-aussenbereich\/"]}]},{"@type":"ImageObject","inLanguage":"de","@id":"https:\/\/www.sos-light.ch\/de\/produit\/led-klemme-fuer-den-aussenbereich\/#primaryimage","url":"https:\/\/www.sos-light.ch\/wp-content\/uploads\/2025\/09\/67410A.jpg","contentUrl":"https:\/\/www.sos-light.ch\/wp-content\/uploads\/2025\/09\/67410A.jpg","width":700,"height":700},{"@type":"BreadcrumbList","@id":"https:\/\/www.sos-light.ch\/de\/produit\/led-klemme-fuer-den-aussenbereich\/#breadcrumb","itemListElement":[{"@type":"ListItem","position":1,"name":"Accueil","item":"https:\/\/www.sos-light.ch\/de\/"},{"@type":"ListItem","position":2,"name":"Beleuchtungsl\u00f6sungen","item":"https:\/\/www.sos-light.ch\/de\/beleuchtungsloesungen\/"},{"@type":"ListItem","position":3,"name":"LED-Klemme f\u00fcr den Au\u00dfenbereich"}]},{"@type":"WebSite","@id":"https:\/\/www.sos-light.ch\/de\/#website","url":"https:\/\/www.sos-light.ch\/de\/","name":"SOS-Light","description":"Solutions d\u2019\u00e9clairages standard et de secours","publisher":{"@id":"https:\/\/www.sos-light.ch\/de\/#organization"},"potentialAction":[{"@type":"SearchAction","target":{"@type":"EntryPoint","urlTemplate":"https:\/\/www.sos-light.ch\/de\/?s={search_term_string}"},"query-input":{"@type":"PropertyValueSpecification","valueRequired":true,"valueName":"search_term_string"}}],"inLanguage":"de"},{"@type":"Organization","@id":"https:\/\/www.sos-light.ch\/de\/#organization","name":"SOS-Light","url":"https:\/\/www.sos-light.ch\/de\/","logo":{"@type":"ImageObject","inLanguage":"de","@id":"https:\/\/www.sos-light.ch\/de\/#\/schema\/logo\/image\/","url":"https:\/\/www.sos-light.ch\/wp-content\/uploads\/2023\/04\/cropped-logo-woocommerce.png","contentUrl":"https:\/\/www.sos-light.ch\/wp-content\/uploads\/2023\/04\/cropped-logo-woocommerce.png","width":150,"height":98,"caption":"SOS-Light"},"image":{"@id":"https:\/\/www.sos-light.ch\/de\/#\/schema\/logo\/image\/"}}]}},"_links":{"self":[{"href":"https:\/\/www.sos-light.ch\/de\/wp-json\/wp\/v2\/product\/57234","targetHints":{"allow":["GET"]}}],"collection":[{"href":"https:\/\/www.sos-light.ch\/de\/wp-json\/wp\/v2\/product"}],"about":[{"href":"https:\/\/www.sos-light.ch\/de\/wp-json\/wp\/v2\/types\/product"}],"wp:featuredmedia":[{"embeddable":true,"href":"https:\/\/www.sos-light.ch\/de\/wp-json\/wp\/v2\/media\/44128"}],"wp:attachment":[{"href":"https:\/\/www.sos-light.ch\/de\/wp-json\/wp\/v2\/media?parent=57234"}],"wp:term":[{"taxonomy":"product_brand","embeddable":true,"href":"https:\/\/www.sos-light.ch\/de\/wp-json\/wp\/v2\/product_brand?post=57234"},{"taxonomy":"product_cat","embeddable":true,"href":"https:\/\/www.sos-light.ch\/de\/wp-json\/wp\/v2\/product_cat?post=57234"},{"taxonomy":"product_tag","embeddable":true,"href":"https:\/\/www.sos-light.ch\/de\/wp-json\/wp\/v2\/product_tag?post=57234"}],"curies":[{"name":"wp","href":"https:\/\/api.w.org\/{rel}","templated":true}]}}