{"id":56718,"date":"2025-04-14T13:09:21","date_gmt":"2025-04-14T11:09:21","guid":{"rendered":"https:\/\/www.sos-light.ch\/produit\/einstellbarer-led-einbaustrahler-cob-13-w-3000-k-weiss-ip54\/"},"modified":"2025-04-14T13:09:21","modified_gmt":"2025-04-14T11:09:21","slug":"einstellbarer-led-einbaustrahler-cob-13-w-3000-k-weiss-ip54","status":"publish","type":"product","link":"https:\/\/www.sos-light.ch\/de\/produit\/einstellbarer-led-einbaustrahler-cob-13-w-3000-k-weiss-ip54\/","title":{"rendered":"Einstellbarer LED-Einbaustrahler COB 13 W, 3000 K, Wei\u00df, IP54"},"content":{"rendered":"<p>Einstellbarer Einbaustrahler LED COB 13 W, warmwei\u00df (3000 K), Lichtstrom \u2248 1100 lm, CRI 92, Winkel 38\u00b0. \u00d8 90 mm, Ausschnitt \u00d8 80 mm, H\u00f6he 78 mm, erforderliche Einbautiefe 110 mm. Innen-\/Au\u00dfenmontage (IP54). Erfordert einen 350 mA-Treiber.   <\/p>\n","protected":false},"excerpt":{"rendered":"<p>Einstellbarer Einbaustrahler LED COB 13 W, warmwei\u00df (3000 K), Lichtstrom \u2248 1100 lm, CRI 92, Winkel 38\u00b0. \u00d8 90 mm, Ausschnitt \u00d8 80 mm, H\u00f6he 78 mm, erforderliche Einbautiefe 110 mm. Innen-\/Au\u00dfenmontage (IP54). Erfordert einen 350 mA-Treiber.<\/p>\n","protected":false},"featured_media":47537,"template":"","meta":{"_acf_changed":false,"_eb_attr":""},"product_brand":[],"product_cat":[4567,1982],"product_tag":[],"class_list":{"0":"post-56718","1":"product","2":"type-product","3":"status-publish","4":"has-post-thumbnail","6":"product_cat-innenseite","7":"product_cat-unkategorisiert","9":"first","10":"instock","11":"taxable","12":"shipping-taxable","13":"purchasable","14":"product-type-simple"},"acf":[],"yoast_head":"<!-- This site is optimized with the Yoast SEO plugin v27.4 - https:\/\/yoast.com\/product\/yoast-seo-wordpress\/ -->\n<title>Einstellbarer LED-Einbaustrahler COB 13 W, 3000 K, Wei\u00df, IP54 - SOS-Light<\/title>\n<meta name=\"robots\" content=\"index, follow, max-snippet:-1, max-image-preview:large, max-video-preview:-1\" \/>\n<link rel=\"canonical\" href=\"https:\/\/www.sos-light.ch\/de\/produit\/einstellbarer-led-einbaustrahler-cob-13-w-3000-k-weiss-ip54\/\" \/>\n<meta property=\"og:locale\" content=\"de_DE\" \/>\n<meta property=\"og:type\" content=\"article\" \/>\n<meta property=\"og:title\" content=\"Einstellbarer LED-Einbaustrahler COB 13 W, 3000 K, Wei\u00df, IP54 - SOS-Light\" \/>\n<meta property=\"og:description\" content=\"Einstellbarer Einbaustrahler LED COB 13 W, warmwei\u00df (3000 K), Lichtstrom \u2248 1100 lm, CRI 92, Winkel 38\u00b0. \u00d8 90 mm, Ausschnitt \u00d8 80 mm, H\u00f6he 78 mm, erforderliche Einbautiefe 110 mm. Innen-\/Au\u00dfenmontage (IP54). Erfordert einen 350 mA-Treiber.\" \/>\n<meta property=\"og:url\" content=\"https:\/\/www.sos-light.ch\/de\/produit\/einstellbarer-led-einbaustrahler-cob-13-w-3000-k-weiss-ip54\/\" \/>\n<meta property=\"og:site_name\" content=\"SOS-Light\" \/>\n<meta property=\"og:image\" content=\"https:\/\/www.sos-light.ch\/wp-content\/uploads\/2025\/04\/Spot-encastre-reglable-LED-COB-13-W-3000-K-blanc-IP54.png\" \/>\n\t<meta property=\"og:image:width\" content=\"1000\" \/>\n\t<meta property=\"og:image:height\" content=\"1000\" \/>\n\t<meta property=\"og:image:type\" content=\"image\/png\" \/>\n<meta name=\"twitter:card\" content=\"summary_large_image\" \/>\n<script type=\"application\/ld+json\" class=\"yoast-schema-graph\">{\"@context\":\"https:\\\/\\\/schema.org\",\"@graph\":[{\"@type\":\"WebPage\",\"@id\":\"https:\\\/\\\/www.sos-light.ch\\\/de\\\/produit\\\/einstellbarer-led-einbaustrahler-cob-13-w-3000-k-weiss-ip54\\\/\",\"url\":\"https:\\\/\\\/www.sos-light.ch\\\/de\\\/produit\\\/einstellbarer-led-einbaustrahler-cob-13-w-3000-k-weiss-ip54\\\/\",\"name\":\"Einstellbarer LED-Einbaustrahler COB 13 W, 3000 K, Wei\u00df, IP54 - SOS-Light\",\"isPartOf\":{\"@id\":\"https:\\\/\\\/www.sos-light.ch\\\/de\\\/#website\"},\"primaryImageOfPage\":{\"@id\":\"https:\\\/\\\/www.sos-light.ch\\\/de\\\/produit\\\/einstellbarer-led-einbaustrahler-cob-13-w-3000-k-weiss-ip54\\\/#primaryimage\"},\"image\":{\"@id\":\"https:\\\/\\\/www.sos-light.ch\\\/de\\\/produit\\\/einstellbarer-led-einbaustrahler-cob-13-w-3000-k-weiss-ip54\\\/#primaryimage\"},\"thumbnailUrl\":\"https:\\\/\\\/www.sos-light.ch\\\/wp-content\\\/uploads\\\/2025\\\/04\\\/Spot-encastre-reglable-LED-COB-13-W-3000-K-blanc-IP54.png\",\"datePublished\":\"2025-04-14T11:09:21+00:00\",\"breadcrumb\":{\"@id\":\"https:\\\/\\\/www.sos-light.ch\\\/de\\\/produit\\\/einstellbarer-led-einbaustrahler-cob-13-w-3000-k-weiss-ip54\\\/#breadcrumb\"},\"inLanguage\":\"de\",\"potentialAction\":[{\"@type\":\"ReadAction\",\"target\":[\"https:\\\/\\\/www.sos-light.ch\\\/de\\\/produit\\\/einstellbarer-led-einbaustrahler-cob-13-w-3000-k-weiss-ip54\\\/\"]}]},{\"@type\":\"ImageObject\",\"inLanguage\":\"de\",\"@id\":\"https:\\\/\\\/www.sos-light.ch\\\/de\\\/produit\\\/einstellbarer-led-einbaustrahler-cob-13-w-3000-k-weiss-ip54\\\/#primaryimage\",\"url\":\"https:\\\/\\\/www.sos-light.ch\\\/wp-content\\\/uploads\\\/2025\\\/04\\\/Spot-encastre-reglable-LED-COB-13-W-3000-K-blanc-IP54.png\",\"contentUrl\":\"https:\\\/\\\/www.sos-light.ch\\\/wp-content\\\/uploads\\\/2025\\\/04\\\/Spot-encastre-reglable-LED-COB-13-W-3000-K-blanc-IP54.png\",\"width\":1000,\"height\":1000},{\"@type\":\"BreadcrumbList\",\"@id\":\"https:\\\/\\\/www.sos-light.ch\\\/de\\\/produit\\\/einstellbarer-led-einbaustrahler-cob-13-w-3000-k-weiss-ip54\\\/#breadcrumb\",\"itemListElement\":[{\"@type\":\"ListItem\",\"position\":1,\"name\":\"Accueil\",\"item\":\"https:\\\/\\\/www.sos-light.ch\\\/de\\\/\"},{\"@type\":\"ListItem\",\"position\":2,\"name\":\"Beleuchtungsl\u00f6sungen\",\"item\":\"https:\\\/\\\/www.sos-light.ch\\\/de\\\/beleuchtungsloesungen\\\/\"},{\"@type\":\"ListItem\",\"position\":3,\"name\":\"Einstellbarer LED-Einbaustrahler COB 13 W, 3000 K, Wei\u00df, IP54\"}]},{\"@type\":\"WebSite\",\"@id\":\"https:\\\/\\\/www.sos-light.ch\\\/de\\\/#website\",\"url\":\"https:\\\/\\\/www.sos-light.ch\\\/de\\\/\",\"name\":\"SOS-Light\",\"description\":\"Solutions d\u2019\u00e9clairages standard et de secours\",\"publisher\":{\"@id\":\"https:\\\/\\\/www.sos-light.ch\\\/de\\\/#organization\"},\"potentialAction\":[{\"@type\":\"SearchAction\",\"target\":{\"@type\":\"EntryPoint\",\"urlTemplate\":\"https:\\\/\\\/www.sos-light.ch\\\/de\\\/?s={search_term_string}\"},\"query-input\":{\"@type\":\"PropertyValueSpecification\",\"valueRequired\":true,\"valueName\":\"search_term_string\"}}],\"inLanguage\":\"de\"},{\"@type\":\"Organization\",\"@id\":\"https:\\\/\\\/www.sos-light.ch\\\/de\\\/#organization\",\"name\":\"SOS-Light\",\"url\":\"https:\\\/\\\/www.sos-light.ch\\\/de\\\/\",\"logo\":{\"@type\":\"ImageObject\",\"inLanguage\":\"de\",\"@id\":\"https:\\\/\\\/www.sos-light.ch\\\/de\\\/#\\\/schema\\\/logo\\\/image\\\/\",\"url\":\"https:\\\/\\\/www.sos-light.ch\\\/wp-content\\\/uploads\\\/2023\\\/04\\\/cropped-logo-woocommerce.png\",\"contentUrl\":\"https:\\\/\\\/www.sos-light.ch\\\/wp-content\\\/uploads\\\/2023\\\/04\\\/cropped-logo-woocommerce.png\",\"width\":150,\"height\":98,\"caption\":\"SOS-Light\"},\"image\":{\"@id\":\"https:\\\/\\\/www.sos-light.ch\\\/de\\\/#\\\/schema\\\/logo\\\/image\\\/\"}}]}<\/script>\n<!-- \/ Yoast SEO plugin. -->","yoast_head_json":{"title":"Einstellbarer LED-Einbaustrahler COB 13 W, 3000 K, Wei\u00df, IP54 - SOS-Light","robots":{"index":"index","follow":"follow","max-snippet":"max-snippet:-1","max-image-preview":"max-image-preview:large","max-video-preview":"max-video-preview:-1"},"canonical":"https:\/\/www.sos-light.ch\/de\/produit\/einstellbarer-led-einbaustrahler-cob-13-w-3000-k-weiss-ip54\/","og_locale":"de_DE","og_type":"article","og_title":"Einstellbarer LED-Einbaustrahler COB 13 W, 3000 K, Wei\u00df, IP54 - SOS-Light","og_description":"Einstellbarer Einbaustrahler LED COB 13 W, warmwei\u00df (3000 K), Lichtstrom \u2248 1100 lm, CRI 92, Winkel 38\u00b0. \u00d8 90 mm, Ausschnitt \u00d8 80 mm, H\u00f6he 78 mm, erforderliche Einbautiefe 110 mm. Innen-\/Au\u00dfenmontage (IP54). Erfordert einen 350 mA-Treiber.","og_url":"https:\/\/www.sos-light.ch\/de\/produit\/einstellbarer-led-einbaustrahler-cob-13-w-3000-k-weiss-ip54\/","og_site_name":"SOS-Light","og_image":[{"width":1000,"height":1000,"url":"https:\/\/www.sos-light.ch\/wp-content\/uploads\/2025\/04\/Spot-encastre-reglable-LED-COB-13-W-3000-K-blanc-IP54.png","type":"image\/png"}],"twitter_card":"summary_large_image","schema":{"@context":"https:\/\/schema.org","@graph":[{"@type":"WebPage","@id":"https:\/\/www.sos-light.ch\/de\/produit\/einstellbarer-led-einbaustrahler-cob-13-w-3000-k-weiss-ip54\/","url":"https:\/\/www.sos-light.ch\/de\/produit\/einstellbarer-led-einbaustrahler-cob-13-w-3000-k-weiss-ip54\/","name":"Einstellbarer LED-Einbaustrahler COB 13 W, 3000 K, Wei\u00df, IP54 - SOS-Light","isPartOf":{"@id":"https:\/\/www.sos-light.ch\/de\/#website"},"primaryImageOfPage":{"@id":"https:\/\/www.sos-light.ch\/de\/produit\/einstellbarer-led-einbaustrahler-cob-13-w-3000-k-weiss-ip54\/#primaryimage"},"image":{"@id":"https:\/\/www.sos-light.ch\/de\/produit\/einstellbarer-led-einbaustrahler-cob-13-w-3000-k-weiss-ip54\/#primaryimage"},"thumbnailUrl":"https:\/\/www.sos-light.ch\/wp-content\/uploads\/2025\/04\/Spot-encastre-reglable-LED-COB-13-W-3000-K-blanc-IP54.png","datePublished":"2025-04-14T11:09:21+00:00","breadcrumb":{"@id":"https:\/\/www.sos-light.ch\/de\/produit\/einstellbarer-led-einbaustrahler-cob-13-w-3000-k-weiss-ip54\/#breadcrumb"},"inLanguage":"de","potentialAction":[{"@type":"ReadAction","target":["https:\/\/www.sos-light.ch\/de\/produit\/einstellbarer-led-einbaustrahler-cob-13-w-3000-k-weiss-ip54\/"]}]},{"@type":"ImageObject","inLanguage":"de","@id":"https:\/\/www.sos-light.ch\/de\/produit\/einstellbarer-led-einbaustrahler-cob-13-w-3000-k-weiss-ip54\/#primaryimage","url":"https:\/\/www.sos-light.ch\/wp-content\/uploads\/2025\/04\/Spot-encastre-reglable-LED-COB-13-W-3000-K-blanc-IP54.png","contentUrl":"https:\/\/www.sos-light.ch\/wp-content\/uploads\/2025\/04\/Spot-encastre-reglable-LED-COB-13-W-3000-K-blanc-IP54.png","width":1000,"height":1000},{"@type":"BreadcrumbList","@id":"https:\/\/www.sos-light.ch\/de\/produit\/einstellbarer-led-einbaustrahler-cob-13-w-3000-k-weiss-ip54\/#breadcrumb","itemListElement":[{"@type":"ListItem","position":1,"name":"Accueil","item":"https:\/\/www.sos-light.ch\/de\/"},{"@type":"ListItem","position":2,"name":"Beleuchtungsl\u00f6sungen","item":"https:\/\/www.sos-light.ch\/de\/beleuchtungsloesungen\/"},{"@type":"ListItem","position":3,"name":"Einstellbarer LED-Einbaustrahler COB 13 W, 3000 K, Wei\u00df, IP54"}]},{"@type":"WebSite","@id":"https:\/\/www.sos-light.ch\/de\/#website","url":"https:\/\/www.sos-light.ch\/de\/","name":"SOS-Light","description":"Solutions d\u2019\u00e9clairages standard et de secours","publisher":{"@id":"https:\/\/www.sos-light.ch\/de\/#organization"},"potentialAction":[{"@type":"SearchAction","target":{"@type":"EntryPoint","urlTemplate":"https:\/\/www.sos-light.ch\/de\/?s={search_term_string}"},"query-input":{"@type":"PropertyValueSpecification","valueRequired":true,"valueName":"search_term_string"}}],"inLanguage":"de"},{"@type":"Organization","@id":"https:\/\/www.sos-light.ch\/de\/#organization","name":"SOS-Light","url":"https:\/\/www.sos-light.ch\/de\/","logo":{"@type":"ImageObject","inLanguage":"de","@id":"https:\/\/www.sos-light.ch\/de\/#\/schema\/logo\/image\/","url":"https:\/\/www.sos-light.ch\/wp-content\/uploads\/2023\/04\/cropped-logo-woocommerce.png","contentUrl":"https:\/\/www.sos-light.ch\/wp-content\/uploads\/2023\/04\/cropped-logo-woocommerce.png","width":150,"height":98,"caption":"SOS-Light"},"image":{"@id":"https:\/\/www.sos-light.ch\/de\/#\/schema\/logo\/image\/"}}]}},"_links":{"self":[{"href":"https:\/\/www.sos-light.ch\/de\/wp-json\/wp\/v2\/product\/56718","targetHints":{"allow":["GET"]}}],"collection":[{"href":"https:\/\/www.sos-light.ch\/de\/wp-json\/wp\/v2\/product"}],"about":[{"href":"https:\/\/www.sos-light.ch\/de\/wp-json\/wp\/v2\/types\/product"}],"wp:featuredmedia":[{"embeddable":true,"href":"https:\/\/www.sos-light.ch\/de\/wp-json\/wp\/v2\/media\/47537"}],"wp:attachment":[{"href":"https:\/\/www.sos-light.ch\/de\/wp-json\/wp\/v2\/media?parent=56718"}],"wp:term":[{"taxonomy":"product_brand","embeddable":true,"href":"https:\/\/www.sos-light.ch\/de\/wp-json\/wp\/v2\/product_brand?post=56718"},{"taxonomy":"product_cat","embeddable":true,"href":"https:\/\/www.sos-light.ch\/de\/wp-json\/wp\/v2\/product_cat?post=56718"},{"taxonomy":"product_tag","embeddable":true,"href":"https:\/\/www.sos-light.ch\/de\/wp-json\/wp\/v2\/product_tag?post=56718"}],"curies":[{"name":"wp","href":"https:\/\/api.w.org\/{rel}","templated":true}]}}