{"id":56215,"date":"2025-04-14T13:09:09","date_gmt":"2025-04-14T11:09:09","guid":{"rendered":"https:\/\/www.sos-light.ch\/produit\/fixer-led-einbaustrahler-cob-12-w-3000-k-weiss-honeycomb-reflektor\/"},"modified":"2025-04-14T13:09:09","modified_gmt":"2025-04-14T11:09:09","slug":"fixer-led-einbaustrahler-cob-12-w-3000-k-weiss-honeycomb-reflektor","status":"publish","type":"product","link":"https:\/\/www.sos-light.ch\/de\/produit\/fixer-led-einbaustrahler-cob-12-w-3000-k-weiss-honeycomb-reflektor\/","title":{"rendered":"Fixer LED-Einbaustrahler COB 12 W, 3000 K, wei\u00df, Honeycomb-Reflektor"},"content":{"rendered":"<p>Fester LED-Einbaustrahler COB 12 W, warmwei\u00df (3000 K), Lichtstrom \u2248 1000 lm, CRI 90, Abstrahlwinkel 36\u00b0. \u00d8 82 mm, Ausschnitt \u00d8 72 mm, H\u00f6he 40 mm, erforderliche Einbautiefe 60 mm. F\u00fcr den Einsatz in Innenr\u00e4umen (IP20). Ben\u00f6tigt 700 mA Treiber   <\/p>\n","protected":false},"excerpt":{"rendered":"<p>Fester LED-Einbaustrahler COB 12 W, warmwei\u00df (3000 K), Lichtstrom \u2248 1000 lm, CRI 90, Abstrahlwinkel 36\u00b0. \u00d8 82 mm, Ausschnitt \u00d8 72 mm, H\u00f6he 40 mm, erforderliche Einbautiefe 60 mm. F\u00fcr den Einsatz in Innenr\u00e4umen (IP20). Ben\u00f6tigt 700 mA Treiber<\/p>\n","protected":false},"featured_media":47005,"template":"","meta":{"_acf_changed":false,"_eb_attr":""},"product_brand":[],"product_cat":[4567,1982],"product_tag":[],"class_list":{"0":"post-56215","1":"product","2":"type-product","3":"status-publish","4":"has-post-thumbnail","6":"product_cat-innenseite","7":"product_cat-unkategorisiert","9":"first","10":"instock","11":"taxable","12":"shipping-taxable","13":"purchasable","14":"product-type-simple"},"acf":[],"yoast_head":"<!-- This site is optimized with the Yoast SEO plugin v27.4 - https:\/\/yoast.com\/product\/yoast-seo-wordpress\/ -->\n<title>Fixer LED-Einbaustrahler COB 12 W, 3000 K, wei\u00df, Honeycomb-Reflektor - SOS-Light<\/title>\n<meta name=\"robots\" content=\"index, follow, max-snippet:-1, max-image-preview:large, max-video-preview:-1\" \/>\n<link rel=\"canonical\" href=\"https:\/\/www.sos-light.ch\/de\/produit\/fixer-led-einbaustrahler-cob-12-w-3000-k-weiss-honeycomb-reflektor\/\" \/>\n<meta property=\"og:locale\" content=\"de_DE\" \/>\n<meta property=\"og:type\" content=\"article\" \/>\n<meta property=\"og:title\" content=\"Fixer LED-Einbaustrahler COB 12 W, 3000 K, wei\u00df, Honeycomb-Reflektor - SOS-Light\" \/>\n<meta property=\"og:description\" content=\"Fester LED-Einbaustrahler COB 12 W, warmwei\u00df (3000 K), Lichtstrom \u2248 1000 lm, CRI 90, Abstrahlwinkel 36\u00b0. \u00d8 82 mm, Ausschnitt \u00d8 72 mm, H\u00f6he 40 mm, erforderliche Einbautiefe 60 mm. F\u00fcr den Einsatz in Innenr\u00e4umen (IP20). Ben\u00f6tigt 700 mA Treiber\" \/>\n<meta property=\"og:url\" content=\"https:\/\/www.sos-light.ch\/de\/produit\/fixer-led-einbaustrahler-cob-12-w-3000-k-weiss-honeycomb-reflektor\/\" \/>\n<meta property=\"og:site_name\" content=\"SOS-Light\" \/>\n<meta property=\"og:image\" content=\"https:\/\/www.sos-light.ch\/wp-content\/uploads\/2025\/04\/Spot-encastre-fixe-LED-COB-12-W-3000-K-blanc-reflecteur-honeycomb-.png\" \/>\n\t<meta property=\"og:image:width\" content=\"1000\" \/>\n\t<meta property=\"og:image:height\" content=\"1000\" \/>\n\t<meta property=\"og:image:type\" content=\"image\/png\" \/>\n<meta name=\"twitter:card\" content=\"summary_large_image\" \/>\n<script type=\"application\/ld+json\" class=\"yoast-schema-graph\">{\"@context\":\"https:\\\/\\\/schema.org\",\"@graph\":[{\"@type\":\"WebPage\",\"@id\":\"https:\\\/\\\/www.sos-light.ch\\\/de\\\/produit\\\/fixer-led-einbaustrahler-cob-12-w-3000-k-weiss-honeycomb-reflektor\\\/\",\"url\":\"https:\\\/\\\/www.sos-light.ch\\\/de\\\/produit\\\/fixer-led-einbaustrahler-cob-12-w-3000-k-weiss-honeycomb-reflektor\\\/\",\"name\":\"Fixer LED-Einbaustrahler COB 12 W, 3000 K, wei\u00df, Honeycomb-Reflektor - SOS-Light\",\"isPartOf\":{\"@id\":\"https:\\\/\\\/www.sos-light.ch\\\/de\\\/#website\"},\"primaryImageOfPage\":{\"@id\":\"https:\\\/\\\/www.sos-light.ch\\\/de\\\/produit\\\/fixer-led-einbaustrahler-cob-12-w-3000-k-weiss-honeycomb-reflektor\\\/#primaryimage\"},\"image\":{\"@id\":\"https:\\\/\\\/www.sos-light.ch\\\/de\\\/produit\\\/fixer-led-einbaustrahler-cob-12-w-3000-k-weiss-honeycomb-reflektor\\\/#primaryimage\"},\"thumbnailUrl\":\"https:\\\/\\\/www.sos-light.ch\\\/wp-content\\\/uploads\\\/2025\\\/04\\\/Spot-encastre-fixe-LED-COB-12-W-3000-K-blanc-reflecteur-honeycomb-.png\",\"datePublished\":\"2025-04-14T11:09:09+00:00\",\"breadcrumb\":{\"@id\":\"https:\\\/\\\/www.sos-light.ch\\\/de\\\/produit\\\/fixer-led-einbaustrahler-cob-12-w-3000-k-weiss-honeycomb-reflektor\\\/#breadcrumb\"},\"inLanguage\":\"de\",\"potentialAction\":[{\"@type\":\"ReadAction\",\"target\":[\"https:\\\/\\\/www.sos-light.ch\\\/de\\\/produit\\\/fixer-led-einbaustrahler-cob-12-w-3000-k-weiss-honeycomb-reflektor\\\/\"]}]},{\"@type\":\"ImageObject\",\"inLanguage\":\"de\",\"@id\":\"https:\\\/\\\/www.sos-light.ch\\\/de\\\/produit\\\/fixer-led-einbaustrahler-cob-12-w-3000-k-weiss-honeycomb-reflektor\\\/#primaryimage\",\"url\":\"https:\\\/\\\/www.sos-light.ch\\\/wp-content\\\/uploads\\\/2025\\\/04\\\/Spot-encastre-fixe-LED-COB-12-W-3000-K-blanc-reflecteur-honeycomb-.png\",\"contentUrl\":\"https:\\\/\\\/www.sos-light.ch\\\/wp-content\\\/uploads\\\/2025\\\/04\\\/Spot-encastre-fixe-LED-COB-12-W-3000-K-blanc-reflecteur-honeycomb-.png\",\"width\":1000,\"height\":1000},{\"@type\":\"BreadcrumbList\",\"@id\":\"https:\\\/\\\/www.sos-light.ch\\\/de\\\/produit\\\/fixer-led-einbaustrahler-cob-12-w-3000-k-weiss-honeycomb-reflektor\\\/#breadcrumb\",\"itemListElement\":[{\"@type\":\"ListItem\",\"position\":1,\"name\":\"Accueil\",\"item\":\"https:\\\/\\\/www.sos-light.ch\\\/de\\\/\"},{\"@type\":\"ListItem\",\"position\":2,\"name\":\"Beleuchtungsl\u00f6sungen\",\"item\":\"https:\\\/\\\/www.sos-light.ch\\\/de\\\/beleuchtungsloesungen\\\/\"},{\"@type\":\"ListItem\",\"position\":3,\"name\":\"Fixer LED-Einbaustrahler COB 12 W, 3000 K, wei\u00df, Honeycomb-Reflektor\"}]},{\"@type\":\"WebSite\",\"@id\":\"https:\\\/\\\/www.sos-light.ch\\\/de\\\/#website\",\"url\":\"https:\\\/\\\/www.sos-light.ch\\\/de\\\/\",\"name\":\"SOS-Light\",\"description\":\"Solutions d\u2019\u00e9clairages standard et de secours\",\"publisher\":{\"@id\":\"https:\\\/\\\/www.sos-light.ch\\\/de\\\/#organization\"},\"potentialAction\":[{\"@type\":\"SearchAction\",\"target\":{\"@type\":\"EntryPoint\",\"urlTemplate\":\"https:\\\/\\\/www.sos-light.ch\\\/de\\\/?s={search_term_string}\"},\"query-input\":{\"@type\":\"PropertyValueSpecification\",\"valueRequired\":true,\"valueName\":\"search_term_string\"}}],\"inLanguage\":\"de\"},{\"@type\":\"Organization\",\"@id\":\"https:\\\/\\\/www.sos-light.ch\\\/de\\\/#organization\",\"name\":\"SOS-Light\",\"url\":\"https:\\\/\\\/www.sos-light.ch\\\/de\\\/\",\"logo\":{\"@type\":\"ImageObject\",\"inLanguage\":\"de\",\"@id\":\"https:\\\/\\\/www.sos-light.ch\\\/de\\\/#\\\/schema\\\/logo\\\/image\\\/\",\"url\":\"https:\\\/\\\/www.sos-light.ch\\\/wp-content\\\/uploads\\\/2023\\\/04\\\/cropped-logo-woocommerce.png\",\"contentUrl\":\"https:\\\/\\\/www.sos-light.ch\\\/wp-content\\\/uploads\\\/2023\\\/04\\\/cropped-logo-woocommerce.png\",\"width\":150,\"height\":98,\"caption\":\"SOS-Light\"},\"image\":{\"@id\":\"https:\\\/\\\/www.sos-light.ch\\\/de\\\/#\\\/schema\\\/logo\\\/image\\\/\"}}]}<\/script>\n<!-- \/ Yoast SEO plugin. -->","yoast_head_json":{"title":"Fixer LED-Einbaustrahler COB 12 W, 3000 K, wei\u00df, Honeycomb-Reflektor - SOS-Light","robots":{"index":"index","follow":"follow","max-snippet":"max-snippet:-1","max-image-preview":"max-image-preview:large","max-video-preview":"max-video-preview:-1"},"canonical":"https:\/\/www.sos-light.ch\/de\/produit\/fixer-led-einbaustrahler-cob-12-w-3000-k-weiss-honeycomb-reflektor\/","og_locale":"de_DE","og_type":"article","og_title":"Fixer LED-Einbaustrahler COB 12 W, 3000 K, wei\u00df, Honeycomb-Reflektor - SOS-Light","og_description":"Fester LED-Einbaustrahler COB 12 W, warmwei\u00df (3000 K), Lichtstrom \u2248 1000 lm, CRI 90, Abstrahlwinkel 36\u00b0. \u00d8 82 mm, Ausschnitt \u00d8 72 mm, H\u00f6he 40 mm, erforderliche Einbautiefe 60 mm. F\u00fcr den Einsatz in Innenr\u00e4umen (IP20). Ben\u00f6tigt 700 mA Treiber","og_url":"https:\/\/www.sos-light.ch\/de\/produit\/fixer-led-einbaustrahler-cob-12-w-3000-k-weiss-honeycomb-reflektor\/","og_site_name":"SOS-Light","og_image":[{"width":1000,"height":1000,"url":"https:\/\/www.sos-light.ch\/wp-content\/uploads\/2025\/04\/Spot-encastre-fixe-LED-COB-12-W-3000-K-blanc-reflecteur-honeycomb-.png","type":"image\/png"}],"twitter_card":"summary_large_image","schema":{"@context":"https:\/\/schema.org","@graph":[{"@type":"WebPage","@id":"https:\/\/www.sos-light.ch\/de\/produit\/fixer-led-einbaustrahler-cob-12-w-3000-k-weiss-honeycomb-reflektor\/","url":"https:\/\/www.sos-light.ch\/de\/produit\/fixer-led-einbaustrahler-cob-12-w-3000-k-weiss-honeycomb-reflektor\/","name":"Fixer LED-Einbaustrahler COB 12 W, 3000 K, wei\u00df, Honeycomb-Reflektor - SOS-Light","isPartOf":{"@id":"https:\/\/www.sos-light.ch\/de\/#website"},"primaryImageOfPage":{"@id":"https:\/\/www.sos-light.ch\/de\/produit\/fixer-led-einbaustrahler-cob-12-w-3000-k-weiss-honeycomb-reflektor\/#primaryimage"},"image":{"@id":"https:\/\/www.sos-light.ch\/de\/produit\/fixer-led-einbaustrahler-cob-12-w-3000-k-weiss-honeycomb-reflektor\/#primaryimage"},"thumbnailUrl":"https:\/\/www.sos-light.ch\/wp-content\/uploads\/2025\/04\/Spot-encastre-fixe-LED-COB-12-W-3000-K-blanc-reflecteur-honeycomb-.png","datePublished":"2025-04-14T11:09:09+00:00","breadcrumb":{"@id":"https:\/\/www.sos-light.ch\/de\/produit\/fixer-led-einbaustrahler-cob-12-w-3000-k-weiss-honeycomb-reflektor\/#breadcrumb"},"inLanguage":"de","potentialAction":[{"@type":"ReadAction","target":["https:\/\/www.sos-light.ch\/de\/produit\/fixer-led-einbaustrahler-cob-12-w-3000-k-weiss-honeycomb-reflektor\/"]}]},{"@type":"ImageObject","inLanguage":"de","@id":"https:\/\/www.sos-light.ch\/de\/produit\/fixer-led-einbaustrahler-cob-12-w-3000-k-weiss-honeycomb-reflektor\/#primaryimage","url":"https:\/\/www.sos-light.ch\/wp-content\/uploads\/2025\/04\/Spot-encastre-fixe-LED-COB-12-W-3000-K-blanc-reflecteur-honeycomb-.png","contentUrl":"https:\/\/www.sos-light.ch\/wp-content\/uploads\/2025\/04\/Spot-encastre-fixe-LED-COB-12-W-3000-K-blanc-reflecteur-honeycomb-.png","width":1000,"height":1000},{"@type":"BreadcrumbList","@id":"https:\/\/www.sos-light.ch\/de\/produit\/fixer-led-einbaustrahler-cob-12-w-3000-k-weiss-honeycomb-reflektor\/#breadcrumb","itemListElement":[{"@type":"ListItem","position":1,"name":"Accueil","item":"https:\/\/www.sos-light.ch\/de\/"},{"@type":"ListItem","position":2,"name":"Beleuchtungsl\u00f6sungen","item":"https:\/\/www.sos-light.ch\/de\/beleuchtungsloesungen\/"},{"@type":"ListItem","position":3,"name":"Fixer LED-Einbaustrahler COB 12 W, 3000 K, wei\u00df, Honeycomb-Reflektor"}]},{"@type":"WebSite","@id":"https:\/\/www.sos-light.ch\/de\/#website","url":"https:\/\/www.sos-light.ch\/de\/","name":"SOS-Light","description":"Solutions d\u2019\u00e9clairages standard et de secours","publisher":{"@id":"https:\/\/www.sos-light.ch\/de\/#organization"},"potentialAction":[{"@type":"SearchAction","target":{"@type":"EntryPoint","urlTemplate":"https:\/\/www.sos-light.ch\/de\/?s={search_term_string}"},"query-input":{"@type":"PropertyValueSpecification","valueRequired":true,"valueName":"search_term_string"}}],"inLanguage":"de"},{"@type":"Organization","@id":"https:\/\/www.sos-light.ch\/de\/#organization","name":"SOS-Light","url":"https:\/\/www.sos-light.ch\/de\/","logo":{"@type":"ImageObject","inLanguage":"de","@id":"https:\/\/www.sos-light.ch\/de\/#\/schema\/logo\/image\/","url":"https:\/\/www.sos-light.ch\/wp-content\/uploads\/2023\/04\/cropped-logo-woocommerce.png","contentUrl":"https:\/\/www.sos-light.ch\/wp-content\/uploads\/2023\/04\/cropped-logo-woocommerce.png","width":150,"height":98,"caption":"SOS-Light"},"image":{"@id":"https:\/\/www.sos-light.ch\/de\/#\/schema\/logo\/image\/"}}]}},"_links":{"self":[{"href":"https:\/\/www.sos-light.ch\/de\/wp-json\/wp\/v2\/product\/56215","targetHints":{"allow":["GET"]}}],"collection":[{"href":"https:\/\/www.sos-light.ch\/de\/wp-json\/wp\/v2\/product"}],"about":[{"href":"https:\/\/www.sos-light.ch\/de\/wp-json\/wp\/v2\/types\/product"}],"wp:featuredmedia":[{"embeddable":true,"href":"https:\/\/www.sos-light.ch\/de\/wp-json\/wp\/v2\/media\/47005"}],"wp:attachment":[{"href":"https:\/\/www.sos-light.ch\/de\/wp-json\/wp\/v2\/media?parent=56215"}],"wp:term":[{"taxonomy":"product_brand","embeddable":true,"href":"https:\/\/www.sos-light.ch\/de\/wp-json\/wp\/v2\/product_brand?post=56215"},{"taxonomy":"product_cat","embeddable":true,"href":"https:\/\/www.sos-light.ch\/de\/wp-json\/wp\/v2\/product_cat?post=56215"},{"taxonomy":"product_tag","embeddable":true,"href":"https:\/\/www.sos-light.ch\/de\/wp-json\/wp\/v2\/product_tag?post=56215"}],"curies":[{"name":"wp","href":"https:\/\/api.w.org\/{rel}","templated":true}]}}