{"id":56002,"date":"2025-04-14T13:09:32","date_gmt":"2025-04-14T11:09:32","guid":{"rendered":"https:\/\/www.sos-light.ch\/produit\/einstellbare-einbaustrahler-dark-light-mr16-gu10-10w-weiss\/"},"modified":"2025-04-14T13:09:32","modified_gmt":"2025-04-14T11:09:32","slug":"einstellbare-einbaustrahler-dark-light-mr16-gu10-10w-weiss","status":"publish","type":"product","link":"https:\/\/www.sos-light.ch\/de\/produit\/einstellbare-einbaustrahler-dark-light-mr16-gu10-10w-weiss\/","title":{"rendered":"Einstellbare Einbaustrahler Dark Light MR16 GU10, 10W, wei\u00df"},"content":{"rendered":"<p>Einstellbarer Einbauspot MR16, Leistung max. 10 W, Fassung GU10. Geh\u00e4use aus Aluminium mit wei\u00dfem Reflektor. \u00d8 79 mm, H\u00f6he 36 mm, Ausschnitt \u00d8 72 mm, Einbautiefe 120 mm. F\u00fcr den Innenbereich (IP20).   <\/p>\n","protected":false},"excerpt":{"rendered":"<p>Einstellbarer Einbauspot MR16, Leistung max. 10 W, Fassung GU10. Geh\u00e4use aus Aluminium mit wei\u00dfem Reflektor. \u00d8 79 mm, H\u00f6he 36 mm, Ausschnitt \u00d8 72 mm, Einbautiefe 120 mm. F\u00fcr den Innenbereich (IP20).<\/p>\n","protected":false},"featured_media":47781,"template":"","meta":{"_acf_changed":false,"_eb_attr":""},"product_brand":[],"product_cat":[4567,1982],"product_tag":[],"class_list":{"0":"post-56002","1":"product","2":"type-product","3":"status-publish","4":"has-post-thumbnail","6":"product_cat-innenseite","7":"product_cat-unkategorisiert","9":"first","10":"instock","11":"taxable","12":"shipping-taxable","13":"purchasable","14":"product-type-simple"},"acf":[],"yoast_head":"<!-- This site is optimized with the Yoast SEO plugin v27.4 - https:\/\/yoast.com\/product\/yoast-seo-wordpress\/ -->\n<title>Einstellbare Einbaustrahler Dark Light MR16 GU10, 10W, wei\u00df - SOS-Light<\/title>\n<meta name=\"robots\" content=\"index, follow, max-snippet:-1, max-image-preview:large, max-video-preview:-1\" \/>\n<link rel=\"canonical\" href=\"https:\/\/www.sos-light.ch\/de\/produit\/einstellbare-einbaustrahler-dark-light-mr16-gu10-10w-weiss\/\" \/>\n<meta property=\"og:locale\" content=\"de_DE\" \/>\n<meta property=\"og:type\" content=\"article\" \/>\n<meta property=\"og:title\" content=\"Einstellbare Einbaustrahler Dark Light MR16 GU10, 10W, wei\u00df - SOS-Light\" \/>\n<meta property=\"og:description\" content=\"Einstellbarer Einbauspot MR16, Leistung max. 10 W, Fassung GU10. Geh\u00e4use aus Aluminium mit wei\u00dfem Reflektor. \u00d8 79 mm, H\u00f6he 36 mm, Ausschnitt \u00d8 72 mm, Einbautiefe 120 mm. F\u00fcr den Innenbereich (IP20).\" \/>\n<meta property=\"og:url\" content=\"https:\/\/www.sos-light.ch\/de\/produit\/einstellbare-einbaustrahler-dark-light-mr16-gu10-10w-weiss\/\" \/>\n<meta property=\"og:site_name\" content=\"SOS-Light\" \/>\n<meta property=\"og:image\" content=\"https:\/\/www.sos-light.ch\/wp-content\/uploads\/2025\/04\/SOS-11105MWW.png\" \/>\n\t<meta property=\"og:image:width\" content=\"1000\" \/>\n\t<meta property=\"og:image:height\" content=\"1000\" \/>\n\t<meta property=\"og:image:type\" content=\"image\/png\" \/>\n<meta name=\"twitter:card\" content=\"summary_large_image\" \/>\n<script type=\"application\/ld+json\" class=\"yoast-schema-graph\">{\"@context\":\"https:\\\/\\\/schema.org\",\"@graph\":[{\"@type\":\"WebPage\",\"@id\":\"https:\\\/\\\/www.sos-light.ch\\\/de\\\/produit\\\/einstellbare-einbaustrahler-dark-light-mr16-gu10-10w-weiss\\\/\",\"url\":\"https:\\\/\\\/www.sos-light.ch\\\/de\\\/produit\\\/einstellbare-einbaustrahler-dark-light-mr16-gu10-10w-weiss\\\/\",\"name\":\"Einstellbare Einbaustrahler Dark Light MR16 GU10, 10W, wei\u00df - SOS-Light\",\"isPartOf\":{\"@id\":\"https:\\\/\\\/www.sos-light.ch\\\/de\\\/#website\"},\"primaryImageOfPage\":{\"@id\":\"https:\\\/\\\/www.sos-light.ch\\\/de\\\/produit\\\/einstellbare-einbaustrahler-dark-light-mr16-gu10-10w-weiss\\\/#primaryimage\"},\"image\":{\"@id\":\"https:\\\/\\\/www.sos-light.ch\\\/de\\\/produit\\\/einstellbare-einbaustrahler-dark-light-mr16-gu10-10w-weiss\\\/#primaryimage\"},\"thumbnailUrl\":\"https:\\\/\\\/www.sos-light.ch\\\/wp-content\\\/uploads\\\/2025\\\/04\\\/SOS-11105MWW.png\",\"datePublished\":\"2025-04-14T11:09:32+00:00\",\"breadcrumb\":{\"@id\":\"https:\\\/\\\/www.sos-light.ch\\\/de\\\/produit\\\/einstellbare-einbaustrahler-dark-light-mr16-gu10-10w-weiss\\\/#breadcrumb\"},\"inLanguage\":\"de\",\"potentialAction\":[{\"@type\":\"ReadAction\",\"target\":[\"https:\\\/\\\/www.sos-light.ch\\\/de\\\/produit\\\/einstellbare-einbaustrahler-dark-light-mr16-gu10-10w-weiss\\\/\"]}]},{\"@type\":\"ImageObject\",\"inLanguage\":\"de\",\"@id\":\"https:\\\/\\\/www.sos-light.ch\\\/de\\\/produit\\\/einstellbare-einbaustrahler-dark-light-mr16-gu10-10w-weiss\\\/#primaryimage\",\"url\":\"https:\\\/\\\/www.sos-light.ch\\\/wp-content\\\/uploads\\\/2025\\\/04\\\/SOS-11105MWW.png\",\"contentUrl\":\"https:\\\/\\\/www.sos-light.ch\\\/wp-content\\\/uploads\\\/2025\\\/04\\\/SOS-11105MWW.png\",\"width\":1000,\"height\":1000},{\"@type\":\"BreadcrumbList\",\"@id\":\"https:\\\/\\\/www.sos-light.ch\\\/de\\\/produit\\\/einstellbare-einbaustrahler-dark-light-mr16-gu10-10w-weiss\\\/#breadcrumb\",\"itemListElement\":[{\"@type\":\"ListItem\",\"position\":1,\"name\":\"Accueil\",\"item\":\"https:\\\/\\\/www.sos-light.ch\\\/de\\\/\"},{\"@type\":\"ListItem\",\"position\":2,\"name\":\"Beleuchtungsl\u00f6sungen\",\"item\":\"https:\\\/\\\/www.sos-light.ch\\\/de\\\/beleuchtungsloesungen\\\/\"},{\"@type\":\"ListItem\",\"position\":3,\"name\":\"Einstellbare Einbaustrahler Dark Light MR16 GU10, 10W, wei\u00df\"}]},{\"@type\":\"WebSite\",\"@id\":\"https:\\\/\\\/www.sos-light.ch\\\/de\\\/#website\",\"url\":\"https:\\\/\\\/www.sos-light.ch\\\/de\\\/\",\"name\":\"SOS-Light\",\"description\":\"Solutions d\u2019\u00e9clairages standard et de secours\",\"publisher\":{\"@id\":\"https:\\\/\\\/www.sos-light.ch\\\/de\\\/#organization\"},\"potentialAction\":[{\"@type\":\"SearchAction\",\"target\":{\"@type\":\"EntryPoint\",\"urlTemplate\":\"https:\\\/\\\/www.sos-light.ch\\\/de\\\/?s={search_term_string}\"},\"query-input\":{\"@type\":\"PropertyValueSpecification\",\"valueRequired\":true,\"valueName\":\"search_term_string\"}}],\"inLanguage\":\"de\"},{\"@type\":\"Organization\",\"@id\":\"https:\\\/\\\/www.sos-light.ch\\\/de\\\/#organization\",\"name\":\"SOS-Light\",\"url\":\"https:\\\/\\\/www.sos-light.ch\\\/de\\\/\",\"logo\":{\"@type\":\"ImageObject\",\"inLanguage\":\"de\",\"@id\":\"https:\\\/\\\/www.sos-light.ch\\\/de\\\/#\\\/schema\\\/logo\\\/image\\\/\",\"url\":\"https:\\\/\\\/www.sos-light.ch\\\/wp-content\\\/uploads\\\/2023\\\/04\\\/cropped-logo-woocommerce.png\",\"contentUrl\":\"https:\\\/\\\/www.sos-light.ch\\\/wp-content\\\/uploads\\\/2023\\\/04\\\/cropped-logo-woocommerce.png\",\"width\":150,\"height\":98,\"caption\":\"SOS-Light\"},\"image\":{\"@id\":\"https:\\\/\\\/www.sos-light.ch\\\/de\\\/#\\\/schema\\\/logo\\\/image\\\/\"}}]}<\/script>\n<!-- \/ Yoast SEO plugin. -->","yoast_head_json":{"title":"Einstellbare Einbaustrahler Dark Light MR16 GU10, 10W, wei\u00df - SOS-Light","robots":{"index":"index","follow":"follow","max-snippet":"max-snippet:-1","max-image-preview":"max-image-preview:large","max-video-preview":"max-video-preview:-1"},"canonical":"https:\/\/www.sos-light.ch\/de\/produit\/einstellbare-einbaustrahler-dark-light-mr16-gu10-10w-weiss\/","og_locale":"de_DE","og_type":"article","og_title":"Einstellbare Einbaustrahler Dark Light MR16 GU10, 10W, wei\u00df - SOS-Light","og_description":"Einstellbarer Einbauspot MR16, Leistung max. 10 W, Fassung GU10. Geh\u00e4use aus Aluminium mit wei\u00dfem Reflektor. \u00d8 79 mm, H\u00f6he 36 mm, Ausschnitt \u00d8 72 mm, Einbautiefe 120 mm. F\u00fcr den Innenbereich (IP20).","og_url":"https:\/\/www.sos-light.ch\/de\/produit\/einstellbare-einbaustrahler-dark-light-mr16-gu10-10w-weiss\/","og_site_name":"SOS-Light","og_image":[{"width":1000,"height":1000,"url":"https:\/\/www.sos-light.ch\/wp-content\/uploads\/2025\/04\/SOS-11105MWW.png","type":"image\/png"}],"twitter_card":"summary_large_image","schema":{"@context":"https:\/\/schema.org","@graph":[{"@type":"WebPage","@id":"https:\/\/www.sos-light.ch\/de\/produit\/einstellbare-einbaustrahler-dark-light-mr16-gu10-10w-weiss\/","url":"https:\/\/www.sos-light.ch\/de\/produit\/einstellbare-einbaustrahler-dark-light-mr16-gu10-10w-weiss\/","name":"Einstellbare Einbaustrahler Dark Light MR16 GU10, 10W, wei\u00df - SOS-Light","isPartOf":{"@id":"https:\/\/www.sos-light.ch\/de\/#website"},"primaryImageOfPage":{"@id":"https:\/\/www.sos-light.ch\/de\/produit\/einstellbare-einbaustrahler-dark-light-mr16-gu10-10w-weiss\/#primaryimage"},"image":{"@id":"https:\/\/www.sos-light.ch\/de\/produit\/einstellbare-einbaustrahler-dark-light-mr16-gu10-10w-weiss\/#primaryimage"},"thumbnailUrl":"https:\/\/www.sos-light.ch\/wp-content\/uploads\/2025\/04\/SOS-11105MWW.png","datePublished":"2025-04-14T11:09:32+00:00","breadcrumb":{"@id":"https:\/\/www.sos-light.ch\/de\/produit\/einstellbare-einbaustrahler-dark-light-mr16-gu10-10w-weiss\/#breadcrumb"},"inLanguage":"de","potentialAction":[{"@type":"ReadAction","target":["https:\/\/www.sos-light.ch\/de\/produit\/einstellbare-einbaustrahler-dark-light-mr16-gu10-10w-weiss\/"]}]},{"@type":"ImageObject","inLanguage":"de","@id":"https:\/\/www.sos-light.ch\/de\/produit\/einstellbare-einbaustrahler-dark-light-mr16-gu10-10w-weiss\/#primaryimage","url":"https:\/\/www.sos-light.ch\/wp-content\/uploads\/2025\/04\/SOS-11105MWW.png","contentUrl":"https:\/\/www.sos-light.ch\/wp-content\/uploads\/2025\/04\/SOS-11105MWW.png","width":1000,"height":1000},{"@type":"BreadcrumbList","@id":"https:\/\/www.sos-light.ch\/de\/produit\/einstellbare-einbaustrahler-dark-light-mr16-gu10-10w-weiss\/#breadcrumb","itemListElement":[{"@type":"ListItem","position":1,"name":"Accueil","item":"https:\/\/www.sos-light.ch\/de\/"},{"@type":"ListItem","position":2,"name":"Beleuchtungsl\u00f6sungen","item":"https:\/\/www.sos-light.ch\/de\/beleuchtungsloesungen\/"},{"@type":"ListItem","position":3,"name":"Einstellbare Einbaustrahler Dark Light MR16 GU10, 10W, wei\u00df"}]},{"@type":"WebSite","@id":"https:\/\/www.sos-light.ch\/de\/#website","url":"https:\/\/www.sos-light.ch\/de\/","name":"SOS-Light","description":"Solutions d\u2019\u00e9clairages standard et de secours","publisher":{"@id":"https:\/\/www.sos-light.ch\/de\/#organization"},"potentialAction":[{"@type":"SearchAction","target":{"@type":"EntryPoint","urlTemplate":"https:\/\/www.sos-light.ch\/de\/?s={search_term_string}"},"query-input":{"@type":"PropertyValueSpecification","valueRequired":true,"valueName":"search_term_string"}}],"inLanguage":"de"},{"@type":"Organization","@id":"https:\/\/www.sos-light.ch\/de\/#organization","name":"SOS-Light","url":"https:\/\/www.sos-light.ch\/de\/","logo":{"@type":"ImageObject","inLanguage":"de","@id":"https:\/\/www.sos-light.ch\/de\/#\/schema\/logo\/image\/","url":"https:\/\/www.sos-light.ch\/wp-content\/uploads\/2023\/04\/cropped-logo-woocommerce.png","contentUrl":"https:\/\/www.sos-light.ch\/wp-content\/uploads\/2023\/04\/cropped-logo-woocommerce.png","width":150,"height":98,"caption":"SOS-Light"},"image":{"@id":"https:\/\/www.sos-light.ch\/de\/#\/schema\/logo\/image\/"}}]}},"_links":{"self":[{"href":"https:\/\/www.sos-light.ch\/de\/wp-json\/wp\/v2\/product\/56002","targetHints":{"allow":["GET"]}}],"collection":[{"href":"https:\/\/www.sos-light.ch\/de\/wp-json\/wp\/v2\/product"}],"about":[{"href":"https:\/\/www.sos-light.ch\/de\/wp-json\/wp\/v2\/types\/product"}],"wp:featuredmedia":[{"embeddable":true,"href":"https:\/\/www.sos-light.ch\/de\/wp-json\/wp\/v2\/media\/47781"}],"wp:attachment":[{"href":"https:\/\/www.sos-light.ch\/de\/wp-json\/wp\/v2\/media?parent=56002"}],"wp:term":[{"taxonomy":"product_brand","embeddable":true,"href":"https:\/\/www.sos-light.ch\/de\/wp-json\/wp\/v2\/product_brand?post=56002"},{"taxonomy":"product_cat","embeddable":true,"href":"https:\/\/www.sos-light.ch\/de\/wp-json\/wp\/v2\/product_cat?post=56002"},{"taxonomy":"product_tag","embeddable":true,"href":"https:\/\/www.sos-light.ch\/de\/wp-json\/wp\/v2\/product_tag?post=56002"}],"curies":[{"name":"wp","href":"https:\/\/api.w.org\/{rel}","templated":true}]}}