{"id":53659,"date":"2025-10-14T10:10:38","date_gmt":"2025-10-14T08:10:38","guid":{"rendered":"https:\/\/www.sos-light.ch\/produit\/ringfoermige-led-pendelleuchte\/"},"modified":"2025-10-14T10:10:38","modified_gmt":"2025-10-14T08:10:38","slug":"ringfoermige-led-pendelleuchte","status":"publish","type":"product","link":"https:\/\/www.sos-light.ch\/de\/produit\/ringfoermige-led-pendelleuchte\/","title":{"rendered":"Ringf\u00f6rmige LED-Pendelleuchte"},"content":{"rendered":"<p>Ringf\u00f6rmige LED-H\u00e4ngeleuchte, 40 W, 3000 K, CRI 80. Durchmesser 700 mm. Schutzklasse IP20. Integrierter 24 V Treiber. Lichtstrom: 2250 lm (\u2248 56,25 lm\/W). Konstruktion aus Aluminium und Stahl. Nicht dimmbar. Eingang: 220-240 V AC. Geeignet f\u00fcr Innenr\u00e4ume und abgeh\u00e4ngte Decken.        <\/p>\n","protected":false},"excerpt":{"rendered":"<p>Ringf\u00f6rmige LED-H\u00e4ngeleuchte, 40 W, 3000 K, CRI 80. Durchmesser 700 mm. Schutzklasse IP20. Integrierter 24 V Treiber. Lichtstrom: 2250 lm (\u2248 56,25 lm\/W). Konstruktion aus Aluminium und Stahl. Nicht dimmbar. Eingang: 220-240 V AC. Geeignet f\u00fcr Innenr\u00e4ume und abgeh\u00e4ngte Decken.<\/p>\n","protected":false},"featured_media":51194,"template":"","meta":{"_acf_changed":false,"_eb_attr":""},"product_brand":[],"product_cat":[4567,1982],"product_tag":[],"class_list":{"0":"post-53659","1":"product","2":"type-product","3":"status-publish","4":"has-post-thumbnail","6":"product_cat-innenseite","7":"product_cat-unkategorisiert","9":"first","10":"instock","11":"taxable","12":"shipping-taxable","13":"purchasable","14":"product-type-simple"},"acf":[],"yoast_head":"<!-- This site is optimized with the Yoast SEO plugin v27.4 - https:\/\/yoast.com\/product\/yoast-seo-wordpress\/ -->\n<title>Ringf\u00f6rmige LED-Pendelleuchte - SOS-Light<\/title>\n<meta name=\"robots\" content=\"index, follow, max-snippet:-1, max-image-preview:large, max-video-preview:-1\" \/>\n<link rel=\"canonical\" href=\"https:\/\/www.sos-light.ch\/de\/produit\/ringfoermige-led-pendelleuchte\/\" \/>\n<meta property=\"og:locale\" content=\"de_DE\" \/>\n<meta property=\"og:type\" content=\"article\" \/>\n<meta property=\"og:title\" content=\"Ringf\u00f6rmige LED-Pendelleuchte - SOS-Light\" \/>\n<meta property=\"og:description\" content=\"Ringf\u00f6rmige LED-H\u00e4ngeleuchte, 40 W, 3000 K, CRI 80. Durchmesser 700 mm. Schutzklasse IP20. Integrierter 24 V Treiber. Lichtstrom: 2250 lm (\u2248 56,25 lm\/W). Konstruktion aus Aluminium und Stahl. Nicht dimmbar. Eingang: 220-240 V AC. Geeignet f\u00fcr Innenr\u00e4ume und abgeh\u00e4ngte Decken.\" \/>\n<meta property=\"og:url\" content=\"https:\/\/www.sos-light.ch\/de\/produit\/ringfoermige-led-pendelleuchte\/\" \/>\n<meta property=\"og:site_name\" content=\"SOS-Light\" \/>\n<meta property=\"og:image\" content=\"https:\/\/www.sos-light.ch\/wp-content\/uploads\/2025\/10\/Suspension-LED-en-anneau.png\" \/>\n\t<meta property=\"og:image:width\" content=\"1000\" \/>\n\t<meta property=\"og:image:height\" content=\"1000\" \/>\n\t<meta property=\"og:image:type\" content=\"image\/png\" \/>\n<meta name=\"twitter:card\" content=\"summary_large_image\" \/>\n<script type=\"application\/ld+json\" class=\"yoast-schema-graph\">{\"@context\":\"https:\\\/\\\/schema.org\",\"@graph\":[{\"@type\":\"WebPage\",\"@id\":\"https:\\\/\\\/www.sos-light.ch\\\/de\\\/produit\\\/ringfoermige-led-pendelleuchte\\\/\",\"url\":\"https:\\\/\\\/www.sos-light.ch\\\/de\\\/produit\\\/ringfoermige-led-pendelleuchte\\\/\",\"name\":\"Ringf\u00f6rmige LED-Pendelleuchte - SOS-Light\",\"isPartOf\":{\"@id\":\"https:\\\/\\\/www.sos-light.ch\\\/de\\\/#website\"},\"primaryImageOfPage\":{\"@id\":\"https:\\\/\\\/www.sos-light.ch\\\/de\\\/produit\\\/ringfoermige-led-pendelleuchte\\\/#primaryimage\"},\"image\":{\"@id\":\"https:\\\/\\\/www.sos-light.ch\\\/de\\\/produit\\\/ringfoermige-led-pendelleuchte\\\/#primaryimage\"},\"thumbnailUrl\":\"https:\\\/\\\/www.sos-light.ch\\\/wp-content\\\/uploads\\\/2025\\\/10\\\/Suspension-LED-en-anneau.png\",\"datePublished\":\"2025-10-14T08:10:38+00:00\",\"breadcrumb\":{\"@id\":\"https:\\\/\\\/www.sos-light.ch\\\/de\\\/produit\\\/ringfoermige-led-pendelleuchte\\\/#breadcrumb\"},\"inLanguage\":\"de\",\"potentialAction\":[{\"@type\":\"ReadAction\",\"target\":[\"https:\\\/\\\/www.sos-light.ch\\\/de\\\/produit\\\/ringfoermige-led-pendelleuchte\\\/\"]}]},{\"@type\":\"ImageObject\",\"inLanguage\":\"de\",\"@id\":\"https:\\\/\\\/www.sos-light.ch\\\/de\\\/produit\\\/ringfoermige-led-pendelleuchte\\\/#primaryimage\",\"url\":\"https:\\\/\\\/www.sos-light.ch\\\/wp-content\\\/uploads\\\/2025\\\/10\\\/Suspension-LED-en-anneau.png\",\"contentUrl\":\"https:\\\/\\\/www.sos-light.ch\\\/wp-content\\\/uploads\\\/2025\\\/10\\\/Suspension-LED-en-anneau.png\",\"width\":1000,\"height\":1000},{\"@type\":\"BreadcrumbList\",\"@id\":\"https:\\\/\\\/www.sos-light.ch\\\/de\\\/produit\\\/ringfoermige-led-pendelleuchte\\\/#breadcrumb\",\"itemListElement\":[{\"@type\":\"ListItem\",\"position\":1,\"name\":\"Accueil\",\"item\":\"https:\\\/\\\/www.sos-light.ch\\\/de\\\/\"},{\"@type\":\"ListItem\",\"position\":2,\"name\":\"Beleuchtungsl\u00f6sungen\",\"item\":\"https:\\\/\\\/www.sos-light.ch\\\/de\\\/beleuchtungsloesungen\\\/\"},{\"@type\":\"ListItem\",\"position\":3,\"name\":\"Ringf\u00f6rmige LED-Pendelleuchte\"}]},{\"@type\":\"WebSite\",\"@id\":\"https:\\\/\\\/www.sos-light.ch\\\/de\\\/#website\",\"url\":\"https:\\\/\\\/www.sos-light.ch\\\/de\\\/\",\"name\":\"SOS-Light\",\"description\":\"Solutions d\u2019\u00e9clairages standard et de secours\",\"publisher\":{\"@id\":\"https:\\\/\\\/www.sos-light.ch\\\/de\\\/#organization\"},\"potentialAction\":[{\"@type\":\"SearchAction\",\"target\":{\"@type\":\"EntryPoint\",\"urlTemplate\":\"https:\\\/\\\/www.sos-light.ch\\\/de\\\/?s={search_term_string}\"},\"query-input\":{\"@type\":\"PropertyValueSpecification\",\"valueRequired\":true,\"valueName\":\"search_term_string\"}}],\"inLanguage\":\"de\"},{\"@type\":\"Organization\",\"@id\":\"https:\\\/\\\/www.sos-light.ch\\\/de\\\/#organization\",\"name\":\"SOS-Light\",\"url\":\"https:\\\/\\\/www.sos-light.ch\\\/de\\\/\",\"logo\":{\"@type\":\"ImageObject\",\"inLanguage\":\"de\",\"@id\":\"https:\\\/\\\/www.sos-light.ch\\\/de\\\/#\\\/schema\\\/logo\\\/image\\\/\",\"url\":\"https:\\\/\\\/www.sos-light.ch\\\/wp-content\\\/uploads\\\/2023\\\/04\\\/cropped-logo-woocommerce.png\",\"contentUrl\":\"https:\\\/\\\/www.sos-light.ch\\\/wp-content\\\/uploads\\\/2023\\\/04\\\/cropped-logo-woocommerce.png\",\"width\":150,\"height\":98,\"caption\":\"SOS-Light\"},\"image\":{\"@id\":\"https:\\\/\\\/www.sos-light.ch\\\/de\\\/#\\\/schema\\\/logo\\\/image\\\/\"}}]}<\/script>\n<!-- \/ Yoast SEO plugin. -->","yoast_head_json":{"title":"Ringf\u00f6rmige LED-Pendelleuchte - SOS-Light","robots":{"index":"index","follow":"follow","max-snippet":"max-snippet:-1","max-image-preview":"max-image-preview:large","max-video-preview":"max-video-preview:-1"},"canonical":"https:\/\/www.sos-light.ch\/de\/produit\/ringfoermige-led-pendelleuchte\/","og_locale":"de_DE","og_type":"article","og_title":"Ringf\u00f6rmige LED-Pendelleuchte - SOS-Light","og_description":"Ringf\u00f6rmige LED-H\u00e4ngeleuchte, 40 W, 3000 K, CRI 80. Durchmesser 700 mm. Schutzklasse IP20. Integrierter 24 V Treiber. Lichtstrom: 2250 lm (\u2248 56,25 lm\/W). Konstruktion aus Aluminium und Stahl. Nicht dimmbar. Eingang: 220-240 V AC. Geeignet f\u00fcr Innenr\u00e4ume und abgeh\u00e4ngte Decken.","og_url":"https:\/\/www.sos-light.ch\/de\/produit\/ringfoermige-led-pendelleuchte\/","og_site_name":"SOS-Light","og_image":[{"width":1000,"height":1000,"url":"https:\/\/www.sos-light.ch\/wp-content\/uploads\/2025\/10\/Suspension-LED-en-anneau.png","type":"image\/png"}],"twitter_card":"summary_large_image","schema":{"@context":"https:\/\/schema.org","@graph":[{"@type":"WebPage","@id":"https:\/\/www.sos-light.ch\/de\/produit\/ringfoermige-led-pendelleuchte\/","url":"https:\/\/www.sos-light.ch\/de\/produit\/ringfoermige-led-pendelleuchte\/","name":"Ringf\u00f6rmige LED-Pendelleuchte - SOS-Light","isPartOf":{"@id":"https:\/\/www.sos-light.ch\/de\/#website"},"primaryImageOfPage":{"@id":"https:\/\/www.sos-light.ch\/de\/produit\/ringfoermige-led-pendelleuchte\/#primaryimage"},"image":{"@id":"https:\/\/www.sos-light.ch\/de\/produit\/ringfoermige-led-pendelleuchte\/#primaryimage"},"thumbnailUrl":"https:\/\/www.sos-light.ch\/wp-content\/uploads\/2025\/10\/Suspension-LED-en-anneau.png","datePublished":"2025-10-14T08:10:38+00:00","breadcrumb":{"@id":"https:\/\/www.sos-light.ch\/de\/produit\/ringfoermige-led-pendelleuchte\/#breadcrumb"},"inLanguage":"de","potentialAction":[{"@type":"ReadAction","target":["https:\/\/www.sos-light.ch\/de\/produit\/ringfoermige-led-pendelleuchte\/"]}]},{"@type":"ImageObject","inLanguage":"de","@id":"https:\/\/www.sos-light.ch\/de\/produit\/ringfoermige-led-pendelleuchte\/#primaryimage","url":"https:\/\/www.sos-light.ch\/wp-content\/uploads\/2025\/10\/Suspension-LED-en-anneau.png","contentUrl":"https:\/\/www.sos-light.ch\/wp-content\/uploads\/2025\/10\/Suspension-LED-en-anneau.png","width":1000,"height":1000},{"@type":"BreadcrumbList","@id":"https:\/\/www.sos-light.ch\/de\/produit\/ringfoermige-led-pendelleuchte\/#breadcrumb","itemListElement":[{"@type":"ListItem","position":1,"name":"Accueil","item":"https:\/\/www.sos-light.ch\/de\/"},{"@type":"ListItem","position":2,"name":"Beleuchtungsl\u00f6sungen","item":"https:\/\/www.sos-light.ch\/de\/beleuchtungsloesungen\/"},{"@type":"ListItem","position":3,"name":"Ringf\u00f6rmige LED-Pendelleuchte"}]},{"@type":"WebSite","@id":"https:\/\/www.sos-light.ch\/de\/#website","url":"https:\/\/www.sos-light.ch\/de\/","name":"SOS-Light","description":"Solutions d\u2019\u00e9clairages standard et de secours","publisher":{"@id":"https:\/\/www.sos-light.ch\/de\/#organization"},"potentialAction":[{"@type":"SearchAction","target":{"@type":"EntryPoint","urlTemplate":"https:\/\/www.sos-light.ch\/de\/?s={search_term_string}"},"query-input":{"@type":"PropertyValueSpecification","valueRequired":true,"valueName":"search_term_string"}}],"inLanguage":"de"},{"@type":"Organization","@id":"https:\/\/www.sos-light.ch\/de\/#organization","name":"SOS-Light","url":"https:\/\/www.sos-light.ch\/de\/","logo":{"@type":"ImageObject","inLanguage":"de","@id":"https:\/\/www.sos-light.ch\/de\/#\/schema\/logo\/image\/","url":"https:\/\/www.sos-light.ch\/wp-content\/uploads\/2023\/04\/cropped-logo-woocommerce.png","contentUrl":"https:\/\/www.sos-light.ch\/wp-content\/uploads\/2023\/04\/cropped-logo-woocommerce.png","width":150,"height":98,"caption":"SOS-Light"},"image":{"@id":"https:\/\/www.sos-light.ch\/de\/#\/schema\/logo\/image\/"}}]}},"_links":{"self":[{"href":"https:\/\/www.sos-light.ch\/de\/wp-json\/wp\/v2\/product\/53659","targetHints":{"allow":["GET"]}}],"collection":[{"href":"https:\/\/www.sos-light.ch\/de\/wp-json\/wp\/v2\/product"}],"about":[{"href":"https:\/\/www.sos-light.ch\/de\/wp-json\/wp\/v2\/types\/product"}],"wp:featuredmedia":[{"embeddable":true,"href":"https:\/\/www.sos-light.ch\/de\/wp-json\/wp\/v2\/media\/51194"}],"wp:attachment":[{"href":"https:\/\/www.sos-light.ch\/de\/wp-json\/wp\/v2\/media?parent=53659"}],"wp:term":[{"taxonomy":"product_brand","embeddable":true,"href":"https:\/\/www.sos-light.ch\/de\/wp-json\/wp\/v2\/product_brand?post=53659"},{"taxonomy":"product_cat","embeddable":true,"href":"https:\/\/www.sos-light.ch\/de\/wp-json\/wp\/v2\/product_cat?post=53659"},{"taxonomy":"product_tag","embeddable":true,"href":"https:\/\/www.sos-light.ch\/de\/wp-json\/wp\/v2\/product_tag?post=53659"}],"curies":[{"name":"wp","href":"https:\/\/api.w.org\/{rel}","templated":true}]}}