{"id":53643,"date":"2025-10-22T12:10:31","date_gmt":"2025-10-22T10:10:31","guid":{"rendered":"https:\/\/www.sos-light.ch\/produit\/led-wandleuchte-20-w-4000-k-chrom-finish\/"},"modified":"2025-10-22T12:10:31","modified_gmt":"2025-10-22T10:10:31","slug":"led-wandleuchte-20-w-4000-k-chrom-finish","status":"publish","type":"product","link":"https:\/\/www.sos-light.ch\/de\/produit\/led-wandleuchte-20-w-4000-k-chrom-finish\/","title":{"rendered":"LED-Wandleuchte 20 W, 4000 K, Chrom-Finish"},"content":{"rendered":"<p>LED-Wandleuchte 230 V, 20 W, neutralwei\u00df (4000 K), Lichtstrom \u2248 1700 lm, CRI 80. Aluminiumgeh\u00e4use + PC-Diffusor, verchromt. Abmessungen: L 900 \u00d7 B 65 \u00d7 H 53 mm. Integrierter, nicht dimmbarer Treiber. Wandmontage, f\u00fcr den Innenbereich (IP44)    <\/p>\n","protected":false},"excerpt":{"rendered":"<p>LED-Wandleuchte 230 V, 20 W, neutralwei\u00df (4000 K), Lichtstrom \u2248 1700 lm, CRI 80. Aluminiumgeh\u00e4use + PC-Diffusor, verchromt. Abmessungen: L 900 \u00d7 B 65 \u00d7 H 53 mm. Integrierter, nicht dimmbarer Treiber. Wandmontage, f\u00fcr den Innenbereich (IP44)<\/p>\n","protected":false},"featured_media":44851,"template":"","meta":{"_acf_changed":false,"_eb_attr":""},"product_brand":[],"product_cat":[4567,1982],"product_tag":[],"class_list":{"0":"post-53643","1":"product","2":"type-product","3":"status-publish","4":"has-post-thumbnail","6":"product_cat-innenseite","7":"product_cat-unkategorisiert","9":"first","10":"instock","11":"taxable","12":"shipping-taxable","13":"purchasable","14":"product-type-simple"},"acf":[],"yoast_head":"<!-- This site is optimized with the Yoast SEO plugin v27.4 - https:\/\/yoast.com\/product\/yoast-seo-wordpress\/ -->\n<title>LED-Wandleuchte 20 W, 4000 K, Chrom-Finish - SOS-Light<\/title>\n<meta name=\"robots\" content=\"index, follow, max-snippet:-1, max-image-preview:large, max-video-preview:-1\" \/>\n<link rel=\"canonical\" href=\"https:\/\/www.sos-light.ch\/de\/produit\/led-wandleuchte-20-w-4000-k-chrom-finish\/\" \/>\n<meta property=\"og:locale\" content=\"de_DE\" \/>\n<meta property=\"og:type\" content=\"article\" \/>\n<meta property=\"og:title\" content=\"LED-Wandleuchte 20 W, 4000 K, Chrom-Finish - SOS-Light\" \/>\n<meta property=\"og:description\" content=\"LED-Wandleuchte 230 V, 20 W, neutralwei\u00df (4000 K), Lichtstrom \u2248 1700 lm, CRI 80. Aluminiumgeh\u00e4use + PC-Diffusor, verchromt. Abmessungen: L 900 \u00d7 B 65 \u00d7 H 53 mm. Integrierter, nicht dimmbarer Treiber. Wandmontage, f\u00fcr den Innenbereich (IP44)\" \/>\n<meta property=\"og:url\" content=\"https:\/\/www.sos-light.ch\/de\/produit\/led-wandleuchte-20-w-4000-k-chrom-finish\/\" \/>\n<meta property=\"og:site_name\" content=\"SOS-Light\" \/>\n<meta property=\"og:image\" content=\"https:\/\/www.sos-light.ch\/wp-content\/uploads\/2025\/10\/38120C.jpg\" \/>\n\t<meta property=\"og:image:width\" content=\"700\" \/>\n\t<meta property=\"og:image:height\" content=\"700\" \/>\n\t<meta property=\"og:image:type\" content=\"image\/jpeg\" \/>\n<meta name=\"twitter:card\" content=\"summary_large_image\" \/>\n<script type=\"application\/ld+json\" class=\"yoast-schema-graph\">{\"@context\":\"https:\\\/\\\/schema.org\",\"@graph\":[{\"@type\":\"WebPage\",\"@id\":\"https:\\\/\\\/www.sos-light.ch\\\/de\\\/produit\\\/led-wandleuchte-20-w-4000-k-chrom-finish\\\/\",\"url\":\"https:\\\/\\\/www.sos-light.ch\\\/de\\\/produit\\\/led-wandleuchte-20-w-4000-k-chrom-finish\\\/\",\"name\":\"LED-Wandleuchte 20 W, 4000 K, Chrom-Finish - SOS-Light\",\"isPartOf\":{\"@id\":\"https:\\\/\\\/www.sos-light.ch\\\/de\\\/#website\"},\"primaryImageOfPage\":{\"@id\":\"https:\\\/\\\/www.sos-light.ch\\\/de\\\/produit\\\/led-wandleuchte-20-w-4000-k-chrom-finish\\\/#primaryimage\"},\"image\":{\"@id\":\"https:\\\/\\\/www.sos-light.ch\\\/de\\\/produit\\\/led-wandleuchte-20-w-4000-k-chrom-finish\\\/#primaryimage\"},\"thumbnailUrl\":\"https:\\\/\\\/www.sos-light.ch\\\/wp-content\\\/uploads\\\/2025\\\/10\\\/38120C.jpg\",\"datePublished\":\"2025-10-22T10:10:31+00:00\",\"breadcrumb\":{\"@id\":\"https:\\\/\\\/www.sos-light.ch\\\/de\\\/produit\\\/led-wandleuchte-20-w-4000-k-chrom-finish\\\/#breadcrumb\"},\"inLanguage\":\"de\",\"potentialAction\":[{\"@type\":\"ReadAction\",\"target\":[\"https:\\\/\\\/www.sos-light.ch\\\/de\\\/produit\\\/led-wandleuchte-20-w-4000-k-chrom-finish\\\/\"]}]},{\"@type\":\"ImageObject\",\"inLanguage\":\"de\",\"@id\":\"https:\\\/\\\/www.sos-light.ch\\\/de\\\/produit\\\/led-wandleuchte-20-w-4000-k-chrom-finish\\\/#primaryimage\",\"url\":\"https:\\\/\\\/www.sos-light.ch\\\/wp-content\\\/uploads\\\/2025\\\/10\\\/38120C.jpg\",\"contentUrl\":\"https:\\\/\\\/www.sos-light.ch\\\/wp-content\\\/uploads\\\/2025\\\/10\\\/38120C.jpg\",\"width\":700,\"height\":700},{\"@type\":\"BreadcrumbList\",\"@id\":\"https:\\\/\\\/www.sos-light.ch\\\/de\\\/produit\\\/led-wandleuchte-20-w-4000-k-chrom-finish\\\/#breadcrumb\",\"itemListElement\":[{\"@type\":\"ListItem\",\"position\":1,\"name\":\"Accueil\",\"item\":\"https:\\\/\\\/www.sos-light.ch\\\/de\\\/\"},{\"@type\":\"ListItem\",\"position\":2,\"name\":\"Beleuchtungsl\u00f6sungen\",\"item\":\"https:\\\/\\\/www.sos-light.ch\\\/de\\\/beleuchtungsloesungen\\\/\"},{\"@type\":\"ListItem\",\"position\":3,\"name\":\"LED-Wandleuchte 20 W, 4000 K, Chrom-Finish\"}]},{\"@type\":\"WebSite\",\"@id\":\"https:\\\/\\\/www.sos-light.ch\\\/de\\\/#website\",\"url\":\"https:\\\/\\\/www.sos-light.ch\\\/de\\\/\",\"name\":\"SOS-Light\",\"description\":\"Solutions d\u2019\u00e9clairages standard et de secours\",\"publisher\":{\"@id\":\"https:\\\/\\\/www.sos-light.ch\\\/de\\\/#organization\"},\"potentialAction\":[{\"@type\":\"SearchAction\",\"target\":{\"@type\":\"EntryPoint\",\"urlTemplate\":\"https:\\\/\\\/www.sos-light.ch\\\/de\\\/?s={search_term_string}\"},\"query-input\":{\"@type\":\"PropertyValueSpecification\",\"valueRequired\":true,\"valueName\":\"search_term_string\"}}],\"inLanguage\":\"de\"},{\"@type\":\"Organization\",\"@id\":\"https:\\\/\\\/www.sos-light.ch\\\/de\\\/#organization\",\"name\":\"SOS-Light\",\"url\":\"https:\\\/\\\/www.sos-light.ch\\\/de\\\/\",\"logo\":{\"@type\":\"ImageObject\",\"inLanguage\":\"de\",\"@id\":\"https:\\\/\\\/www.sos-light.ch\\\/de\\\/#\\\/schema\\\/logo\\\/image\\\/\",\"url\":\"https:\\\/\\\/www.sos-light.ch\\\/wp-content\\\/uploads\\\/2023\\\/04\\\/cropped-logo-woocommerce.png\",\"contentUrl\":\"https:\\\/\\\/www.sos-light.ch\\\/wp-content\\\/uploads\\\/2023\\\/04\\\/cropped-logo-woocommerce.png\",\"width\":150,\"height\":98,\"caption\":\"SOS-Light\"},\"image\":{\"@id\":\"https:\\\/\\\/www.sos-light.ch\\\/de\\\/#\\\/schema\\\/logo\\\/image\\\/\"}}]}<\/script>\n<!-- \/ Yoast SEO plugin. -->","yoast_head_json":{"title":"LED-Wandleuchte 20 W, 4000 K, Chrom-Finish - SOS-Light","robots":{"index":"index","follow":"follow","max-snippet":"max-snippet:-1","max-image-preview":"max-image-preview:large","max-video-preview":"max-video-preview:-1"},"canonical":"https:\/\/www.sos-light.ch\/de\/produit\/led-wandleuchte-20-w-4000-k-chrom-finish\/","og_locale":"de_DE","og_type":"article","og_title":"LED-Wandleuchte 20 W, 4000 K, Chrom-Finish - SOS-Light","og_description":"LED-Wandleuchte 230 V, 20 W, neutralwei\u00df (4000 K), Lichtstrom \u2248 1700 lm, CRI 80. Aluminiumgeh\u00e4use + PC-Diffusor, verchromt. Abmessungen: L 900 \u00d7 B 65 \u00d7 H 53 mm. Integrierter, nicht dimmbarer Treiber. Wandmontage, f\u00fcr den Innenbereich (IP44)","og_url":"https:\/\/www.sos-light.ch\/de\/produit\/led-wandleuchte-20-w-4000-k-chrom-finish\/","og_site_name":"SOS-Light","og_image":[{"width":700,"height":700,"url":"https:\/\/www.sos-light.ch\/wp-content\/uploads\/2025\/10\/38120C.jpg","type":"image\/jpeg"}],"twitter_card":"summary_large_image","schema":{"@context":"https:\/\/schema.org","@graph":[{"@type":"WebPage","@id":"https:\/\/www.sos-light.ch\/de\/produit\/led-wandleuchte-20-w-4000-k-chrom-finish\/","url":"https:\/\/www.sos-light.ch\/de\/produit\/led-wandleuchte-20-w-4000-k-chrom-finish\/","name":"LED-Wandleuchte 20 W, 4000 K, Chrom-Finish - SOS-Light","isPartOf":{"@id":"https:\/\/www.sos-light.ch\/de\/#website"},"primaryImageOfPage":{"@id":"https:\/\/www.sos-light.ch\/de\/produit\/led-wandleuchte-20-w-4000-k-chrom-finish\/#primaryimage"},"image":{"@id":"https:\/\/www.sos-light.ch\/de\/produit\/led-wandleuchte-20-w-4000-k-chrom-finish\/#primaryimage"},"thumbnailUrl":"https:\/\/www.sos-light.ch\/wp-content\/uploads\/2025\/10\/38120C.jpg","datePublished":"2025-10-22T10:10:31+00:00","breadcrumb":{"@id":"https:\/\/www.sos-light.ch\/de\/produit\/led-wandleuchte-20-w-4000-k-chrom-finish\/#breadcrumb"},"inLanguage":"de","potentialAction":[{"@type":"ReadAction","target":["https:\/\/www.sos-light.ch\/de\/produit\/led-wandleuchte-20-w-4000-k-chrom-finish\/"]}]},{"@type":"ImageObject","inLanguage":"de","@id":"https:\/\/www.sos-light.ch\/de\/produit\/led-wandleuchte-20-w-4000-k-chrom-finish\/#primaryimage","url":"https:\/\/www.sos-light.ch\/wp-content\/uploads\/2025\/10\/38120C.jpg","contentUrl":"https:\/\/www.sos-light.ch\/wp-content\/uploads\/2025\/10\/38120C.jpg","width":700,"height":700},{"@type":"BreadcrumbList","@id":"https:\/\/www.sos-light.ch\/de\/produit\/led-wandleuchte-20-w-4000-k-chrom-finish\/#breadcrumb","itemListElement":[{"@type":"ListItem","position":1,"name":"Accueil","item":"https:\/\/www.sos-light.ch\/de\/"},{"@type":"ListItem","position":2,"name":"Beleuchtungsl\u00f6sungen","item":"https:\/\/www.sos-light.ch\/de\/beleuchtungsloesungen\/"},{"@type":"ListItem","position":3,"name":"LED-Wandleuchte 20 W, 4000 K, Chrom-Finish"}]},{"@type":"WebSite","@id":"https:\/\/www.sos-light.ch\/de\/#website","url":"https:\/\/www.sos-light.ch\/de\/","name":"SOS-Light","description":"Solutions d\u2019\u00e9clairages standard et de secours","publisher":{"@id":"https:\/\/www.sos-light.ch\/de\/#organization"},"potentialAction":[{"@type":"SearchAction","target":{"@type":"EntryPoint","urlTemplate":"https:\/\/www.sos-light.ch\/de\/?s={search_term_string}"},"query-input":{"@type":"PropertyValueSpecification","valueRequired":true,"valueName":"search_term_string"}}],"inLanguage":"de"},{"@type":"Organization","@id":"https:\/\/www.sos-light.ch\/de\/#organization","name":"SOS-Light","url":"https:\/\/www.sos-light.ch\/de\/","logo":{"@type":"ImageObject","inLanguage":"de","@id":"https:\/\/www.sos-light.ch\/de\/#\/schema\/logo\/image\/","url":"https:\/\/www.sos-light.ch\/wp-content\/uploads\/2023\/04\/cropped-logo-woocommerce.png","contentUrl":"https:\/\/www.sos-light.ch\/wp-content\/uploads\/2023\/04\/cropped-logo-woocommerce.png","width":150,"height":98,"caption":"SOS-Light"},"image":{"@id":"https:\/\/www.sos-light.ch\/de\/#\/schema\/logo\/image\/"}}]}},"_links":{"self":[{"href":"https:\/\/www.sos-light.ch\/de\/wp-json\/wp\/v2\/product\/53643","targetHints":{"allow":["GET"]}}],"collection":[{"href":"https:\/\/www.sos-light.ch\/de\/wp-json\/wp\/v2\/product"}],"about":[{"href":"https:\/\/www.sos-light.ch\/de\/wp-json\/wp\/v2\/types\/product"}],"wp:featuredmedia":[{"embeddable":true,"href":"https:\/\/www.sos-light.ch\/de\/wp-json\/wp\/v2\/media\/44851"}],"wp:attachment":[{"href":"https:\/\/www.sos-light.ch\/de\/wp-json\/wp\/v2\/media?parent=53643"}],"wp:term":[{"taxonomy":"product_brand","embeddable":true,"href":"https:\/\/www.sos-light.ch\/de\/wp-json\/wp\/v2\/product_brand?post=53643"},{"taxonomy":"product_cat","embeddable":true,"href":"https:\/\/www.sos-light.ch\/de\/wp-json\/wp\/v2\/product_cat?post=53643"},{"taxonomy":"product_tag","embeddable":true,"href":"https:\/\/www.sos-light.ch\/de\/wp-json\/wp\/v2\/product_tag?post=53643"}],"curies":[{"name":"wp","href":"https:\/\/api.w.org\/{rel}","templated":true}]}}