{"id":53172,"date":"2025-11-14T14:03:19","date_gmt":"2025-11-14T13:03:19","guid":{"rendered":"https:\/\/www.sos-light.ch\/produit\/led-strahler-100-w-3000-6000-k-schwarz-ip66-ik08\/"},"modified":"2025-11-14T14:03:19","modified_gmt":"2025-11-14T13:03:19","slug":"led-strahler-100-w-3000-6000-k-schwarz-ip66-ik08","status":"publish","type":"product","link":"https:\/\/www.sos-light.ch\/de\/produit\/led-strahler-100-w-3000-6000-k-schwarz-ip66-ik08\/","title":{"rendered":"LED-Strahler 100 W 3000-6000 K Schwarz IP66 IK08"},"content":{"rendered":"<p>LED-Strahler 100 W, 10.000 lm (100 lm\/W), Farbwechsel 3000-6000 K, Winkel 120\u00b0, Ra \u226580, AC-Eingang 220-277 V, Aluminiumgeh\u00e4use, IP66, IK08, nicht dimmbar. Abmessungen 278 \u00d7 300 \u00d7 52 mm, Kabel 1 m. <\/p>\n","protected":false},"excerpt":{"rendered":"<p>LED-Strahler 100 W, 10.000 lm (100 lm\/W), Farbwechsel 3000-6000 K, Winkel 120\u00b0, Ra \u226580, AC-Eingang 220-277 V, Aluminiumgeh\u00e4use, IP66, IK08, nicht dimmbar. Abmessungen 278 \u00d7 300 \u00d7 52 mm, Kabel 1 m.<\/p>\n","protected":false},"featured_media":51568,"template":"","meta":{"_acf_changed":false,"_eb_attr":""},"product_brand":[],"product_cat":[4641,1982],"product_tag":[],"class_list":{"0":"post-53172","1":"product","2":"type-product","3":"status-publish","4":"has-post-thumbnail","6":"product_cat-ausenseite","7":"product_cat-unkategorisiert","9":"first","10":"onbackorder","11":"taxable","12":"shipping-taxable","13":"purchasable","14":"product-type-simple"},"acf":[],"yoast_head":"<!-- This site is optimized with the Yoast SEO plugin v27.4 - https:\/\/yoast.com\/product\/yoast-seo-wordpress\/ -->\n<title>LED-Strahler 100 W 3000-6000 K Schwarz IP66 IK08 - SOS-Light<\/title>\n<meta name=\"robots\" content=\"index, follow, max-snippet:-1, max-image-preview:large, max-video-preview:-1\" \/>\n<link rel=\"canonical\" href=\"https:\/\/www.sos-light.ch\/de\/produit\/led-strahler-100-w-3000-6000-k-schwarz-ip66-ik08\/\" \/>\n<meta property=\"og:locale\" content=\"de_DE\" \/>\n<meta property=\"og:type\" content=\"article\" \/>\n<meta property=\"og:title\" content=\"LED-Strahler 100 W 3000-6000 K Schwarz IP66 IK08 - SOS-Light\" \/>\n<meta property=\"og:description\" content=\"LED-Strahler 100 W, 10.000 lm (100 lm\/W), Farbwechsel 3000-6000 K, Winkel 120\u00b0, Ra \u226580, AC-Eingang 220-277 V, Aluminiumgeh\u00e4use, IP66, IK08, nicht dimmbar. Abmessungen 278 \u00d7 300 \u00d7 52 mm, Kabel 1 m.\" \/>\n<meta property=\"og:url\" content=\"https:\/\/www.sos-light.ch\/de\/produit\/led-strahler-100-w-3000-6000-k-schwarz-ip66-ik08\/\" \/>\n<meta property=\"og:site_name\" content=\"SOS-Light\" \/>\n<meta property=\"og:image\" content=\"https:\/\/www.sos-light.ch\/wp-content\/uploads\/2025\/11\/SOS-5304.png\" \/>\n\t<meta property=\"og:image:width\" content=\"1000\" \/>\n\t<meta property=\"og:image:height\" content=\"1000\" \/>\n\t<meta property=\"og:image:type\" content=\"image\/png\" \/>\n<meta name=\"twitter:card\" content=\"summary_large_image\" \/>\n<script type=\"application\/ld+json\" class=\"yoast-schema-graph\">{\"@context\":\"https:\\\/\\\/schema.org\",\"@graph\":[{\"@type\":\"WebPage\",\"@id\":\"https:\\\/\\\/www.sos-light.ch\\\/de\\\/produit\\\/led-strahler-100-w-3000-6000-k-schwarz-ip66-ik08\\\/\",\"url\":\"https:\\\/\\\/www.sos-light.ch\\\/de\\\/produit\\\/led-strahler-100-w-3000-6000-k-schwarz-ip66-ik08\\\/\",\"name\":\"LED-Strahler 100 W 3000-6000 K Schwarz IP66 IK08 - SOS-Light\",\"isPartOf\":{\"@id\":\"https:\\\/\\\/www.sos-light.ch\\\/de\\\/#website\"},\"primaryImageOfPage\":{\"@id\":\"https:\\\/\\\/www.sos-light.ch\\\/de\\\/produit\\\/led-strahler-100-w-3000-6000-k-schwarz-ip66-ik08\\\/#primaryimage\"},\"image\":{\"@id\":\"https:\\\/\\\/www.sos-light.ch\\\/de\\\/produit\\\/led-strahler-100-w-3000-6000-k-schwarz-ip66-ik08\\\/#primaryimage\"},\"thumbnailUrl\":\"https:\\\/\\\/www.sos-light.ch\\\/wp-content\\\/uploads\\\/2025\\\/11\\\/SOS-5304.png\",\"datePublished\":\"2025-11-14T13:03:19+00:00\",\"breadcrumb\":{\"@id\":\"https:\\\/\\\/www.sos-light.ch\\\/de\\\/produit\\\/led-strahler-100-w-3000-6000-k-schwarz-ip66-ik08\\\/#breadcrumb\"},\"inLanguage\":\"de\",\"potentialAction\":[{\"@type\":\"ReadAction\",\"target\":[\"https:\\\/\\\/www.sos-light.ch\\\/de\\\/produit\\\/led-strahler-100-w-3000-6000-k-schwarz-ip66-ik08\\\/\"]}]},{\"@type\":\"ImageObject\",\"inLanguage\":\"de\",\"@id\":\"https:\\\/\\\/www.sos-light.ch\\\/de\\\/produit\\\/led-strahler-100-w-3000-6000-k-schwarz-ip66-ik08\\\/#primaryimage\",\"url\":\"https:\\\/\\\/www.sos-light.ch\\\/wp-content\\\/uploads\\\/2025\\\/11\\\/SOS-5304.png\",\"contentUrl\":\"https:\\\/\\\/www.sos-light.ch\\\/wp-content\\\/uploads\\\/2025\\\/11\\\/SOS-5304.png\",\"width\":1000,\"height\":1000},{\"@type\":\"BreadcrumbList\",\"@id\":\"https:\\\/\\\/www.sos-light.ch\\\/de\\\/produit\\\/led-strahler-100-w-3000-6000-k-schwarz-ip66-ik08\\\/#breadcrumb\",\"itemListElement\":[{\"@type\":\"ListItem\",\"position\":1,\"name\":\"Accueil\",\"item\":\"https:\\\/\\\/www.sos-light.ch\\\/de\\\/\"},{\"@type\":\"ListItem\",\"position\":2,\"name\":\"Beleuchtungsl\u00f6sungen\",\"item\":\"https:\\\/\\\/www.sos-light.ch\\\/de\\\/beleuchtungsloesungen\\\/\"},{\"@type\":\"ListItem\",\"position\":3,\"name\":\"LED-Strahler 100 W 3000-6000 K Schwarz IP66 IK08\"}]},{\"@type\":\"WebSite\",\"@id\":\"https:\\\/\\\/www.sos-light.ch\\\/de\\\/#website\",\"url\":\"https:\\\/\\\/www.sos-light.ch\\\/de\\\/\",\"name\":\"SOS-Light\",\"description\":\"Solutions d\u2019\u00e9clairages standard et de secours\",\"publisher\":{\"@id\":\"https:\\\/\\\/www.sos-light.ch\\\/de\\\/#organization\"},\"potentialAction\":[{\"@type\":\"SearchAction\",\"target\":{\"@type\":\"EntryPoint\",\"urlTemplate\":\"https:\\\/\\\/www.sos-light.ch\\\/de\\\/?s={search_term_string}\"},\"query-input\":{\"@type\":\"PropertyValueSpecification\",\"valueRequired\":true,\"valueName\":\"search_term_string\"}}],\"inLanguage\":\"de\"},{\"@type\":\"Organization\",\"@id\":\"https:\\\/\\\/www.sos-light.ch\\\/de\\\/#organization\",\"name\":\"SOS-Light\",\"url\":\"https:\\\/\\\/www.sos-light.ch\\\/de\\\/\",\"logo\":{\"@type\":\"ImageObject\",\"inLanguage\":\"de\",\"@id\":\"https:\\\/\\\/www.sos-light.ch\\\/de\\\/#\\\/schema\\\/logo\\\/image\\\/\",\"url\":\"https:\\\/\\\/www.sos-light.ch\\\/wp-content\\\/uploads\\\/2023\\\/04\\\/cropped-logo-woocommerce.png\",\"contentUrl\":\"https:\\\/\\\/www.sos-light.ch\\\/wp-content\\\/uploads\\\/2023\\\/04\\\/cropped-logo-woocommerce.png\",\"width\":150,\"height\":98,\"caption\":\"SOS-Light\"},\"image\":{\"@id\":\"https:\\\/\\\/www.sos-light.ch\\\/de\\\/#\\\/schema\\\/logo\\\/image\\\/\"}}]}<\/script>\n<!-- \/ Yoast SEO plugin. -->","yoast_head_json":{"title":"LED-Strahler 100 W 3000-6000 K Schwarz IP66 IK08 - SOS-Light","robots":{"index":"index","follow":"follow","max-snippet":"max-snippet:-1","max-image-preview":"max-image-preview:large","max-video-preview":"max-video-preview:-1"},"canonical":"https:\/\/www.sos-light.ch\/de\/produit\/led-strahler-100-w-3000-6000-k-schwarz-ip66-ik08\/","og_locale":"de_DE","og_type":"article","og_title":"LED-Strahler 100 W 3000-6000 K Schwarz IP66 IK08 - SOS-Light","og_description":"LED-Strahler 100 W, 10.000 lm (100 lm\/W), Farbwechsel 3000-6000 K, Winkel 120\u00b0, Ra \u226580, AC-Eingang 220-277 V, Aluminiumgeh\u00e4use, IP66, IK08, nicht dimmbar. Abmessungen 278 \u00d7 300 \u00d7 52 mm, Kabel 1 m.","og_url":"https:\/\/www.sos-light.ch\/de\/produit\/led-strahler-100-w-3000-6000-k-schwarz-ip66-ik08\/","og_site_name":"SOS-Light","og_image":[{"width":1000,"height":1000,"url":"https:\/\/www.sos-light.ch\/wp-content\/uploads\/2025\/11\/SOS-5304.png","type":"image\/png"}],"twitter_card":"summary_large_image","schema":{"@context":"https:\/\/schema.org","@graph":[{"@type":"WebPage","@id":"https:\/\/www.sos-light.ch\/de\/produit\/led-strahler-100-w-3000-6000-k-schwarz-ip66-ik08\/","url":"https:\/\/www.sos-light.ch\/de\/produit\/led-strahler-100-w-3000-6000-k-schwarz-ip66-ik08\/","name":"LED-Strahler 100 W 3000-6000 K Schwarz IP66 IK08 - SOS-Light","isPartOf":{"@id":"https:\/\/www.sos-light.ch\/de\/#website"},"primaryImageOfPage":{"@id":"https:\/\/www.sos-light.ch\/de\/produit\/led-strahler-100-w-3000-6000-k-schwarz-ip66-ik08\/#primaryimage"},"image":{"@id":"https:\/\/www.sos-light.ch\/de\/produit\/led-strahler-100-w-3000-6000-k-schwarz-ip66-ik08\/#primaryimage"},"thumbnailUrl":"https:\/\/www.sos-light.ch\/wp-content\/uploads\/2025\/11\/SOS-5304.png","datePublished":"2025-11-14T13:03:19+00:00","breadcrumb":{"@id":"https:\/\/www.sos-light.ch\/de\/produit\/led-strahler-100-w-3000-6000-k-schwarz-ip66-ik08\/#breadcrumb"},"inLanguage":"de","potentialAction":[{"@type":"ReadAction","target":["https:\/\/www.sos-light.ch\/de\/produit\/led-strahler-100-w-3000-6000-k-schwarz-ip66-ik08\/"]}]},{"@type":"ImageObject","inLanguage":"de","@id":"https:\/\/www.sos-light.ch\/de\/produit\/led-strahler-100-w-3000-6000-k-schwarz-ip66-ik08\/#primaryimage","url":"https:\/\/www.sos-light.ch\/wp-content\/uploads\/2025\/11\/SOS-5304.png","contentUrl":"https:\/\/www.sos-light.ch\/wp-content\/uploads\/2025\/11\/SOS-5304.png","width":1000,"height":1000},{"@type":"BreadcrumbList","@id":"https:\/\/www.sos-light.ch\/de\/produit\/led-strahler-100-w-3000-6000-k-schwarz-ip66-ik08\/#breadcrumb","itemListElement":[{"@type":"ListItem","position":1,"name":"Accueil","item":"https:\/\/www.sos-light.ch\/de\/"},{"@type":"ListItem","position":2,"name":"Beleuchtungsl\u00f6sungen","item":"https:\/\/www.sos-light.ch\/de\/beleuchtungsloesungen\/"},{"@type":"ListItem","position":3,"name":"LED-Strahler 100 W 3000-6000 K Schwarz IP66 IK08"}]},{"@type":"WebSite","@id":"https:\/\/www.sos-light.ch\/de\/#website","url":"https:\/\/www.sos-light.ch\/de\/","name":"SOS-Light","description":"Solutions d\u2019\u00e9clairages standard et de secours","publisher":{"@id":"https:\/\/www.sos-light.ch\/de\/#organization"},"potentialAction":[{"@type":"SearchAction","target":{"@type":"EntryPoint","urlTemplate":"https:\/\/www.sos-light.ch\/de\/?s={search_term_string}"},"query-input":{"@type":"PropertyValueSpecification","valueRequired":true,"valueName":"search_term_string"}}],"inLanguage":"de"},{"@type":"Organization","@id":"https:\/\/www.sos-light.ch\/de\/#organization","name":"SOS-Light","url":"https:\/\/www.sos-light.ch\/de\/","logo":{"@type":"ImageObject","inLanguage":"de","@id":"https:\/\/www.sos-light.ch\/de\/#\/schema\/logo\/image\/","url":"https:\/\/www.sos-light.ch\/wp-content\/uploads\/2023\/04\/cropped-logo-woocommerce.png","contentUrl":"https:\/\/www.sos-light.ch\/wp-content\/uploads\/2023\/04\/cropped-logo-woocommerce.png","width":150,"height":98,"caption":"SOS-Light"},"image":{"@id":"https:\/\/www.sos-light.ch\/de\/#\/schema\/logo\/image\/"}}]}},"_links":{"self":[{"href":"https:\/\/www.sos-light.ch\/de\/wp-json\/wp\/v2\/product\/53172","targetHints":{"allow":["GET"]}}],"collection":[{"href":"https:\/\/www.sos-light.ch\/de\/wp-json\/wp\/v2\/product"}],"about":[{"href":"https:\/\/www.sos-light.ch\/de\/wp-json\/wp\/v2\/types\/product"}],"wp:featuredmedia":[{"embeddable":true,"href":"https:\/\/www.sos-light.ch\/de\/wp-json\/wp\/v2\/media\/51568"}],"wp:attachment":[{"href":"https:\/\/www.sos-light.ch\/de\/wp-json\/wp\/v2\/media?parent=53172"}],"wp:term":[{"taxonomy":"product_brand","embeddable":true,"href":"https:\/\/www.sos-light.ch\/de\/wp-json\/wp\/v2\/product_brand?post=53172"},{"taxonomy":"product_cat","embeddable":true,"href":"https:\/\/www.sos-light.ch\/de\/wp-json\/wp\/v2\/product_cat?post=53172"},{"taxonomy":"product_tag","embeddable":true,"href":"https:\/\/www.sos-light.ch\/de\/wp-json\/wp\/v2\/product_tag?post=53172"}],"curies":[{"name":"wp","href":"https:\/\/api.w.org\/{rel}","templated":true}]}}