{"id":53030,"date":"2025-11-04T13:49:06","date_gmt":"2025-11-04T12:49:06","guid":{"rendered":"https:\/\/www.sos-light.ch\/produit\/8-w-3000-k-ip65-weisse-led-wandleuchte-mit-sensor\/"},"modified":"2025-11-04T13:49:06","modified_gmt":"2025-11-04T12:49:06","slug":"8-w-3000-k-ip65-weisse-led-wandleuchte-mit-sensor","status":"publish","type":"product","link":"https:\/\/www.sos-light.ch\/de\/produit\/8-w-3000-k-ip65-weisse-led-wandleuchte-mit-sensor\/","title":{"rendered":"8 W 3000 K IP65 wei\u00dfe LED-Wandleuchte mit Sensor"},"content":{"rendered":"<p>LED-Wandleuchte 8 W, 3000 K, 350 lm, CRI 80, 43.7 lm\/W, rechteckiges Design 197 \u00d7 197 \u00d7 52 mm, wei\u00dfes ABS-Geh\u00e4use mit PC-Diffusor, integrierter Treiber, 300 mA Konstantstrom, IP65, mit Sensor.<\/p>\n","protected":false},"excerpt":{"rendered":"<p>LED-Wandleuchte 8 W, 3000 K, 350 lm, CRI 80, 43.7 lm\/W, rechteckiges Design 197 \u00d7 197 \u00d7 52 mm, wei\u00dfes ABS-Geh\u00e4use mit PC-Diffusor, integrierter Treiber, 300 mA Konstantstrom, IP65, mit Sensor.<\/p>\n","protected":false},"featured_media":51488,"template":"","meta":{"_acf_changed":false,"_eb_attr":""},"product_brand":[],"product_cat":[1982],"product_tag":[],"class_list":{"0":"post-53030","1":"product","2":"type-product","3":"status-publish","4":"has-post-thumbnail","6":"product_cat-unkategorisiert","8":"first","9":"onbackorder","10":"taxable","11":"shipping-taxable","12":"purchasable","13":"product-type-simple"},"acf":[],"yoast_head":"<!-- This site is optimized with the Yoast SEO plugin v27.4 - https:\/\/yoast.com\/product\/yoast-seo-wordpress\/ -->\n<title>8 W 3000 K IP65 wei\u00dfe LED-Wandleuchte mit Sensor - SOS-Light<\/title>\n<meta name=\"robots\" content=\"index, follow, max-snippet:-1, max-image-preview:large, max-video-preview:-1\" \/>\n<link rel=\"canonical\" href=\"https:\/\/www.sos-light.ch\/de\/produit\/8-w-3000-k-ip65-weisse-led-wandleuchte-mit-sensor\/\" \/>\n<meta property=\"og:locale\" content=\"de_DE\" \/>\n<meta property=\"og:type\" content=\"article\" \/>\n<meta property=\"og:title\" content=\"8 W 3000 K IP65 wei\u00dfe LED-Wandleuchte mit Sensor - SOS-Light\" \/>\n<meta property=\"og:description\" content=\"LED-Wandleuchte 8 W, 3000 K, 350 lm, CRI 80, 43.7 lm\/W, rechteckiges Design 197 \u00d7 197 \u00d7 52 mm, wei\u00dfes ABS-Geh\u00e4use mit PC-Diffusor, integrierter Treiber, 300 mA Konstantstrom, IP65, mit Sensor.\" \/>\n<meta property=\"og:url\" content=\"https:\/\/www.sos-light.ch\/de\/produit\/8-w-3000-k-ip65-weisse-led-wandleuchte-mit-sensor\/\" \/>\n<meta property=\"og:site_name\" content=\"SOS-Light\" \/>\n<meta property=\"og:image\" content=\"https:\/\/www.sos-light.ch\/wp-content\/uploads\/2025\/11\/Applique-murale-LED.png\" \/>\n\t<meta property=\"og:image:width\" content=\"1000\" \/>\n\t<meta property=\"og:image:height\" content=\"1000\" \/>\n\t<meta property=\"og:image:type\" content=\"image\/png\" \/>\n<meta name=\"twitter:card\" content=\"summary_large_image\" \/>\n<script type=\"application\/ld+json\" class=\"yoast-schema-graph\">{\"@context\":\"https:\\\/\\\/schema.org\",\"@graph\":[{\"@type\":\"WebPage\",\"@id\":\"https:\\\/\\\/www.sos-light.ch\\\/de\\\/produit\\\/8-w-3000-k-ip65-weisse-led-wandleuchte-mit-sensor\\\/\",\"url\":\"https:\\\/\\\/www.sos-light.ch\\\/de\\\/produit\\\/8-w-3000-k-ip65-weisse-led-wandleuchte-mit-sensor\\\/\",\"name\":\"8 W 3000 K IP65 wei\u00dfe LED-Wandleuchte mit Sensor - SOS-Light\",\"isPartOf\":{\"@id\":\"https:\\\/\\\/www.sos-light.ch\\\/de\\\/#website\"},\"primaryImageOfPage\":{\"@id\":\"https:\\\/\\\/www.sos-light.ch\\\/de\\\/produit\\\/8-w-3000-k-ip65-weisse-led-wandleuchte-mit-sensor\\\/#primaryimage\"},\"image\":{\"@id\":\"https:\\\/\\\/www.sos-light.ch\\\/de\\\/produit\\\/8-w-3000-k-ip65-weisse-led-wandleuchte-mit-sensor\\\/#primaryimage\"},\"thumbnailUrl\":\"https:\\\/\\\/www.sos-light.ch\\\/wp-content\\\/uploads\\\/2025\\\/11\\\/Applique-murale-LED.png\",\"datePublished\":\"2025-11-04T12:49:06+00:00\",\"breadcrumb\":{\"@id\":\"https:\\\/\\\/www.sos-light.ch\\\/de\\\/produit\\\/8-w-3000-k-ip65-weisse-led-wandleuchte-mit-sensor\\\/#breadcrumb\"},\"inLanguage\":\"de\",\"potentialAction\":[{\"@type\":\"ReadAction\",\"target\":[\"https:\\\/\\\/www.sos-light.ch\\\/de\\\/produit\\\/8-w-3000-k-ip65-weisse-led-wandleuchte-mit-sensor\\\/\"]}]},{\"@type\":\"ImageObject\",\"inLanguage\":\"de\",\"@id\":\"https:\\\/\\\/www.sos-light.ch\\\/de\\\/produit\\\/8-w-3000-k-ip65-weisse-led-wandleuchte-mit-sensor\\\/#primaryimage\",\"url\":\"https:\\\/\\\/www.sos-light.ch\\\/wp-content\\\/uploads\\\/2025\\\/11\\\/Applique-murale-LED.png\",\"contentUrl\":\"https:\\\/\\\/www.sos-light.ch\\\/wp-content\\\/uploads\\\/2025\\\/11\\\/Applique-murale-LED.png\",\"width\":1000,\"height\":1000},{\"@type\":\"BreadcrumbList\",\"@id\":\"https:\\\/\\\/www.sos-light.ch\\\/de\\\/produit\\\/8-w-3000-k-ip65-weisse-led-wandleuchte-mit-sensor\\\/#breadcrumb\",\"itemListElement\":[{\"@type\":\"ListItem\",\"position\":1,\"name\":\"Accueil\",\"item\":\"https:\\\/\\\/www.sos-light.ch\\\/de\\\/\"},{\"@type\":\"ListItem\",\"position\":2,\"name\":\"Beleuchtungsl\u00f6sungen\",\"item\":\"https:\\\/\\\/www.sos-light.ch\\\/de\\\/beleuchtungsloesungen\\\/\"},{\"@type\":\"ListItem\",\"position\":3,\"name\":\"8 W 3000 K IP65 wei\u00dfe LED-Wandleuchte mit Sensor\"}]},{\"@type\":\"WebSite\",\"@id\":\"https:\\\/\\\/www.sos-light.ch\\\/de\\\/#website\",\"url\":\"https:\\\/\\\/www.sos-light.ch\\\/de\\\/\",\"name\":\"SOS-Light\",\"description\":\"Solutions d\u2019\u00e9clairages standard et de secours\",\"publisher\":{\"@id\":\"https:\\\/\\\/www.sos-light.ch\\\/de\\\/#organization\"},\"potentialAction\":[{\"@type\":\"SearchAction\",\"target\":{\"@type\":\"EntryPoint\",\"urlTemplate\":\"https:\\\/\\\/www.sos-light.ch\\\/de\\\/?s={search_term_string}\"},\"query-input\":{\"@type\":\"PropertyValueSpecification\",\"valueRequired\":true,\"valueName\":\"search_term_string\"}}],\"inLanguage\":\"de\"},{\"@type\":\"Organization\",\"@id\":\"https:\\\/\\\/www.sos-light.ch\\\/de\\\/#organization\",\"name\":\"SOS-Light\",\"url\":\"https:\\\/\\\/www.sos-light.ch\\\/de\\\/\",\"logo\":{\"@type\":\"ImageObject\",\"inLanguage\":\"de\",\"@id\":\"https:\\\/\\\/www.sos-light.ch\\\/de\\\/#\\\/schema\\\/logo\\\/image\\\/\",\"url\":\"https:\\\/\\\/www.sos-light.ch\\\/wp-content\\\/uploads\\\/2023\\\/04\\\/cropped-logo-woocommerce.png\",\"contentUrl\":\"https:\\\/\\\/www.sos-light.ch\\\/wp-content\\\/uploads\\\/2023\\\/04\\\/cropped-logo-woocommerce.png\",\"width\":150,\"height\":98,\"caption\":\"SOS-Light\"},\"image\":{\"@id\":\"https:\\\/\\\/www.sos-light.ch\\\/de\\\/#\\\/schema\\\/logo\\\/image\\\/\"}}]}<\/script>\n<!-- \/ Yoast SEO plugin. -->","yoast_head_json":{"title":"8 W 3000 K IP65 wei\u00dfe LED-Wandleuchte mit Sensor - SOS-Light","robots":{"index":"index","follow":"follow","max-snippet":"max-snippet:-1","max-image-preview":"max-image-preview:large","max-video-preview":"max-video-preview:-1"},"canonical":"https:\/\/www.sos-light.ch\/de\/produit\/8-w-3000-k-ip65-weisse-led-wandleuchte-mit-sensor\/","og_locale":"de_DE","og_type":"article","og_title":"8 W 3000 K IP65 wei\u00dfe LED-Wandleuchte mit Sensor - SOS-Light","og_description":"LED-Wandleuchte 8 W, 3000 K, 350 lm, CRI 80, 43.7 lm\/W, rechteckiges Design 197 \u00d7 197 \u00d7 52 mm, wei\u00dfes ABS-Geh\u00e4use mit PC-Diffusor, integrierter Treiber, 300 mA Konstantstrom, IP65, mit Sensor.","og_url":"https:\/\/www.sos-light.ch\/de\/produit\/8-w-3000-k-ip65-weisse-led-wandleuchte-mit-sensor\/","og_site_name":"SOS-Light","og_image":[{"width":1000,"height":1000,"url":"https:\/\/www.sos-light.ch\/wp-content\/uploads\/2025\/11\/Applique-murale-LED.png","type":"image\/png"}],"twitter_card":"summary_large_image","schema":{"@context":"https:\/\/schema.org","@graph":[{"@type":"WebPage","@id":"https:\/\/www.sos-light.ch\/de\/produit\/8-w-3000-k-ip65-weisse-led-wandleuchte-mit-sensor\/","url":"https:\/\/www.sos-light.ch\/de\/produit\/8-w-3000-k-ip65-weisse-led-wandleuchte-mit-sensor\/","name":"8 W 3000 K IP65 wei\u00dfe LED-Wandleuchte mit Sensor - SOS-Light","isPartOf":{"@id":"https:\/\/www.sos-light.ch\/de\/#website"},"primaryImageOfPage":{"@id":"https:\/\/www.sos-light.ch\/de\/produit\/8-w-3000-k-ip65-weisse-led-wandleuchte-mit-sensor\/#primaryimage"},"image":{"@id":"https:\/\/www.sos-light.ch\/de\/produit\/8-w-3000-k-ip65-weisse-led-wandleuchte-mit-sensor\/#primaryimage"},"thumbnailUrl":"https:\/\/www.sos-light.ch\/wp-content\/uploads\/2025\/11\/Applique-murale-LED.png","datePublished":"2025-11-04T12:49:06+00:00","breadcrumb":{"@id":"https:\/\/www.sos-light.ch\/de\/produit\/8-w-3000-k-ip65-weisse-led-wandleuchte-mit-sensor\/#breadcrumb"},"inLanguage":"de","potentialAction":[{"@type":"ReadAction","target":["https:\/\/www.sos-light.ch\/de\/produit\/8-w-3000-k-ip65-weisse-led-wandleuchte-mit-sensor\/"]}]},{"@type":"ImageObject","inLanguage":"de","@id":"https:\/\/www.sos-light.ch\/de\/produit\/8-w-3000-k-ip65-weisse-led-wandleuchte-mit-sensor\/#primaryimage","url":"https:\/\/www.sos-light.ch\/wp-content\/uploads\/2025\/11\/Applique-murale-LED.png","contentUrl":"https:\/\/www.sos-light.ch\/wp-content\/uploads\/2025\/11\/Applique-murale-LED.png","width":1000,"height":1000},{"@type":"BreadcrumbList","@id":"https:\/\/www.sos-light.ch\/de\/produit\/8-w-3000-k-ip65-weisse-led-wandleuchte-mit-sensor\/#breadcrumb","itemListElement":[{"@type":"ListItem","position":1,"name":"Accueil","item":"https:\/\/www.sos-light.ch\/de\/"},{"@type":"ListItem","position":2,"name":"Beleuchtungsl\u00f6sungen","item":"https:\/\/www.sos-light.ch\/de\/beleuchtungsloesungen\/"},{"@type":"ListItem","position":3,"name":"8 W 3000 K IP65 wei\u00dfe LED-Wandleuchte mit Sensor"}]},{"@type":"WebSite","@id":"https:\/\/www.sos-light.ch\/de\/#website","url":"https:\/\/www.sos-light.ch\/de\/","name":"SOS-Light","description":"Solutions d\u2019\u00e9clairages standard et de secours","publisher":{"@id":"https:\/\/www.sos-light.ch\/de\/#organization"},"potentialAction":[{"@type":"SearchAction","target":{"@type":"EntryPoint","urlTemplate":"https:\/\/www.sos-light.ch\/de\/?s={search_term_string}"},"query-input":{"@type":"PropertyValueSpecification","valueRequired":true,"valueName":"search_term_string"}}],"inLanguage":"de"},{"@type":"Organization","@id":"https:\/\/www.sos-light.ch\/de\/#organization","name":"SOS-Light","url":"https:\/\/www.sos-light.ch\/de\/","logo":{"@type":"ImageObject","inLanguage":"de","@id":"https:\/\/www.sos-light.ch\/de\/#\/schema\/logo\/image\/","url":"https:\/\/www.sos-light.ch\/wp-content\/uploads\/2023\/04\/cropped-logo-woocommerce.png","contentUrl":"https:\/\/www.sos-light.ch\/wp-content\/uploads\/2023\/04\/cropped-logo-woocommerce.png","width":150,"height":98,"caption":"SOS-Light"},"image":{"@id":"https:\/\/www.sos-light.ch\/de\/#\/schema\/logo\/image\/"}}]}},"_links":{"self":[{"href":"https:\/\/www.sos-light.ch\/de\/wp-json\/wp\/v2\/product\/53030","targetHints":{"allow":["GET"]}}],"collection":[{"href":"https:\/\/www.sos-light.ch\/de\/wp-json\/wp\/v2\/product"}],"about":[{"href":"https:\/\/www.sos-light.ch\/de\/wp-json\/wp\/v2\/types\/product"}],"wp:featuredmedia":[{"embeddable":true,"href":"https:\/\/www.sos-light.ch\/de\/wp-json\/wp\/v2\/media\/51488"}],"wp:attachment":[{"href":"https:\/\/www.sos-light.ch\/de\/wp-json\/wp\/v2\/media?parent=53030"}],"wp:term":[{"taxonomy":"product_brand","embeddable":true,"href":"https:\/\/www.sos-light.ch\/de\/wp-json\/wp\/v2\/product_brand?post=53030"},{"taxonomy":"product_cat","embeddable":true,"href":"https:\/\/www.sos-light.ch\/de\/wp-json\/wp\/v2\/product_cat?post=53030"},{"taxonomy":"product_tag","embeddable":true,"href":"https:\/\/www.sos-light.ch\/de\/wp-json\/wp\/v2\/product_tag?post=53030"}],"curies":[{"name":"wp","href":"https:\/\/api.w.org\/{rel}","templated":true}]}}