{"id":51766,"date":"2025-05-07T11:14:48","date_gmt":"2025-05-07T09:14:48","guid":{"rendered":"https:\/\/www.sos-light.ch\/soziale-verantwortung-der-unternehmen-csr-bei-sos-light\/"},"modified":"2026-04-16T13:48:04","modified_gmt":"2026-04-16T11:48:04","slug":"soziale-verantwortung-der-unternehmen-csr-bei-sos-light","status":"publish","type":"page","link":"https:\/\/www.sos-light.ch\/de\/soziale-verantwortung-der-unternehmen-csr-bei-sos-light\/","title":{"rendered":"Soziale Verantwortung der Unternehmen (CSR) bei SOS-Light"},"content":{"rendered":"\t\t<div data-elementor-type=\"wp-page\" data-elementor-id=\"51766\" class=\"elementor elementor-51766 elementor-41840\" data-elementor-post-type=\"page\">\n\t\t\t\t\t\t<section class=\"elementor-section elementor-top-section elementor-element elementor-element-f230293 elementor-section-boxed elementor-section-height-default elementor-section-height-default\" data-id=\"f230293\" data-element_type=\"section\" data-e-type=\"section\">\n\t\t\t\t\t\t<div class=\"elementor-container elementor-column-gap-default\">\n\t\t\t\t\t<div class=\"elementor-column elementor-col-100 elementor-top-column elementor-element elementor-element-2a60474\" data-id=\"2a60474\" data-element_type=\"column\" data-e-type=\"column\">\n\t\t\t<div class=\"elementor-widget-wrap elementor-element-populated\">\n\t\t\t\t\t\t<div class=\"elementor-element elementor-element-7a36693 elementor-widget elementor-widget-text-editor\" data-id=\"7a36693\" data-element_type=\"widget\" data-e-type=\"widget\" data-widget_type=\"text-editor.default\">\n\t\t\t\t<div class=\"elementor-widget-container\">\n\t\t\t\t\t\t\t\t\t<p><span style=\"font-size: 1rem;\">Bei <\/span><strong style=\"font-size: 1rem;\">SOS-Light<\/strong><span style=\"font-size: 1rem;\">SOS-Lighting ist mehr als nur Sicherheit, Komfort und \u00c4sthetik.<\/span><\/p><p>Wir denken auch an die Auswirkungen, die unsere Aktivit\u00e4ten auf die Umwelt und die Gesellschaft haben k\u00f6nnen.<br>Unser Ziel ist es, nachhaltige, verantwortungsbewusste und innovative Beleuchtungsl\u00f6sungen anzubieten und gleichzeitig konkret etwas f\u00fcr eine respektvollere Zukunft zu tun.<\/p><h2><strong><u>Engagement f\u00fcr die Umwelt<\/u><\/strong><\/h2><p><strong>Reduzierung von Verpackungen: <\/strong>Karton ist ein weit verbreitetes Material, das f\u00fcr den sicheren Transport von Waren verwendet wird. Seine \u00fcberm\u00e4\u00dfige Verwendung f\u00fchrt jedoch zu einem erh\u00f6hten Druck auf die Waldressourcen. Bei SOS-Light arbeiten wir Hand in Hand mit unseren Lieferanten, um <strong>die Menge der verwendeten Verpackungen zu reduzieren<\/strong> oder nachhaltigere <strong>Alternativen zu finden<\/strong> und gleichzeitig den Schutz unserer Produkte zu gew\u00e4hrleisten.  <\/p><p><strong style=\"background-color: transparent;\"> <\/strong><\/p><p><strong style=\"background-color: transparent;\">Nachhaltige LED-Beleuchtung: <\/strong>Neue LED-Technologien verbrauchen bis zu <strong>80% weniger Energie<\/strong> als herk\u00f6mmliche Systeme.<br>Alle unsere Leuchten sind mit Hochleistungs-LED-Komponenten ausgestattet, die <strong>erhebliche Energieeinsparungen<\/strong> erm\u00f6glichen und gleichzeitig eine qualitativ hochwertige Beleuchtung garantieren. Weniger Energieverbrauch bedeutet weniger Druck auf die nat\u00fcrlichen Ressourcen. <\/p><p><strong style=\"background-color: transparent;\"> <\/strong><\/p><p><strong style=\"background-color: transparent;\">Recycelbare Materialien: <\/strong>Unsere Leuchten werden haupts\u00e4chlich aus <strong>nachhaltigen und recycelbaren Materialien<\/strong> wie Aluminium oder Polycarbonat hergestellt. Dies erm\u00f6glicht es uns, solide, \u00e4sthetische und umweltfreundliche Produkte anzubieten. <\/p><p><strong style=\"background-color: transparent;\"> <\/strong><\/p><p><strong style=\"background-color: transparent;\">Intelligente Systeme: <\/strong>Die Integration von <strong>Anwesenheits- oder Lichtsensoren<\/strong> in unsere Anlagen erm\u00f6glicht es, das Licht nur dann zu nutzen, wenn es ben\u00f6tigt wird. Diese intelligenten Systeme tragen aktiv zur <strong>Reduzierung des Energieverbrauchs<\/strong> in Gewerbe- und Wohngeb\u00e4uden bei. <\/p><h2><strong><u>Soziales und lokales Engagement<\/u><\/strong><\/h2><ul><li>Wir garantieren faire und respektvolle Arbeitsbedingungen f\u00fcr unser gesamtes Team.<\/li><li>Wir unterst\u00fctzen regelm\u00e4\u00dfig <strong>lokale Initiativen<\/strong> und <strong>Gemeinschaftsveranstaltungen<\/strong> in der Region Puidoux.<\/li><li>Wir f\u00f6rdern die Weiterbildung und die Entwicklung von F\u00e4higkeiten in unserem Unternehmen.<\/li><\/ul><div> <\/div><div> <\/div><h2><strong><u>Innovation im Dienste der Nachhaltigkeit<\/u><\/strong><\/h2><p>Innovation bei SOS-Light ist mehr als nur Technologie. Sie beruht auf nachhaltigen und verantwortungsvollen Entscheidungen: <\/p><ul><li>Entwicklung von <strong>modularen, robusten und wartungsfreundlichen<\/strong> Leuchten<\/li><li>Ma\u00dfgeschneiderte Projekte zur <strong>Vermeidung von Verschwendung<\/strong> und zur genauen Anpassung an die Bed\u00fcrfnisse.<\/li><li>Einhaltung strenger Standards in Bezug auf <strong>Sicherheit, Qualit\u00e4t und Energieeffizienz<\/strong><\/li><\/ul><div><b> <\/b><\/div><div><b> <\/b><\/div><h2><strong><u>Lokal verankert, global engagiert<\/u><\/strong><\/h2><p>SOS-Light mit Sitz in <strong>Puidoux<\/strong> engagiert sich jeden Tag daf\u00fcr, <strong>Leistung, Umweltverantwortung und positive soziale Auswirkungen<\/strong> miteinander in Einklang zu bringen.<br>Wir sind davon \u00fcberzeugt, dass eine gute Beleuchtung einen Raum ver\u00e4ndern kann &#8211; und dazu beitr\u00e4gt, unsere Art des Konsums und des Bauens nachhaltig zu ver\u00e4ndern.<\/p><p>Bei SOS-Light <strong>ist jedes installierte Licht eine Aktion f\u00fcr eine verantwortungsvollere Zukunft<\/strong>.<\/p>\t\t\t\t\t\t\t\t<\/div>\n\t\t\t\t<\/div>\n\t\t\t\t<div class=\"elementor-element elementor-element-49a1107 elementor-widget__width-initial elementor-widget elementor-widget-image\" data-id=\"49a1107\" data-element_type=\"widget\" data-e-type=\"widget\" data-widget_type=\"image.default\">\n\t\t\t\t<div class=\"elementor-widget-container\">\n\t\t\t\t\t\t\t\t\t\t\t\t\t\t\t<img fetchpriority=\"high\" decoding=\"async\" width=\"768\" height=\"432\" src=\"https:\/\/www.sos-light.ch\/wp-content\/uploads\/2025\/05\/SOS-Light-RSE-768x432.png\" class=\"attachment-medium_large size-medium_large wp-image-51767\" alt=\"\" srcset=\"https:\/\/www.sos-light.ch\/wp-content\/uploads\/2025\/05\/SOS-Light-RSE-768x432.png 768w, https:\/\/www.sos-light.ch\/wp-content\/uploads\/2025\/05\/SOS-Light-RSE-600x338.png 600w, https:\/\/www.sos-light.ch\/wp-content\/uploads\/2025\/05\/SOS-Light-RSE-64x36.png 64w, https:\/\/www.sos-light.ch\/wp-content\/uploads\/2025\/05\/SOS-Light-RSE-300x169.png 300w, https:\/\/www.sos-light.ch\/wp-content\/uploads\/2025\/05\/SOS-Light-RSE-1024x576.png 1024w, https:\/\/www.sos-light.ch\/wp-content\/uploads\/2025\/05\/SOS-Light-RSE-1536x864.png 1536w, https:\/\/www.sos-light.ch\/wp-content\/uploads\/2025\/05\/SOS-Light-RSE.png 2048w\" sizes=\"(max-width: 768px) 100vw, 768px\" \/>\t\t\t\t\t\t\t\t\t\t\t\t\t\t\t<\/div>\n\t\t\t\t<\/div>\n\t\t\t\t\t<\/div>\n\t\t<\/div>\n\t\t\t\t\t<\/div>\n\t\t<\/section>\n\t\t\t\t<\/div>\n\t\t","protected":false},"excerpt":{"rendered":"<p>Bei SOS-LightSOS-Lighting ist mehr als nur Sicherheit, Komfort und \u00c4sthetik. Wir denken auch an die Auswirkungen, die unsere Aktivit\u00e4ten auf die Umwelt und die Gesellschaft haben k\u00f6nnen.Unser Ziel ist es, nachhaltige, verantwortungsbewusste und innovative Beleuchtungsl\u00f6sungen anzubieten und gleichzeitig konkret etwas f\u00fcr eine respektvollere Zukunft zu tun. Engagement f\u00fcr die Umwelt Reduzierung von Verpackungen: Karton ist [&hellip;]<\/p>\n","protected":false},"author":3,"featured_media":0,"parent":0,"menu_order":0,"comment_status":"closed","ping_status":"closed","template":"","meta":{"_acf_changed":false,"_eb_attr":"","footnotes":""},"class_list":["post-51766","page","type-page","status-publish","hentry"],"acf":[],"yoast_head":"<!-- This site is optimized with the Yoast SEO plugin v27.4 - https:\/\/yoast.com\/product\/yoast-seo-wordpress\/ -->\n<title>Soziale Verantwortung der Unternehmen (CSR) bei SOS-Light - SOS-Light<\/title>\n<meta name=\"robots\" content=\"index, follow, max-snippet:-1, max-image-preview:large, max-video-preview:-1\" \/>\n<link rel=\"canonical\" href=\"https:\/\/www.sos-light.ch\/de\/soziale-verantwortung-der-unternehmen-csr-bei-sos-light\/\" \/>\n<meta property=\"og:locale\" content=\"de_DE\" \/>\n<meta property=\"og:type\" content=\"article\" \/>\n<meta property=\"og:title\" content=\"Soziale Verantwortung der Unternehmen (CSR) bei SOS-Light - SOS-Light\" \/>\n<meta property=\"og:description\" content=\"Bei SOS-LightSOS-Lighting ist mehr als nur Sicherheit, Komfort und \u00c4sthetik. Wir denken auch an die Auswirkungen, die unsere Aktivit\u00e4ten auf die Umwelt und die Gesellschaft haben k\u00f6nnen.Unser Ziel ist es, nachhaltige, verantwortungsbewusste und innovative Beleuchtungsl\u00f6sungen anzubieten und gleichzeitig konkret etwas f\u00fcr eine respektvollere Zukunft zu tun. Engagement f\u00fcr die Umwelt Reduzierung von Verpackungen: Karton ist [&hellip;]\" \/>\n<meta property=\"og:url\" content=\"https:\/\/www.sos-light.ch\/de\/soziale-verantwortung-der-unternehmen-csr-bei-sos-light\/\" \/>\n<meta property=\"og:site_name\" content=\"SOS-Light\" \/>\n<meta property=\"article:modified_time\" content=\"2026-04-16T11:48:04+00:00\" \/>\n<meta property=\"og:image\" content=\"https:\/\/www.sos-light.ch\/wp-content\/uploads\/2025\/05\/SOS-Light-RSE.png\" \/>\n\t<meta property=\"og:image:width\" content=\"2048\" \/>\n\t<meta property=\"og:image:height\" content=\"1152\" \/>\n\t<meta property=\"og:image:type\" content=\"image\/png\" \/>\n<meta name=\"twitter:card\" content=\"summary_large_image\" \/>\n<meta name=\"twitter:label1\" content=\"Gesch\u00e4tzte Lesezeit\" \/>\n\t<meta name=\"twitter:data1\" content=\"2\u00a0Minuten\" \/>\n<script type=\"application\/ld+json\" class=\"yoast-schema-graph\">{\"@context\":\"https:\\\/\\\/schema.org\",\"@graph\":[{\"@type\":\"WebPage\",\"@id\":\"https:\\\/\\\/www.sos-light.ch\\\/de\\\/soziale-verantwortung-der-unternehmen-csr-bei-sos-light\\\/\",\"url\":\"https:\\\/\\\/www.sos-light.ch\\\/de\\\/soziale-verantwortung-der-unternehmen-csr-bei-sos-light\\\/\",\"name\":\"Soziale Verantwortung der Unternehmen (CSR) bei SOS-Light - SOS-Light\",\"isPartOf\":{\"@id\":\"https:\\\/\\\/www.sos-light.ch\\\/de\\\/#website\"},\"primaryImageOfPage\":{\"@id\":\"https:\\\/\\\/www.sos-light.ch\\\/de\\\/soziale-verantwortung-der-unternehmen-csr-bei-sos-light\\\/#primaryimage\"},\"image\":{\"@id\":\"https:\\\/\\\/www.sos-light.ch\\\/de\\\/soziale-verantwortung-der-unternehmen-csr-bei-sos-light\\\/#primaryimage\"},\"thumbnailUrl\":\"https:\\\/\\\/www.sos-light.ch\\\/wp-content\\\/uploads\\\/2025\\\/05\\\/SOS-Light-RSE-768x432.png\",\"datePublished\":\"2025-05-07T09:14:48+00:00\",\"dateModified\":\"2026-04-16T11:48:04+00:00\",\"breadcrumb\":{\"@id\":\"https:\\\/\\\/www.sos-light.ch\\\/de\\\/soziale-verantwortung-der-unternehmen-csr-bei-sos-light\\\/#breadcrumb\"},\"inLanguage\":\"de\",\"potentialAction\":[{\"@type\":\"ReadAction\",\"target\":[\"https:\\\/\\\/www.sos-light.ch\\\/de\\\/soziale-verantwortung-der-unternehmen-csr-bei-sos-light\\\/\"]}]},{\"@type\":\"ImageObject\",\"inLanguage\":\"de\",\"@id\":\"https:\\\/\\\/www.sos-light.ch\\\/de\\\/soziale-verantwortung-der-unternehmen-csr-bei-sos-light\\\/#primaryimage\",\"url\":\"https:\\\/\\\/www.sos-light.ch\\\/wp-content\\\/uploads\\\/2025\\\/05\\\/SOS-Light-RSE-768x432.png\",\"contentUrl\":\"https:\\\/\\\/www.sos-light.ch\\\/wp-content\\\/uploads\\\/2025\\\/05\\\/SOS-Light-RSE-768x432.png\"},{\"@type\":\"BreadcrumbList\",\"@id\":\"https:\\\/\\\/www.sos-light.ch\\\/de\\\/soziale-verantwortung-der-unternehmen-csr-bei-sos-light\\\/#breadcrumb\",\"itemListElement\":[{\"@type\":\"ListItem\",\"position\":1,\"name\":\"Accueil\",\"item\":\"https:\\\/\\\/www.sos-light.ch\\\/de\\\/\"},{\"@type\":\"ListItem\",\"position\":2,\"name\":\"Soziale Verantwortung der Unternehmen (CSR) bei SOS-Light\"}]},{\"@type\":\"WebSite\",\"@id\":\"https:\\\/\\\/www.sos-light.ch\\\/de\\\/#website\",\"url\":\"https:\\\/\\\/www.sos-light.ch\\\/de\\\/\",\"name\":\"SOS-Light\",\"description\":\"Solutions d\u2019\u00e9clairages standard et de secours\",\"publisher\":{\"@id\":\"https:\\\/\\\/www.sos-light.ch\\\/de\\\/#organization\"},\"potentialAction\":[{\"@type\":\"SearchAction\",\"target\":{\"@type\":\"EntryPoint\",\"urlTemplate\":\"https:\\\/\\\/www.sos-light.ch\\\/de\\\/?s={search_term_string}\"},\"query-input\":{\"@type\":\"PropertyValueSpecification\",\"valueRequired\":true,\"valueName\":\"search_term_string\"}}],\"inLanguage\":\"de\"},{\"@type\":\"Organization\",\"@id\":\"https:\\\/\\\/www.sos-light.ch\\\/de\\\/#organization\",\"name\":\"SOS-Light\",\"url\":\"https:\\\/\\\/www.sos-light.ch\\\/de\\\/\",\"logo\":{\"@type\":\"ImageObject\",\"inLanguage\":\"de\",\"@id\":\"https:\\\/\\\/www.sos-light.ch\\\/de\\\/#\\\/schema\\\/logo\\\/image\\\/\",\"url\":\"https:\\\/\\\/www.sos-light.ch\\\/wp-content\\\/uploads\\\/2023\\\/04\\\/cropped-logo-woocommerce.png\",\"contentUrl\":\"https:\\\/\\\/www.sos-light.ch\\\/wp-content\\\/uploads\\\/2023\\\/04\\\/cropped-logo-woocommerce.png\",\"width\":150,\"height\":98,\"caption\":\"SOS-Light\"},\"image\":{\"@id\":\"https:\\\/\\\/www.sos-light.ch\\\/de\\\/#\\\/schema\\\/logo\\\/image\\\/\"}}]}<\/script>\n<!-- \/ Yoast SEO plugin. -->","yoast_head_json":{"title":"Soziale Verantwortung der Unternehmen (CSR) bei SOS-Light - SOS-Light","robots":{"index":"index","follow":"follow","max-snippet":"max-snippet:-1","max-image-preview":"max-image-preview:large","max-video-preview":"max-video-preview:-1"},"canonical":"https:\/\/www.sos-light.ch\/de\/soziale-verantwortung-der-unternehmen-csr-bei-sos-light\/","og_locale":"de_DE","og_type":"article","og_title":"Soziale Verantwortung der Unternehmen (CSR) bei SOS-Light - SOS-Light","og_description":"Bei SOS-LightSOS-Lighting ist mehr als nur Sicherheit, Komfort und \u00c4sthetik. Wir denken auch an die Auswirkungen, die unsere Aktivit\u00e4ten auf die Umwelt und die Gesellschaft haben k\u00f6nnen.Unser Ziel ist es, nachhaltige, verantwortungsbewusste und innovative Beleuchtungsl\u00f6sungen anzubieten und gleichzeitig konkret etwas f\u00fcr eine respektvollere Zukunft zu tun. Engagement f\u00fcr die Umwelt Reduzierung von Verpackungen: Karton ist [&hellip;]","og_url":"https:\/\/www.sos-light.ch\/de\/soziale-verantwortung-der-unternehmen-csr-bei-sos-light\/","og_site_name":"SOS-Light","article_modified_time":"2026-04-16T11:48:04+00:00","og_image":[{"width":2048,"height":1152,"url":"https:\/\/www.sos-light.ch\/wp-content\/uploads\/2025\/05\/SOS-Light-RSE.png","type":"image\/png"}],"twitter_card":"summary_large_image","twitter_misc":{"Gesch\u00e4tzte Lesezeit":"2\u00a0Minuten"},"schema":{"@context":"https:\/\/schema.org","@graph":[{"@type":"WebPage","@id":"https:\/\/www.sos-light.ch\/de\/soziale-verantwortung-der-unternehmen-csr-bei-sos-light\/","url":"https:\/\/www.sos-light.ch\/de\/soziale-verantwortung-der-unternehmen-csr-bei-sos-light\/","name":"Soziale Verantwortung der Unternehmen (CSR) bei SOS-Light - SOS-Light","isPartOf":{"@id":"https:\/\/www.sos-light.ch\/de\/#website"},"primaryImageOfPage":{"@id":"https:\/\/www.sos-light.ch\/de\/soziale-verantwortung-der-unternehmen-csr-bei-sos-light\/#primaryimage"},"image":{"@id":"https:\/\/www.sos-light.ch\/de\/soziale-verantwortung-der-unternehmen-csr-bei-sos-light\/#primaryimage"},"thumbnailUrl":"https:\/\/www.sos-light.ch\/wp-content\/uploads\/2025\/05\/SOS-Light-RSE-768x432.png","datePublished":"2025-05-07T09:14:48+00:00","dateModified":"2026-04-16T11:48:04+00:00","breadcrumb":{"@id":"https:\/\/www.sos-light.ch\/de\/soziale-verantwortung-der-unternehmen-csr-bei-sos-light\/#breadcrumb"},"inLanguage":"de","potentialAction":[{"@type":"ReadAction","target":["https:\/\/www.sos-light.ch\/de\/soziale-verantwortung-der-unternehmen-csr-bei-sos-light\/"]}]},{"@type":"ImageObject","inLanguage":"de","@id":"https:\/\/www.sos-light.ch\/de\/soziale-verantwortung-der-unternehmen-csr-bei-sos-light\/#primaryimage","url":"https:\/\/www.sos-light.ch\/wp-content\/uploads\/2025\/05\/SOS-Light-RSE-768x432.png","contentUrl":"https:\/\/www.sos-light.ch\/wp-content\/uploads\/2025\/05\/SOS-Light-RSE-768x432.png"},{"@type":"BreadcrumbList","@id":"https:\/\/www.sos-light.ch\/de\/soziale-verantwortung-der-unternehmen-csr-bei-sos-light\/#breadcrumb","itemListElement":[{"@type":"ListItem","position":1,"name":"Accueil","item":"https:\/\/www.sos-light.ch\/de\/"},{"@type":"ListItem","position":2,"name":"Soziale Verantwortung der Unternehmen (CSR) bei SOS-Light"}]},{"@type":"WebSite","@id":"https:\/\/www.sos-light.ch\/de\/#website","url":"https:\/\/www.sos-light.ch\/de\/","name":"SOS-Light","description":"Solutions d\u2019\u00e9clairages standard et de secours","publisher":{"@id":"https:\/\/www.sos-light.ch\/de\/#organization"},"potentialAction":[{"@type":"SearchAction","target":{"@type":"EntryPoint","urlTemplate":"https:\/\/www.sos-light.ch\/de\/?s={search_term_string}"},"query-input":{"@type":"PropertyValueSpecification","valueRequired":true,"valueName":"search_term_string"}}],"inLanguage":"de"},{"@type":"Organization","@id":"https:\/\/www.sos-light.ch\/de\/#organization","name":"SOS-Light","url":"https:\/\/www.sos-light.ch\/de\/","logo":{"@type":"ImageObject","inLanguage":"de","@id":"https:\/\/www.sos-light.ch\/de\/#\/schema\/logo\/image\/","url":"https:\/\/www.sos-light.ch\/wp-content\/uploads\/2023\/04\/cropped-logo-woocommerce.png","contentUrl":"https:\/\/www.sos-light.ch\/wp-content\/uploads\/2023\/04\/cropped-logo-woocommerce.png","width":150,"height":98,"caption":"SOS-Light"},"image":{"@id":"https:\/\/www.sos-light.ch\/de\/#\/schema\/logo\/image\/"}}]}},"_links":{"self":[{"href":"https:\/\/www.sos-light.ch\/de\/wp-json\/wp\/v2\/pages\/51766","targetHints":{"allow":["GET"]}}],"collection":[{"href":"https:\/\/www.sos-light.ch\/de\/wp-json\/wp\/v2\/pages"}],"about":[{"href":"https:\/\/www.sos-light.ch\/de\/wp-json\/wp\/v2\/types\/page"}],"author":[{"embeddable":true,"href":"https:\/\/www.sos-light.ch\/de\/wp-json\/wp\/v2\/users\/3"}],"replies":[{"embeddable":true,"href":"https:\/\/www.sos-light.ch\/de\/wp-json\/wp\/v2\/comments?post=51766"}],"version-history":[{"count":1,"href":"https:\/\/www.sos-light.ch\/de\/wp-json\/wp\/v2\/pages\/51766\/revisions"}],"predecessor-version":[{"id":51768,"href":"https:\/\/www.sos-light.ch\/de\/wp-json\/wp\/v2\/pages\/51766\/revisions\/51768"}],"wp:attachment":[{"href":"https:\/\/www.sos-light.ch\/de\/wp-json\/wp\/v2\/media?parent=51766"}],"curies":[{"name":"wp","href":"https:\/\/api.w.org\/{rel}","templated":true}]}}